{"id":15357,"date":"2025-10-12T06:40:05","date_gmt":"2025-10-12T04:40:05","guid":{"rendered":"https:\/\/sym-naval.com\/locations\/"},"modified":"2025-12-17T14:04:40","modified_gmt":"2025-12-17T13:04:40","slug":"localizaciones","status":"publish","type":"page","link":"https:\/\/sym-naval.com\/es\/localizaciones\/","title":{"rendered":"Astilleros y ubicaciones globales"},"content":{"rendered":"\t\t<div data-elementor-type=\"wp-page\" data-elementor-id=\"15357\" class=\"elementor elementor-15357 elementor-15030\" data-elementor-post-type=\"page\">\n\t\t\t\t<div class=\"elementor-element elementor-element-153b130 e-flex e-con-boxed e-con e-parent\" data-id=\"153b130\" data-element_type=\"container\" data-settings=\"{&quot;background_background&quot;:&quot;classic&quot;}\">\n\t\t\t\t\t<div class=\"e-con-inner\">\n\t\t\t\t<div class=\"elementor-element elementor-element-4abf316 elementor-widget__width-initial elementor-widget-mobile__width-inherit elementor-widget elementor-widget-heading\" data-id=\"4abf316\" data-element_type=\"widget\" data-widget_type=\"heading.default\">\n\t\t\t\t\t<h1 class=\"elementor-heading-title elementor-size-default\">Astilleros y bases operativas<\/h1>\t\t\t\t<\/div>\n\t\t\t\t<div class=\"elementor-element elementor-element-7e9e9a4 elementor-absolute decoration-type-1 elementor-invisible elementor-widget elementor-widget-industrium_decoration\" data-id=\"7e9e9a4\" data-element_type=\"widget\" data-settings=\"{&quot;_position&quot;:&quot;absolute&quot;,&quot;_animation&quot;:&quot;industrium_decoration&quot;,&quot;_animation_delay&quot;:300}\" data-widget_type=\"industrium_decoration.default\">\n\t\t\t\t<div class=\"elementor-widget-container\">\n\t\t\t\t\t        <div class=\"decoration-widget\">\n            <div class=\"decoration-container\">\n                <div class=\"industrium-decoration\">\n                    <div><\/div><div><\/div><div><\/div>\n                <\/div>\n            <\/div>\n        <\/div>\n        \t\t\t\t<\/div>\n\t\t\t\t<\/div>\n\t\t\t\t\t<\/div>\n\t\t\t\t<\/div>\n\t\t<div class=\"elementor-element elementor-element-0212b7b e-flex e-con-boxed e-con e-parent\" data-id=\"0212b7b\" data-element_type=\"container\">\n\t\t\t\t\t<div class=\"e-con-inner\">\n\t\t<div class=\"elementor-element elementor-element-2e2b031 e-con-full e-flex e-con e-child\" data-id=\"2e2b031\" data-element_type=\"container\">\n\t\t\t\t<div class=\"elementor-element elementor-element-1ec6886 elementor-widget elementor-widget-industrium_heading\" data-id=\"1ec6886\" data-element_type=\"widget\" data-widget_type=\"industrium_heading.default\">\n\t\t\t\t<div class=\"elementor-widget-container\">\n\t\t\t\t\t<div class=\"industrium-heading-widget\"><h2 class=\"industrium-heading\"><span class=\"industrium-subheading\">Nuestras localizaciones <\/span><span class=\"industrium-heading-content\">Construcci\u00f3n y reparaci\u00f3n naval en regiones clave\u00a0<\/span><\/h2><\/div>\t\t\t\t<\/div>\n\t\t\t\t<\/div>\n\t\t\t\t<div class=\"elementor-element elementor-element-87f7eb6 elementor-widget elementor-widget-industrium_button\" data-id=\"87f7eb6\" data-element_type=\"widget\" data-widget_type=\"industrium_button.default\">\n\t\t\t\t<div class=\"elementor-widget-container\">\n\t\t\t\t\t\n        <div class=\"button-widget\">\n            <div class=\"button-container\">\n                <a href=\"https:\/\/sym-naval.com\/contact\/\" class=\"industrium-button button-type-1\">\n                    HABLAR CON UN ESPECIALISTA<svg viewBox=\"0 0 13 20\"><polyline points=\"0.5 19.5 3 19.5 12.5 10 3 0.5\"><\/polyline><\/svg>                    \n                <\/a>\n            <\/div>\n        <\/div>\n        \t\t\t\t<\/div>\n\t\t\t\t<\/div>\n\t\t\t\t<\/div>\n\t\t<div class=\"elementor-element elementor-element-fe0a2cc e-con-full e-flex e-con e-child\" data-id=\"fe0a2cc\" data-element_type=\"container\">\n\t\t\t\t<div class=\"elementor-element elementor-element-a9291da elementor-widget elementor-widget-text-editor\" data-id=\"a9291da\" data-element_type=\"widget\" data-widget_type=\"text-editor.default\">\n\t\t\t\t\t\t\t\t\t<p class=\"p1\"><strong>SYM Naval ofrece construcci\u00f3n naval, reparaci\u00f3n de buques y asistencia t\u00e9cnica all\u00ed donde los armadores m\u00e1s lo necesitan.<\/strong><\/p><p class=\"p1\">Con astilleros modernos en Espa\u00f1a y Rep\u00fablica Dominicana, y un equipo permanente especializado en reparaciones a flote en el Canal de Panam\u00e1, proporcionamos soluciones de alta calidad que mantienen los buques seguros, conformes a normativa y plenamente operativos en todo el mundo.<\/p>\t\t\t\t\t\t\t\t<\/div>\n\t\t\t\t<\/div>\n\t\t\t\t\t<\/div>\n\t\t\t\t<\/div>\n\t\t<div class=\"elementor-element elementor-element-3372944 e-grid e-con-boxed e-con e-child\" data-id=\"3372944\" data-element_type=\"container\">\n\t\t\t\t\t<div class=\"e-con-inner\">\n\t\t\t\t<div class=\"elementor-element elementor-element-737dfbf elementor-position-top elementor-widget elementor-widget-image-box\" data-id=\"737dfbf\" data-element_type=\"widget\" data-widget_type=\"image-box.default\">\n\t\t\t\t\t<div class=\"elementor-image-box-wrapper\"><figure class=\"elementor-image-box-img\"><a href=\"https:\/\/sym-naval.com\/es\/localizaciones\/astillero-espana\/\" tabindex=\"-1\"><img fetchpriority=\"high\" decoding=\"async\" width=\"1024\" height=\"462\" src=\"https:\/\/sym-naval.com\/wp-content\/uploads\/SYM-Naval-Ship-repair6.jpeg\" class=\"attachment-full size-full wp-image-16299\" alt=\"\" srcset=\"https:\/\/sym-naval.com\/wp-content\/uploads\/SYM-Naval-Ship-repair6.jpeg 1024w, https:\/\/sym-naval.com\/wp-content\/uploads\/SYM-Naval-Ship-repair6-768x347.jpeg 768w\" sizes=\"(max-width: 1024px) 100vw, 1024px\" \/><\/a><\/figure><div class=\"elementor-image-box-content\"><h3 class=\"elementor-image-box-title\"><a href=\"https:\/\/sym-naval.com\/es\/localizaciones\/astillero-espana\/\">Regi\u00f3n del Mediterr\u00e1neo<\/a><\/h3><p class=\"elementor-image-box-description\">Nuestra base cerca de Barcelona da soporte a reparaciones y conversiones en el sur de Europa y en todo el Mediterr\u00e1neo, ofreciendo asistencia directa a buques mercantes y cruceros.\n<\/p><\/div><\/div>\t\t\t\t<\/div>\n\t\t\t\t<div class=\"elementor-element elementor-element-7f95707 elementor-position-top elementor-widget elementor-widget-image-box\" data-id=\"7f95707\" data-element_type=\"widget\" data-widget_type=\"image-box.default\">\n\t\t\t\t\t<div class=\"elementor-image-box-wrapper\"><figure class=\"elementor-image-box-img\"><a href=\"https:\/\/sym-naval.com\/es\/localizaciones\/instalaciones-caribe\/\" tabindex=\"-1\"><img decoding=\"async\" width=\"2560\" height=\"1920\" src=\"https:\/\/sym-naval.com\/wp-content\/uploads\/SYM-Naval-Ship-repair12.jpg\" class=\"attachment-full size-full wp-image-16318\" alt=\"\" srcset=\"https:\/\/sym-naval.com\/wp-content\/uploads\/SYM-Naval-Ship-repair12.jpg 2560w, https:\/\/sym-naval.com\/wp-content\/uploads\/SYM-Naval-Ship-repair12-768x576.jpg 768w, https:\/\/sym-naval.com\/wp-content\/uploads\/SYM-Naval-Ship-repair12-1536x1152.jpg 1536w, https:\/\/sym-naval.com\/wp-content\/uploads\/SYM-Naval-Ship-repair12-2048x1536.jpg 2048w\" sizes=\"(max-width: 2560px) 100vw, 2560px\" \/><\/a><\/figure><div class=\"elementor-image-box-content\"><h3 class=\"elementor-image-box-title\"><a href=\"https:\/\/sym-naval.com\/es\/localizaciones\/instalaciones-caribe\/\">Regi\u00f3n del Caribe<\/a><\/h3><p class=\"elementor-image-box-description\">Desde Rep\u00fablica Dominicana realizamos reparaciones r\u00e1pidas y mantenimiento para buques que operan en el Caribe y Centroam\u00e9rica, garantizando fiabilidad a lo largo de las rutas comerciales de la regi\u00f3n.\n<\/p><\/div><\/div>\t\t\t\t<\/div>\n\t\t\t\t<div class=\"elementor-element elementor-element-6fb0a6c elementor-position-top elementor-widget elementor-widget-image-box\" data-id=\"6fb0a6c\" data-element_type=\"widget\" data-widget_type=\"image-box.default\">\n\t\t\t\t\t<div class=\"elementor-image-box-wrapper\"><figure class=\"elementor-image-box-img\"><a href=\"https:\/\/sym-naval.com\/es\/localizaciones\/reparacion-naval-panama\/\" tabindex=\"-1\"><img decoding=\"async\" width=\"790\" height=\"444\" src=\"https:\/\/sym-naval.com\/wp-content\/uploads\/SYM-Naval-Ship-repair8.jpeg\" class=\"attachment-full size-full wp-image-16303\" alt=\"\" srcset=\"https:\/\/sym-naval.com\/wp-content\/uploads\/SYM-Naval-Ship-repair8.jpeg 790w, https:\/\/sym-naval.com\/wp-content\/uploads\/SYM-Naval-Ship-repair8-768x432.jpeg 768w\" sizes=\"(max-width: 790px) 100vw, 790px\" \/><\/a><\/figure><div class=\"elementor-image-box-content\"><h3 class=\"elementor-image-box-title\"><a href=\"https:\/\/sym-naval.com\/es\/localizaciones\/reparacion-naval-panama\/\">Canal de Panam\u00e1<\/a><\/h3><p class=\"elementor-image-box-description\">Nuestra base en Panam\u00e1 ofrece asistencia especializada a flote para buques en tr\u00e1nsito por el Canal de Panam\u00e1, uno de los corredores mar\u00edtimos m\u00e1s estrat\u00e9gicos y con mayor tr\u00e1fico del mundo.\n<\/p><\/div><\/div>\t\t\t\t<\/div>\n\t\t\t\t\t<\/div>\n\t\t\t\t<\/div>\n\t\t<div class=\"elementor-element elementor-element-c5e9a7a e-flex e-con-boxed e-con e-parent\" data-id=\"c5e9a7a\" data-element_type=\"container\">\n\t\t\t\t\t<div class=\"e-con-inner\">\n\t\t\t\t<div class=\"elementor-element elementor-element-70875d1 elementor-widget__width-initial elementor-widget elementor-widget-industrium_heading\" data-id=\"70875d1\" data-element_type=\"widget\" data-widget_type=\"industrium_heading.default\">\n\t\t\t\t<div class=\"elementor-widget-container\">\n\t\t\t\t\t<div class=\"industrium-heading-widget\"><h2 class=\"industrium-heading\"><span class=\"industrium-subheading\">Descubre todo lo que SYM Naval puede ofrecer <\/span><span class=\"industrium-heading-content\">Descarga nuestro cat\u00e1logo corporativo para conocer todas las capacidades y servicios<\/span><\/h2><\/div>\t\t\t\t<\/div>\n\t\t\t\t<\/div>\n\t\t\t\t<div class=\"elementor-element elementor-element-cf345af elementor-widget elementor-widget-industrium_button\" data-id=\"cf345af\" data-element_type=\"widget\" data-widget_type=\"industrium_button.default\">\n\t\t\t\t<div class=\"elementor-widget-container\">\n\t\t\t\t\t\n        <div class=\"button-widget\">\n            <div class=\"button-container\">\n                <a href=\"https:\/\/sym-naval.com\/assets\/DGTL-CORPORATIVO-ES.pdf\" target=\"_blank\" class=\"industrium-button button-type-2\">\n                    <span class=\"industrium-button-text\">Descargar<\/span>                    \n                <\/a>\n            <\/div>\n        <\/div>\n        \t\t\t\t<\/div>\n\t\t\t\t<\/div>\n\t\t\t\t\t<\/div>\n\t\t\t\t<\/div>\n\t\t\t\t<\/div>\n\t\t","protected":false},"excerpt":{"rendered":"<p>SYM Naval opera astilleros estrat\u00e9gicos en Espa\u00f1a y Rep\u00fablica Dominicana, adem\u00e1s de una base en el Canal de Panam\u00e1, ofreciendo servicios de reparaci\u00f3n y construcci\u00f3n naval a nivel mundial.<\/p>\n","protected":false},"author":1,"featured_media":13939,"parent":0,"menu_order":0,"comment_status":"closed","ping_status":"closed","template":"","meta":{"footnotes":""},"class_list":["post-15357","page","type-page","status-publish","has-post-thumbnail","hentry"],"_links":{"self":[{"href":"https:\/\/sym-naval.com\/es\/wp-json\/wp\/v2\/pages\/15357","targetHints":{"allow":["GET"]}}],"collection":[{"href":"https:\/\/sym-naval.com\/es\/wp-json\/wp\/v2\/pages"}],"about":[{"href":"https:\/\/sym-naval.com\/es\/wp-json\/wp\/v2\/types\/page"}],"author":[{"embeddable":true,"href":"https:\/\/sym-naval.com\/es\/wp-json\/wp\/v2\/users\/1"}],"replies":[{"embeddable":true,"href":"https:\/\/sym-naval.com\/es\/wp-json\/wp\/v2\/comments?post=15357"}],"version-history":[{"count":13,"href":"https:\/\/sym-naval.com\/es\/wp-json\/wp\/v2\/pages\/15357\/revisions"}],"predecessor-version":[{"id":18169,"href":"https:\/\/sym-naval.com\/es\/wp-json\/wp\/v2\/pages\/15357\/revisions\/18169"}],"wp:featuredmedia":[{"embeddable":true,"href":"https:\/\/sym-naval.com\/es\/wp-json\/wp\/v2\/media\/13939"}],"wp:attachment":[{"href":"https:\/\/sym-naval.com\/es\/wp-json\/wp\/v2\/media?parent=15357"}],"curies":[{"name":"wp","href":"https:\/\/api.w.org\/{rel}","templated":true}]}}