{"id":18491,"date":"2025-12-31T07:02:16","date_gmt":"2025-12-31T06:02:16","guid":{"rendered":"https:\/\/sym-naval.com\/?page_id=18491"},"modified":"2025-12-31T07:37:16","modified_gmt":"2025-12-31T06:37:16","slug":"pruebas-de-carga-con-bolsas-de-agua","status":"publish","type":"page","link":"https:\/\/sym-naval.com\/es\/reparacion-naval\/pruebas-de-carga-con-bolsas-de-agua\/","title":{"rendered":"Pruebas de carga para gr\u00faas con bolsas de agua"},"content":{"rendered":"\t\t<div data-elementor-type=\"wp-page\" data-elementor-id=\"18491\" class=\"elementor elementor-18491 elementor-18489\" data-elementor-post-type=\"page\">\n\t\t\t\t<div class=\"elementor-element elementor-element-b0483b3 e-flex e-con-boxed e-con e-parent\" data-id=\"b0483b3\" data-element_type=\"container\" data-settings=\"{&quot;background_background&quot;:&quot;classic&quot;}\">\n\t\t\t\t\t<div class=\"e-con-inner\">\n\t\t\t\t<div class=\"elementor-element elementor-element-fb2fd69 elementor-widget__width-initial elementor-widget-mobile__width-inherit elementor-widget elementor-widget-heading\" data-id=\"fb2fd69\" data-element_type=\"widget\" data-widget_type=\"heading.default\">\n\t\t\t\t\t<h1 class=\"elementor-heading-title elementor-size-default\">Pruebas de carga para gr\u00faas<\/h1>\t\t\t\t<\/div>\n\t\t\t\t<div class=\"elementor-element elementor-element-8958c58 elementor-absolute decoration-type-1 elementor-invisible elementor-widget elementor-widget-industrium_decoration\" data-id=\"8958c58\" data-element_type=\"widget\" data-settings=\"{&quot;_position&quot;:&quot;absolute&quot;,&quot;_animation&quot;:&quot;industrium_decoration&quot;,&quot;_animation_delay&quot;:300}\" data-widget_type=\"industrium_decoration.default\">\n\t\t\t\t<div class=\"elementor-widget-container\">\n\t\t\t\t\t        <div class=\"decoration-widget\">\n            <div class=\"decoration-container\">\n                <div class=\"industrium-decoration\">\n                    <div><\/div><div><\/div><div><\/div>\n                <\/div>\n            <\/div>\n        <\/div>\n        \t\t\t\t<\/div>\n\t\t\t\t<\/div>\n\t\t\t\t\t<\/div>\n\t\t\t\t<\/div>\n\t\t<div class=\"elementor-element elementor-element-6d905f2 e-flex e-con-boxed e-con e-parent\" data-id=\"6d905f2\" data-element_type=\"container\">\n\t\t\t\t\t<div class=\"e-con-inner\">\n\t\t<div class=\"elementor-element elementor-element-e417adf e-con-full e-flex e-con e-child\" data-id=\"e417adf\" data-element_type=\"container\">\n\t\t\t\t<div class=\"elementor-element elementor-element-476d919 elementor-widget elementor-widget-industrium_heading\" data-id=\"476d919\" data-element_type=\"widget\" data-widget_type=\"industrium_heading.default\">\n\t\t\t\t<div class=\"elementor-widget-container\">\n\t\t\t\t\t<div class=\"industrium-heading-widget\"><h2 class=\"industrium-heading\"><span class=\"industrium-subheading\">Validaci\u00f3n y seguridad en elevaci\u00f3n<\/span><span class=\"industrium-heading-content\">Pruebas de carga para gr\u00faas con m\u00e9todo seguro y controlado<\/span><\/h2><\/div>\t\t\t\t<\/div>\n\t\t\t\t<\/div>\n\t\t\t\t<div class=\"elementor-element elementor-element-c52e0ac elementor-widget elementor-widget-industrium_button\" data-id=\"c52e0ac\" data-element_type=\"widget\" data-widget_type=\"industrium_button.default\">\n\t\t\t\t<div class=\"elementor-widget-container\">\n\t\t\t\t\t\n        <div class=\"button-widget\">\n            <div class=\"button-container\">\n                <a href=\"https:\/\/sym-naval.com\/assets\/triptico-waterbags.pdf\" target=\"_blank\" class=\"industrium-button button-type-1\">\n                    DESCUBRA NUESTRAS CAPACIDADES<svg viewBox=\"0 0 13 20\"><polyline points=\"0.5 19.5 3 19.5 12.5 10 3 0.5\"><\/polyline><\/svg>                    \n                <\/a>\n            <\/div>\n        <\/div>\n        \t\t\t\t<\/div>\n\t\t\t\t<\/div>\n\t\t\t\t<\/div>\n\t\t<div class=\"elementor-element elementor-element-6f768bd e-con-full e-flex e-con e-child\" data-id=\"6f768bd\" data-element_type=\"container\">\n\t\t\t\t<div class=\"elementor-element elementor-element-60bbfb9 elementor-widget elementor-widget-text-editor\" data-id=\"60bbfb9\" data-element_type=\"widget\" data-widget_type=\"text-editor.default\">\n\t\t\t\t\t\t\t\t\t<p class=\"p1\"><strong>En SYM Naval realizamos <span class=\"s1\">pruebas de carga<\/span> para verificar y validar la capacidad real de elevaci\u00f3n en todo tipo de gr\u00faas. Utilizamos <span class=\"s1\">bolsas de agua<\/span> como m\u00e9todo de carga progresiva, lo que permite ejecutar el ensayo con control, estabilidad y un enfoque pr\u00e1ctico en campo.<\/strong><\/p><p class=\"p1\">Disponemos de <span class=\"s1\">bolsas de agua hasta 110 toneladas<\/span> y medici\u00f3n con <span class=\"s1\">dinam\u00f3metros certificados hasta 150 toneladas<\/span>, adaptando la prueba al peso requerido y al entorno operativo. El resultado: una soluci\u00f3n <span class=\"s1\">fiable, r\u00e1pida y m\u00e1s econ\u00f3mica<\/span> que los m\u00e9todos tradicionales, sin comprometer la seguridad.<\/p>\t\t\t\t\t\t\t\t<\/div>\n\t\t\t\t<\/div>\n\t\t\t\t\t<\/div>\n\t\t\t\t<\/div>\n\t\t<div class=\"elementor-element elementor-element-08e6d66 e-grid e-con-boxed e-con e-parent\" data-id=\"08e6d66\" data-element_type=\"container\">\n\t\t\t\t\t<div class=\"e-con-inner\">\n\t\t\t\t<div class=\"elementor-element elementor-element-d35cc10 elementor-view-default elementor-position-top elementor-mobile-position-top elementor-widget elementor-widget-icon-box\" data-id=\"d35cc10\" data-element_type=\"widget\" data-widget_type=\"icon-box.default\">\n\t\t\t\t\t\t\t<div class=\"elementor-icon-box-wrapper\">\n\n\t\t\t\t\t\t<div class=\"elementor-icon-box-icon\">\n\t\t\t\t<a href=\"https:\/\/sym-naval.com\/ship-repair-conversion\/dry-docking\/\" class=\"elementor-icon\" tabindex=\"-1\" aria-label=\"Capacidad\">\n\t\t\t\t<svg xmlns=\"http:\/\/www.w3.org\/2000\/svg\" viewBox=\"0 0 256 256\"><rect width=\"256\" height=\"256\" fill=\"none\"><\/rect><line x1=\"24\" y1=\"168\" x2=\"128\" y2=\"168\" fill=\"none\" stroke=\"currentColor\" stroke-linecap=\"round\" stroke-linejoin=\"round\" stroke-width=\"12\"><\/line><path d=\"M24,200V96a8,8,0,0,1,8-8h72l24,80v32a8,8,0,0,1-8,8H32A8,8,0,0,1,24,200Z\" fill=\"none\" stroke=\"currentColor\" stroke-linecap=\"round\" stroke-linejoin=\"round\" stroke-width=\"12\"><\/path><line x1=\"56\" y1=\"88\" x2=\"56\" y2=\"168\" fill=\"none\" stroke=\"currentColor\" stroke-linecap=\"round\" stroke-linejoin=\"round\" stroke-width=\"12\"><\/line><path d=\"M104,88,224,24V160a8,8,0,0,1-8,8H200a8,8,0,0,1-8-8v-8\" fill=\"none\" stroke=\"currentColor\" stroke-linecap=\"round\" stroke-linejoin=\"round\" stroke-width=\"12\"><\/path><\/svg>\t\t\t\t<\/a>\n\t\t\t<\/div>\n\t\t\t\n\t\t\t\t\t\t<div class=\"elementor-icon-box-content\">\n\n\t\t\t\t\t\t\t\t\t<h3 class=\"elementor-icon-box-title\">\n\t\t\t\t\t\t<a href=\"https:\/\/sym-naval.com\/ship-repair-conversion\/dry-docking\/\" >\n\t\t\t\t\t\t\tCapacidad\t\t\t\t\t\t<\/a>\n\t\t\t\t\t<\/h3>\n\t\t\t\t\n\t\t\t\t\t\t\t\t\t<p class=\"elementor-icon-box-description\">\n\t\t\t\t\t\tBolsas de agua combinables para alcanzar hasta 110 t, con carga progresiva y controlada durante la prueba.\t\t\t\t\t<\/p>\n\t\t\t\t\n\t\t\t<\/div>\n\t\t\t\n\t\t<\/div>\n\t\t\t\t\t\t<\/div>\n\t\t\t\t<div class=\"elementor-element elementor-element-1ae6cf8 elementor-view-default elementor-position-top elementor-mobile-position-top elementor-widget elementor-widget-icon-box\" data-id=\"1ae6cf8\" data-element_type=\"widget\" data-widget_type=\"icon-box.default\">\n\t\t\t\t\t\t\t<div class=\"elementor-icon-box-wrapper\">\n\n\t\t\t\t\t\t<div class=\"elementor-icon-box-icon\">\n\t\t\t\t<a href=\"https:\/\/sym-naval.com\/ship-repair-conversion\/afloat-ship-repairs\/\" class=\"elementor-icon\" tabindex=\"-1\" aria-label=\"Medici\u00f3n\">\n\t\t\t\t<svg xmlns=\"http:\/\/www.w3.org\/2000\/svg\" viewBox=\"0 0 256 256\"><rect width=\"256\" height=\"256\" fill=\"none\"><\/rect><line x1=\"72\" y1=\"136\" x2=\"120\" y2=\"136\" fill=\"none\" stroke=\"currentColor\" stroke-linecap=\"round\" stroke-linejoin=\"round\" stroke-width=\"12\"><\/line><line x1=\"72\" y1=\"104\" x2=\"120\" y2=\"104\" fill=\"none\" stroke=\"currentColor\" stroke-linecap=\"round\" stroke-linejoin=\"round\" stroke-width=\"12\"><\/line><circle cx=\"196\" cy=\"124\" r=\"44\" fill=\"none\" stroke=\"currentColor\" stroke-linecap=\"round\" stroke-linejoin=\"round\" stroke-width=\"12\"><\/circle><path d=\"M168,192H40a8,8,0,0,1-8-8V56a8,8,0,0,1,8-8H216a8,8,0,0,1,8,8V90.06\" fill=\"none\" stroke=\"currentColor\" stroke-linecap=\"round\" stroke-linejoin=\"round\" stroke-width=\"12\"><\/path><polyline points=\"168 157.94 168 224 196 208 224 224 224 157.94\" fill=\"none\" stroke=\"currentColor\" stroke-linecap=\"round\" stroke-linejoin=\"round\" stroke-width=\"12\"><\/polyline><\/svg>\t\t\t\t<\/a>\n\t\t\t<\/div>\n\t\t\t\n\t\t\t\t\t\t<div class=\"elementor-icon-box-content\">\n\n\t\t\t\t\t\t\t\t\t<h3 class=\"elementor-icon-box-title\">\n\t\t\t\t\t\t<a href=\"https:\/\/sym-naval.com\/ship-repair-conversion\/afloat-ship-repairs\/\" >\n\t\t\t\t\t\t\tMedici\u00f3n\t\t\t\t\t\t<\/a>\n\t\t\t\t\t<\/h3>\n\t\t\t\t\n\t\t\t\t\t\t\t\t\t<p class=\"elementor-icon-box-description\">\n\t\t\t\t\t\tEnsayo con dinam\u00f3metros certificados hasta 150 t para medir la carga real con precisi\u00f3n.\t\t\t\t\t<\/p>\n\t\t\t\t\n\t\t\t<\/div>\n\t\t\t\n\t\t<\/div>\n\t\t\t\t\t\t<\/div>\n\t\t\t\t<div class=\"elementor-element elementor-element-8c47748 elementor-view-default elementor-position-top elementor-mobile-position-top elementor-widget elementor-widget-icon-box\" data-id=\"8c47748\" data-element_type=\"widget\" data-widget_type=\"icon-box.default\">\n\t\t\t\t\t\t\t<div class=\"elementor-icon-box-wrapper\">\n\n\t\t\t\t\t\t<div class=\"elementor-icon-box-icon\">\n\t\t\t\t<a href=\"https:\/\/sym-naval.com\/ship-repair-conversion\/in-navigation-repairs\/\" class=\"elementor-icon\" tabindex=\"-1\" aria-label=\"Aplicaci\u00f3n\">\n\t\t\t\t<svg xmlns=\"http:\/\/www.w3.org\/2000\/svg\" viewBox=\"0 0 256 256\"><rect width=\"256\" height=\"256\" fill=\"none\"><\/rect><line x1=\"24\" y1=\"216\" x2=\"128\" y2=\"216\" fill=\"none\" stroke=\"currentColor\" stroke-linecap=\"round\" stroke-linejoin=\"round\" stroke-width=\"12\"><\/line><line x1=\"24\" y1=\"88\" x2=\"240\" y2=\"88\" fill=\"none\" stroke=\"currentColor\" stroke-linecap=\"round\" stroke-linejoin=\"round\" stroke-width=\"12\"><\/line><line x1=\"48\" y1=\"152\" x2=\"104\" y2=\"152\" fill=\"none\" stroke=\"currentColor\" stroke-linecap=\"round\" stroke-linejoin=\"round\" stroke-width=\"12\"><\/line><path d=\"M216,88v96a8,8,0,0,1-8,8H192a8,8,0,0,1-8-8v-8\" fill=\"none\" stroke=\"currentColor\" stroke-linecap=\"round\" stroke-linejoin=\"round\" stroke-width=\"12\"><\/path><polyline points=\"48 216 48 40 80 40 104 88 104 216\" fill=\"none\" stroke=\"currentColor\" stroke-linecap=\"round\" stroke-linejoin=\"round\" stroke-width=\"12\"><\/polyline><\/svg>\t\t\t\t<\/a>\n\t\t\t<\/div>\n\t\t\t\n\t\t\t\t\t\t<div class=\"elementor-icon-box-content\">\n\n\t\t\t\t\t\t\t\t\t<h3 class=\"elementor-icon-box-title\">\n\t\t\t\t\t\t<a href=\"https:\/\/sym-naval.com\/ship-repair-conversion\/in-navigation-repairs\/\" >\n\t\t\t\t\t\t\tAplicaci\u00f3n\t\t\t\t\t\t<\/a>\n\t\t\t\t\t<\/h3>\n\t\t\t\t\n\t\t\t\t\t\t\t\t\t<p class=\"elementor-icon-box-description\">\n\t\t\t\t\t\tV\u00e1lido para gr\u00faas p\u00f3rtico, flotantes, torre, m\u00f3viles, puente y gr\u00faas de embarcaci\u00f3n.\t\t\t\t\t<\/p>\n\t\t\t\t\n\t\t\t<\/div>\n\t\t\t\n\t\t<\/div>\n\t\t\t\t\t\t<\/div>\n\t\t\t\t<div class=\"elementor-element elementor-element-5c39ab9 elementor-view-default elementor-position-top elementor-mobile-position-top elementor-widget elementor-widget-icon-box\" data-id=\"5c39ab9\" data-element_type=\"widget\" data-widget_type=\"icon-box.default\">\n\t\t\t\t\t\t\t<div class=\"elementor-icon-box-wrapper\">\n\n\t\t\t\t\t\t<div class=\"elementor-icon-box-icon\">\n\t\t\t\t<a href=\"https:\/\/sym-naval.com\/ship-repair-conversion\/ship-conversion\/\" class=\"elementor-icon\" tabindex=\"-1\" aria-label=\"Eficiencia\">\n\t\t\t\t<svg xmlns=\"http:\/\/www.w3.org\/2000\/svg\" viewBox=\"0 0 256 256\"><rect width=\"256\" height=\"256\" fill=\"none\"><\/rect><path d=\"M216,112V56a8,8,0,0,0-8-8H48a8,8,0,0,0-8,8v56c0,96,88,120,88,120S216,208,216,112Z\" fill=\"none\" stroke=\"currentColor\" stroke-linecap=\"round\" stroke-linejoin=\"round\" stroke-width=\"12\"><\/path><polyline points=\"88 136 112 160 168 104\" fill=\"none\" stroke=\"currentColor\" stroke-linecap=\"round\" stroke-linejoin=\"round\" stroke-width=\"12\"><\/polyline><\/svg>\t\t\t\t<\/a>\n\t\t\t<\/div>\n\t\t\t\n\t\t\t\t\t\t<div class=\"elementor-icon-box-content\">\n\n\t\t\t\t\t\t\t\t\t<h3 class=\"elementor-icon-box-title\">\n\t\t\t\t\t\t<a href=\"https:\/\/sym-naval.com\/ship-repair-conversion\/ship-conversion\/\" >\n\t\t\t\t\t\t\tEficiencia\t\t\t\t\t\t<\/a>\n\t\t\t\t\t<\/h3>\n\t\t\t\t\n\t\t\t\t\t\t\t\t\t<p class=\"elementor-icon-box-description\">\n\t\t\t\t\t\tM\u00e9todo seguro, r\u00e1pido y m\u00e1s econ\u00f3mico que alternativas tradicionales, especialmente en operaciones en campo.\t\t\t\t\t<\/p>\n\t\t\t\t\n\t\t\t<\/div>\n\t\t\t\n\t\t<\/div>\n\t\t\t\t\t\t<\/div>\n\t\t\t\t\t<\/div>\n\t\t\t\t<\/div>\n\t\t<div class=\"elementor-element elementor-element-a9b97c9 e-flex e-con-boxed e-con e-parent\" data-id=\"a9b97c9\" data-element_type=\"container\" data-settings=\"{&quot;background_background&quot;:&quot;classic&quot;}\">\n\t\t\t\t\t<div class=\"e-con-inner\">\n\t\t<div class=\"elementor-element elementor-element-8e09e93 e-con-full e-flex e-con e-child\" data-id=\"8e09e93\" data-element_type=\"container\">\n\t\t\t\t<div class=\"elementor-element elementor-element-5aac94f elementor-widget elementor-widget-industrium_heading\" data-id=\"5aac94f\" data-element_type=\"widget\" data-widget_type=\"industrium_heading.default\">\n\t\t\t\t<div class=\"elementor-widget-container\">\n\t\t\t\t\t<div class=\"industrium-heading-widget\"><h2 class=\"industrium-heading\"><span class=\"industrium-subheading\">Metodolog\u00eda<\/span><span class=\"industrium-heading-content\">Ensayo de carga con bolsas de agua<\/span><\/h2><\/div>\t\t\t\t<\/div>\n\t\t\t\t<\/div>\n\t\t\t\t<div class=\"elementor-element elementor-element-e76d606 elementor-widget elementor-widget-text-editor\" data-id=\"e76d606\" data-element_type=\"widget\" data-widget_type=\"text-editor.default\">\n\t\t\t\t\t\t\t\t\t<p class=\"p1\">Ejecutamos pruebas de carga mediante bolsas de agua, aplicando el esfuerzo de forma progresiva y controlada, con configuraci\u00f3n adaptada al peso objetivo y al tipo de equipo. El sistema permite una operativa eficiente en campo y se complementa, cuando procede, con medici\u00f3n mediante dinam\u00f3metros certificados, asegurando trazabilidad y fiabilidad en el resultado del ensayo.<\/p>\t\t\t\t\t\t\t\t<\/div>\n\t\t\t\t<div class=\"elementor-element elementor-element-aeaf722 elementor-widget elementor-widget-industrium_button\" data-id=\"aeaf722\" data-element_type=\"widget\" data-widget_type=\"industrium_button.default\">\n\t\t\t\t<div class=\"elementor-widget-container\">\n\t\t\t\t\t\n        <div class=\"button-widget\">\n            <div class=\"button-container\">\n                <a href=\"https:\/\/sym-naval.com\/contact\/\" class=\"industrium-button button-type-1\">\n                    CONT\u00c1CTENOS<svg viewBox=\"0 0 13 20\"><polyline points=\"0.5 19.5 3 19.5 12.5 10 3 0.5\"><\/polyline><\/svg>                    \n                <\/a>\n            <\/div>\n        <\/div>\n        \t\t\t\t<\/div>\n\t\t\t\t<\/div>\n\t\t\t\t<\/div>\n\t\t<div class=\"elementor-element elementor-element-918a55b e-con-full e-flex e-con e-child\" data-id=\"918a55b\" data-element_type=\"container\" data-settings=\"{&quot;background_background&quot;:&quot;classic&quot;}\">\n\t\t\t\t<\/div>\n\t\t\t\t<div class=\"elementor-element elementor-element-ce8081e elementor-absolute decoration-type-1 elementor-invisible elementor-widget elementor-widget-industrium_decoration\" data-id=\"ce8081e\" data-element_type=\"widget\" data-settings=\"{&quot;_position&quot;:&quot;absolute&quot;,&quot;_animation&quot;:&quot;industrium_decoration&quot;,&quot;_animation_delay&quot;:300}\" data-widget_type=\"industrium_decoration.default\">\n\t\t\t\t<div class=\"elementor-widget-container\">\n\t\t\t\t\t        <div class=\"decoration-widget\">\n            <div class=\"decoration-container\">\n                <div class=\"industrium-decoration\">\n                    <div><\/div><div><\/div><div><\/div>\n                <\/div>\n            <\/div>\n        <\/div>\n        \t\t\t\t<\/div>\n\t\t\t\t<\/div>\n\t\t\t\t\t<\/div>\n\t\t\t\t<\/div>\n\t\t<div class=\"elementor-element elementor-element-032aeb4 e-flex e-con-boxed e-con e-parent\" data-id=\"032aeb4\" data-element_type=\"container\">\n\t\t\t\t\t<div class=\"e-con-inner\">\n\t\t<div class=\"elementor-element elementor-element-d33adc6 e-con-full e-flex e-con e-child\" data-id=\"d33adc6\" data-element_type=\"container\" data-settings=\"{&quot;background_background&quot;:&quot;classic&quot;}\">\n\t\t\t\t<\/div>\n\t\t<div class=\"elementor-element elementor-element-7a7d53d e-con-full e-flex e-con e-child\" data-id=\"7a7d53d\" data-element_type=\"container\">\n\t\t\t\t<div class=\"elementor-element elementor-element-5b41b7e elementor-widget elementor-widget-industrium_heading\" data-id=\"5b41b7e\" data-element_type=\"widget\" data-widget_type=\"industrium_heading.default\">\n\t\t\t\t<div class=\"elementor-widget-container\">\n\t\t\t\t\t<div class=\"industrium-heading-widget\"><h2 class=\"industrium-heading\"><span class=\"industrium-subheading\">Alcance<\/span><span class=\"industrium-heading-content\">Aplicaci\u00f3n en gr\u00faas<\/span><\/h2><\/div>\t\t\t\t<\/div>\n\t\t\t\t<\/div>\n\t\t\t\t<div class=\"elementor-element elementor-element-bf04ef3 elementor-widget elementor-widget-text-editor\" data-id=\"bf04ef3\" data-element_type=\"widget\" data-widget_type=\"text-editor.default\">\n\t\t\t\t\t\t\t\t\t<p class=\"p1\">Realizamos pruebas de carga para <span class=\"s1\"><b>todo tipo de gr\u00faas<\/b><\/span>, ajustando el ensayo a la configuraci\u00f3n del equipo y al peso requerido. La soluci\u00f3n con bolsas de agua permite trabajar con una operativa \u00e1gil en campo y, cuando corresponde, completar el ensayo con <span class=\"s1\"><b>medici\u00f3n mediante dinam\u00f3metros certificados<\/b><\/span>, para registrar la carga aplicada con precisi\u00f3n y coherencia t\u00e9cnica.<span class=\"Apple-converted-space\">\u00a0 <\/span><span class=\"Apple-converted-space\">\u00a0 <\/span><\/p>\t\t\t\t\t\t\t\t<\/div>\n\t\t\t\t<div class=\"elementor-element elementor-element-68a3b51 elementor-icon-list--layout-traditional elementor-list-item-link-full_width elementor-widget elementor-widget-icon-list\" data-id=\"68a3b51\" data-element_type=\"widget\" data-widget_type=\"icon-list.default\">\n\t\t\t\t\t\t\t<ul class=\"elementor-icon-list-items\">\n\t\t\t\t\t\t\t<li class=\"elementor-icon-list-item\">\n\t\t\t\t\t\t\t\t\t\t\t<span class=\"elementor-icon-list-icon\">\n\t\t\t\t\t\t\t<svg xmlns=\"http:\/\/www.w3.org\/2000\/svg\" xmlns:xlink=\"http:\/\/www.w3.org\/1999\/xlink\" viewBox=\"0 0 16 16\"><path d=\"M14.374,15.999 L5.562,15.999 L5.562,14.374 L13.238,14.374 L0.0,1.135 L1.137,0.1 L14.374,13.236 L14.374,5.562 L15.999,5.562 L15.999,14.374 L15.999,15.999 L14.374,15.999 Z\"><\/path><\/svg>\t\t\t\t\t\t<\/span>\n\t\t\t\t\t\t\t\t\t\t<span class=\"elementor-icon-list-text\">P\u00f3rtico, flotantes, torre, m\u00f3viles, puente y gr\u00faas de barco.<\/span>\n\t\t\t\t\t\t\t\t\t<\/li>\n\t\t\t\t\t\t\t\t<li class=\"elementor-icon-list-item\">\n\t\t\t\t\t\t\t\t\t\t\t<span class=\"elementor-icon-list-icon\">\n\t\t\t\t\t\t\t<svg xmlns=\"http:\/\/www.w3.org\/2000\/svg\" xmlns:xlink=\"http:\/\/www.w3.org\/1999\/xlink\" viewBox=\"0 0 16 16\"><path d=\"M14.374,15.999 L5.562,15.999 L5.562,14.374 L13.238,14.374 L0.0,1.135 L1.137,0.1 L14.374,13.236 L14.374,5.562 L15.999,5.562 L15.999,14.374 L15.999,15.999 L14.374,15.999 Z\"><\/path><\/svg>\t\t\t\t\t\t<\/span>\n\t\t\t\t\t\t\t\t\t\t<span class=\"elementor-icon-list-text\">V\u00e1lvulas de vaciado, mangueras de llenado y eslingas para elevaci\u00f3n.<\/span>\n\t\t\t\t\t\t\t\t\t<\/li>\n\t\t\t\t\t\t\t\t<li class=\"elementor-icon-list-item\">\n\t\t\t\t\t\t\t\t\t\t\t<span class=\"elementor-icon-list-icon\">\n\t\t\t\t\t\t\t<svg xmlns=\"http:\/\/www.w3.org\/2000\/svg\" xmlns:xlink=\"http:\/\/www.w3.org\/1999\/xlink\" viewBox=\"0 0 16 16\"><path d=\"M14.374,15.999 L5.562,15.999 L5.562,14.374 L13.238,14.374 L0.0,1.135 L1.137,0.1 L14.374,13.236 L14.374,5.562 L15.999,5.562 L15.999,14.374 L15.999,15.999 L14.374,15.999 Z\"><\/path><\/svg>\t\t\t\t\t\t<\/span>\n\t\t\t\t\t\t\t\t\t\t<span class=\"elementor-icon-list-text\">Bolsas hasta 110 t y dinam\u00f3metros certificados hasta 150 t.<\/span>\n\t\t\t\t\t\t\t\t\t<\/li>\n\t\t\t\t\t\t<\/ul>\n\t\t\t\t\t\t<\/div>\n\t\t\t\t<\/div>\n\t\t\t\t\t<\/div>\n\t\t\t\t<\/div>\n\t\t<div class=\"elementor-element elementor-element-2fd5312 e-flex e-con-boxed e-con e-parent\" data-id=\"2fd5312\" data-element_type=\"container\">\n\t\t\t\t\t<div class=\"e-con-inner\">\n\t\t\t\t<div class=\"elementor-element elementor-element-878f34f elementor-widget__width-initial elementor-widget elementor-widget-industrium_heading\" data-id=\"878f34f\" data-element_type=\"widget\" data-widget_type=\"industrium_heading.default\">\n\t\t\t\t<div class=\"elementor-widget-container\">\n\t\t\t\t\t<div class=\"industrium-heading-widget\"><h2 class=\"industrium-heading\"><span class=\"industrium-subheading\">Descubre nuestras capacidades en reparaci\u00f3n naval<\/span><span class=\"industrium-heading-content\">Descarga el <span>cat\u00e1logo de servicios de reparaci\u00f3n<\/span> con todos los alcances t\u00e9cnicos.<\/span><\/h2><\/div>\t\t\t\t<\/div>\n\t\t\t\t<\/div>\n\t\t\t\t<div class=\"elementor-element elementor-element-6957218 elementor-widget elementor-widget-industrium_button\" data-id=\"6957218\" data-element_type=\"widget\" data-widget_type=\"industrium_button.default\">\n\t\t\t\t<div class=\"elementor-widget-container\">\n\t\t\t\t\t\n        <div class=\"button-widget\">\n            <div class=\"button-container\">\n                <a href=\"https:\/\/sym-naval.com\/assets\/DGTL-REPARACION-EN.pdf\" target=\"_blank\" class=\"industrium-button button-type-2\">\n                    <span class=\"industrium-button-text\">Descargar<\/span>                    \n                <\/a>\n            <\/div>\n        <\/div>\n        \t\t\t\t<\/div>\n\t\t\t\t<\/div>\n\t\t\t\t\t<\/div>\n\t\t\t\t<\/div>\n\t\t\t\t<\/div>\n\t\t","protected":false},"excerpt":{"rendered":"<p>Ensayos de carga con bolsas de agua y dinam\u00f3metros certificados. Capacidad hasta 110 t (bolsas) y 150 t (dinam\u00f3metros). Solicita tu prueba.<\/p>\n","protected":false},"author":1,"featured_media":0,"parent":7368,"menu_order":0,"comment_status":"closed","ping_status":"closed","template":"","meta":{"footnotes":""},"class_list":["post-18491","page","type-page","status-publish","hentry"],"_links":{"self":[{"href":"https:\/\/sym-naval.com\/es\/wp-json\/wp\/v2\/pages\/18491","targetHints":{"allow":["GET"]}}],"collection":[{"href":"https:\/\/sym-naval.com\/es\/wp-json\/wp\/v2\/pages"}],"about":[{"href":"https:\/\/sym-naval.com\/es\/wp-json\/wp\/v2\/types\/page"}],"author":[{"embeddable":true,"href":"https:\/\/sym-naval.com\/es\/wp-json\/wp\/v2\/users\/1"}],"replies":[{"embeddable":true,"href":"https:\/\/sym-naval.com\/es\/wp-json\/wp\/v2\/comments?post=18491"}],"version-history":[{"count":3,"href":"https:\/\/sym-naval.com\/es\/wp-json\/wp\/v2\/pages\/18491\/revisions"}],"predecessor-version":[{"id":18516,"href":"https:\/\/sym-naval.com\/es\/wp-json\/wp\/v2\/pages\/18491\/revisions\/18516"}],"up":[{"embeddable":true,"href":"https:\/\/sym-naval.com\/es\/wp-json\/wp\/v2\/pages\/7368"}],"wp:attachment":[{"href":"https:\/\/sym-naval.com\/es\/wp-json\/wp\/v2\/media?parent=18491"}],"curies":[{"name":"wp","href":"https:\/\/api.w.org\/{rel}","templated":true}]}}