{"id":7372,"date":"2023-12-18T08:45:42","date_gmt":"2023-12-18T07:45:42","guid":{"rendered":"https:\/\/staging.sym-naval.com\/compania\/"},"modified":"2025-12-17T16:20:58","modified_gmt":"2025-12-17T15:20:58","slug":"empresa","status":"publish","type":"page","link":"https:\/\/sym-naval.com\/es\/empresa\/","title":{"rendered":"Compa\u00f1\u00eda"},"content":{"rendered":"\t\t<div data-elementor-type=\"wp-page\" data-elementor-id=\"7372\" class=\"elementor elementor-7372 elementor-6005\" data-elementor-post-type=\"page\">\n\t\t\t\t<div class=\"elementor-element elementor-element-8d27f8e e-flex e-con-boxed e-con e-parent\" data-id=\"8d27f8e\" data-element_type=\"container\" data-settings=\"{&quot;background_background&quot;:&quot;classic&quot;}\">\n\t\t\t\t\t<div class=\"e-con-inner\">\n\t\t\t\t<div class=\"elementor-element elementor-element-f40c706 elementor-widget__width-initial elementor-widget-mobile__width-inherit elementor-widget elementor-widget-heading\" data-id=\"f40c706\" data-element_type=\"widget\" data-widget_type=\"heading.default\">\n\t\t\t\t\t<h1 class=\"elementor-heading-title elementor-size-default\">Oficina T\u00e9cnica y departamento propio de I+D<\/h1>\t\t\t\t<\/div>\n\t\t\t\t<div class=\"elementor-element elementor-element-6fb5322 elementor-absolute decoration-type-1 elementor-invisible elementor-widget elementor-widget-industrium_decoration\" data-id=\"6fb5322\" data-element_type=\"widget\" data-settings=\"{&quot;_position&quot;:&quot;absolute&quot;,&quot;_animation&quot;:&quot;industrium_decoration&quot;,&quot;_animation_delay&quot;:300}\" data-widget_type=\"industrium_decoration.default\">\n\t\t\t\t<div class=\"elementor-widget-container\">\n\t\t\t\t\t        <div class=\"decoration-widget\">\n            <div class=\"decoration-container\">\n                <div class=\"industrium-decoration\">\n                    <div><\/div><div><\/div><div><\/div>\n                <\/div>\n            <\/div>\n        <\/div>\n        \t\t\t\t<\/div>\n\t\t\t\t<\/div>\n\t\t\t\t\t<\/div>\n\t\t\t\t<\/div>\n\t\t<div class=\"elementor-element elementor-element-41ed6e3 e-flex e-con-boxed e-con e-parent\" data-id=\"41ed6e3\" data-element_type=\"container\">\n\t\t\t\t\t<div class=\"e-con-inner\">\n\t\t<div class=\"elementor-element elementor-element-6314042 e-con-full e-flex e-con e-child\" data-id=\"6314042\" data-element_type=\"container\">\n\t\t\t\t<div class=\"elementor-element elementor-element-e2b7058 elementor-widget elementor-widget-industrium_heading\" data-id=\"e2b7058\" data-element_type=\"widget\" data-widget_type=\"industrium_heading.default\">\n\t\t\t\t<div class=\"elementor-widget-container\">\n\t\t\t\t\t<div class=\"industrium-heading-widget\"><h2 class=\"industrium-heading\"><span class=\"industrium-subheading\">Empresa <\/span><span class=\"industrium-heading-content\">Ingenier\u00eda naval aplicada a la construcci\u00f3n y reparaci\u00f3n naval\u00a0<\/span><\/h2><\/div>\t\t\t\t<\/div>\n\t\t\t\t<\/div>\n\t\t\t\t<div class=\"elementor-element elementor-element-595f0db elementor-widget elementor-widget-industrium_button\" data-id=\"595f0db\" data-element_type=\"widget\" data-widget_type=\"industrium_button.default\">\n\t\t\t\t<div class=\"elementor-widget-container\">\n\t\t\t\t\t\n        <div class=\"button-widget\">\n            <div class=\"button-container\">\n                <a href=\"https:\/\/sym-naval.com\/assets\/DGTL-CORPORATIVO-ES.pdf\" target=\"_blank\" class=\"industrium-button button-type-1\">\n                    CAT\u00c1LOGO CORPORATIVO<svg viewBox=\"0 0 13 20\"><polyline points=\"0.5 19.5 3 19.5 12.5 10 3 0.5\"><\/polyline><\/svg>                    \n                <\/a>\n            <\/div>\n        <\/div>\n        \t\t\t\t<\/div>\n\t\t\t\t<\/div>\n\t\t\t\t<\/div>\n\t\t<div class=\"elementor-element elementor-element-edd772a e-con-full e-flex e-con e-child\" data-id=\"edd772a\" data-element_type=\"container\">\n\t\t\t\t<div class=\"elementor-element elementor-element-b5ed380 elementor-widget elementor-widget-text-editor\" data-id=\"b5ed380\" data-element_type=\"widget\" data-widget_type=\"text-editor.default\">\n\t\t\t\t\t\t\t\t\t<p class=\"p1\"><strong>SYM Naval es una compa\u00f1\u00eda europea de construcci\u00f3n y reparaci\u00f3n naval con la ingenier\u00eda como pilar principal. Dise\u00f1amos, construimos y mantenemos buques con un objetivo claro: garantizar fiabilidad t\u00e9cnica y el m\u00e1ximo rendimiento operativo para flotas que trabajan en entornos exigentes.<\/strong><\/p><p class=\"p1\">La innovaci\u00f3n forma parte de nuestra forma de operar. Combinamos herramientas digitales de ingenier\u00eda, estudios avanzados de propulsi\u00f3n y modernizaci\u00f3n de sistemas para mejorar la seguridad, reducir emisiones y alargar el ciclo de vida de los buques. Este desarrollo continuo nos permite ofrecer soluciones modernas, eficientes y preparadas para los retos regulatorios y operativos del futuro.<\/p>\t\t\t\t\t\t\t\t<\/div>\n\t\t\t\t<\/div>\n\t\t\t\t\t<\/div>\n\t\t\t\t<\/div>\n\t\t<div class=\"elementor-element elementor-element-04fd27e e-grid e-con-boxed e-con e-parent\" data-id=\"04fd27e\" data-element_type=\"container\">\n\t\t\t\t\t<div class=\"e-con-inner\">\n\t\t<div class=\"elementor-element elementor-element-9cb9fdb e-con-full e-flex e-con e-child\" data-id=\"9cb9fdb\" data-element_type=\"container\">\n\t\t<div class=\"elementor-element elementor-element-03c8613 e-con-full e-flex e-con e-child\" data-id=\"03c8613\" data-element_type=\"container\">\n\t\t\t\t<div class=\"elementor-element elementor-element-5c6c838 elementor-widget elementor-widget-industrium_heading\" data-id=\"5c6c838\" data-element_type=\"widget\" data-widget_type=\"industrium_heading.default\">\n\t\t\t\t<div class=\"elementor-widget-container\">\n\t\t\t\t\t<div class=\"industrium-heading-widget\"><h5 class=\"industrium-heading\"><span class=\"industrium-heading-content\">Propulsi\u00f3n sostenible<\/span><\/h5><\/div>\t\t\t\t<\/div>\n\t\t\t\t<\/div>\n\t\t\t\t<div class=\"elementor-element elementor-element-bdc0e7c elementor-widget elementor-widget-text-editor\" data-id=\"bdc0e7c\" data-element_type=\"widget\" data-widget_type=\"text-editor.default\">\n\t\t\t\t\t\t\t\t\t<p class=\"p1\">Desarrollamos sistemas h\u00edbridos y 100% el\u00e9ctricos para impulsar la transici\u00f3n hacia puertos sin emisiones.<\/p>\t\t\t\t\t\t\t\t<\/div>\n\t\t\t\t<\/div>\n\t\t\t\t<div class=\"elementor-element elementor-element-b2e51ca elementor-widget elementor-widget-image\" data-id=\"b2e51ca\" data-element_type=\"widget\" data-widget_type=\"image.default\">\n\t\t\t\t\t\t\t\t\t\t\t\t\t\t\t<img decoding=\"async\" width=\"64\" height=\"64\" src=\"https:\/\/sym-naval.com\/wp-content\/uploads\/biodegradable-1.png\" class=\"attachment-large size-large wp-image-16556\" alt=\"\" \/>\t\t\t\t\t\t\t\t\t\t\t\t\t\t\t<\/div>\n\t\t\t\t<\/div>\n\t\t<div class=\"elementor-element elementor-element-7e29cae e-con-full e-flex e-con e-child\" data-id=\"7e29cae\" data-element_type=\"container\">\n\t\t<div class=\"elementor-element elementor-element-c6ccf81 e-con-full e-flex e-con e-child\" data-id=\"c6ccf81\" data-element_type=\"container\">\n\t\t\t\t<div class=\"elementor-element elementor-element-cb16e2e elementor-widget elementor-widget-industrium_heading\" data-id=\"cb16e2e\" data-element_type=\"widget\" data-widget_type=\"industrium_heading.default\">\n\t\t\t\t<div class=\"elementor-widget-container\">\n\t\t\t\t\t<div class=\"industrium-heading-widget\"><h5 class=\"industrium-heading\"><span class=\"industrium-heading-content\">Innovaci\u00f3n aplicada<\/span><\/h5><\/div>\t\t\t\t<\/div>\n\t\t\t\t<\/div>\n\t\t\t\t<div class=\"elementor-element elementor-element-8de70f0 elementor-widget elementor-widget-text-editor\" data-id=\"8de70f0\" data-element_type=\"widget\" data-widget_type=\"text-editor.default\">\n\t\t\t\t\t\t\t\t\t<p class=\"p1\">Convertimos datos operativos en soluciones inteligentes y escalables que resuelven retos reales del sector mar\u00edtimo.<\/p>\t\t\t\t\t\t\t\t<\/div>\n\t\t\t\t<\/div>\n\t\t\t\t<div class=\"elementor-element elementor-element-d7d51f2 elementor-widget elementor-widget-image\" data-id=\"d7d51f2\" data-element_type=\"widget\" data-widget_type=\"image.default\">\n\t\t\t\t\t\t\t\t\t\t\t\t\t\t\t<img decoding=\"async\" width=\"64\" height=\"64\" src=\"https:\/\/sym-naval.com\/wp-content\/uploads\/ecological.png\" class=\"attachment-large size-large wp-image-16573\" alt=\"\" \/>\t\t\t\t\t\t\t\t\t\t\t\t\t\t\t<\/div>\n\t\t\t\t<\/div>\n\t\t<div class=\"elementor-element elementor-element-ad7c1fe e-con-full e-flex e-con e-child\" data-id=\"ad7c1fe\" data-element_type=\"container\">\n\t\t<div class=\"elementor-element elementor-element-804ae1f e-con-full e-flex e-con e-child\" data-id=\"804ae1f\" data-element_type=\"container\">\n\t\t\t\t<div class=\"elementor-element elementor-element-369d623 elementor-widget elementor-widget-industrium_heading\" data-id=\"369d623\" data-element_type=\"widget\" data-widget_type=\"industrium_heading.default\">\n\t\t\t\t<div class=\"elementor-widget-container\">\n\t\t\t\t\t<div class=\"industrium-heading-widget\"><h5 class=\"industrium-heading\"><span class=\"industrium-heading-content\">Liderazgo normativo<\/span><\/h5><\/div>\t\t\t\t<\/div>\n\t\t\t\t<\/div>\n\t\t\t\t<div class=\"elementor-element elementor-element-f81d8e4 elementor-widget elementor-widget-text-editor\" data-id=\"f81d8e4\" data-element_type=\"widget\" data-widget_type=\"text-editor.default\">\n\t\t\t\t\t\t\t\t\t<p class=\"p1\">Participamos activamente en la definici\u00f3n de nuevas regulaciones y est\u00e1ndares mar\u00edtimos internacionales.<\/p>\t\t\t\t\t\t\t\t<\/div>\n\t\t\t\t<\/div>\n\t\t\t\t<div class=\"elementor-element elementor-element-173e075 elementor-widget elementor-widget-image\" data-id=\"173e075\" data-element_type=\"widget\" data-widget_type=\"image.default\">\n\t\t\t\t\t\t\t\t\t\t\t\t\t\t\t<img decoding=\"async\" width=\"64\" height=\"64\" src=\"https:\/\/sym-naval.com\/wp-content\/uploads\/guarantee.png\" class=\"attachment-large size-large wp-image-16577\" alt=\"\" \/>\t\t\t\t\t\t\t\t\t\t\t\t\t\t\t<\/div>\n\t\t\t\t<\/div>\n\t\t<div class=\"elementor-element elementor-element-936ef4f e-con-full e-flex e-con e-child\" data-id=\"936ef4f\" data-element_type=\"container\">\n\t\t<div class=\"elementor-element elementor-element-eb09f0d e-con-full e-flex e-con e-child\" data-id=\"eb09f0d\" data-element_type=\"container\">\n\t\t\t\t<div class=\"elementor-element elementor-element-0eacc6e elementor-widget elementor-widget-industrium_heading\" data-id=\"0eacc6e\" data-element_type=\"widget\" data-widget_type=\"industrium_heading.default\">\n\t\t\t\t<div class=\"elementor-widget-container\">\n\t\t\t\t\t<div class=\"industrium-heading-widget\"><h5 class=\"industrium-heading\"><span class=\"industrium-heading-content\">Excelencia t\u00e9cnica<\/span><\/h5><\/div>\t\t\t\t<\/div>\n\t\t\t\t<\/div>\n\t\t\t\t<div class=\"elementor-element elementor-element-62385b0 elementor-widget elementor-widget-text-editor\" data-id=\"62385b0\" data-element_type=\"widget\" data-widget_type=\"text-editor.default\">\n\t\t\t\t\t\t\t\t\t<p class=\"p1\">Ingenier\u00eda multidisciplinar enfocada en la seguridad, la eficiencia y el control de calidad europeo.<\/p>\t\t\t\t\t\t\t\t<\/div>\n\t\t\t\t<\/div>\n\t\t\t\t<div class=\"elementor-element elementor-element-9d662de elementor-widget elementor-widget-image\" data-id=\"9d662de\" data-element_type=\"widget\" data-widget_type=\"image.default\">\n\t\t\t\t\t\t\t\t\t\t\t\t\t\t\t<img loading=\"lazy\" decoding=\"async\" width=\"64\" height=\"64\" src=\"https:\/\/sym-naval.com\/wp-content\/uploads\/quality-assurance.png\" class=\"attachment-large size-large wp-image-16575\" alt=\"\" \/>\t\t\t\t\t\t\t\t\t\t\t\t\t\t\t<\/div>\n\t\t\t\t<\/div>\n\t\t\t\t\t<\/div>\n\t\t\t\t<\/div>\n\t\t<div class=\"elementor-element elementor-element-af729fd e-flex e-con-boxed e-con e-parent\" data-id=\"af729fd\" data-element_type=\"container\" data-settings=\"{&quot;background_background&quot;:&quot;classic&quot;}\">\n\t\t\t\t\t<div class=\"e-con-inner\">\n\t\t<div class=\"elementor-element elementor-element-4e8aa47 e-con-full e-flex e-con e-child\" data-id=\"4e8aa47\" data-element_type=\"container\">\n\t\t\t\t<div class=\"elementor-element elementor-element-4ec15d5 elementor-widget elementor-widget-industrium_heading\" data-id=\"4ec15d5\" data-element_type=\"widget\" data-widget_type=\"industrium_heading.default\">\n\t\t\t\t<div class=\"elementor-widget-container\">\n\t\t\t\t\t<div class=\"industrium-heading-widget\"><h2 class=\"industrium-heading\"><span class=\"industrium-subheading\">Ingenier\u00eda &amp; Innovaci\u00f3n <\/span><span class=\"industrium-heading-content\">Precisi\u00f3n desde el dise\u00f1o: la ventaja del modelo digital<\/span><\/h2><\/div>\t\t\t\t<\/div>\n\t\t\t\t<\/div>\n\t\t\t\t<div class=\"elementor-element elementor-element-17760e2 elementor-widget elementor-widget-text-editor\" data-id=\"17760e2\" data-element_type=\"widget\" data-widget_type=\"text-editor.default\">\n\t\t\t\t\t\t\t\t\t<p class=\"p1\">Nuestra Oficina T\u00e9cnica es el n\u00facleo operativo donde se inicia cada proyecto. Aqu\u00ed combinamos la experiencia en ingenier\u00eda naval con herramientas digitales avanzadas para desarrollar soluciones totalmente adaptadas a los requisitos espec\u00edficos de cada buque.<\/p><p class=\"p1\">En el centro de este proceso est\u00e1 nuestro <i>Modelo Digital de Buque<\/i>: un entorno 3D detallado que integra estructura, sistemas y restricciones operativas desde el inicio. Gracias a \u00e9l, podemos visualizar y validar cada elemento junto con el armador, anticipar conflictos antes de la fabricaci\u00f3n y optimizar la planificaci\u00f3n. El resultado: proyectos de construcci\u00f3n y modernizaci\u00f3n m\u00e1s seguros, previsibles y eficientes.<\/p>\t\t\t\t\t\t\t\t<\/div>\n\t\t\t\t<div class=\"elementor-element elementor-element-7fcf04a elementor-icon-list--layout-traditional elementor-list-item-link-full_width elementor-widget elementor-widget-icon-list\" data-id=\"7fcf04a\" data-element_type=\"widget\" data-widget_type=\"icon-list.default\">\n\t\t\t\t\t\t\t<ul class=\"elementor-icon-list-items\">\n\t\t\t\t\t\t\t<li class=\"elementor-icon-list-item\">\n\t\t\t\t\t\t\t\t\t\t\t<span class=\"elementor-icon-list-icon\">\n\t\t\t\t\t\t\t<svg xmlns=\"http:\/\/www.w3.org\/2000\/svg\" xmlns:xlink=\"http:\/\/www.w3.org\/1999\/xlink\" viewBox=\"0 0 16 16\"><path d=\"M14.374,15.999 L5.562,15.999 L5.562,14.374 L13.238,14.374 L0.0,1.135 L1.137,0.1 L14.374,13.236 L14.374,5.562 L15.999,5.562 L15.999,14.374 L15.999,15.999 L14.374,15.999 Z\"><\/path><\/svg>\t\t\t\t\t\t<\/span>\n\t\t\t\t\t\t\t\t\t\t<span class=\"elementor-icon-list-text\"><b>Anticipaci\u00f3n \u2014 <\/b>Detectamos incidencias antes de producir<\/span>\n\t\t\t\t\t\t\t\t\t<\/li>\n\t\t\t\t\t\t\t\t<li class=\"elementor-icon-list-item\">\n\t\t\t\t\t\t\t\t\t\t\t<span class=\"elementor-icon-list-icon\">\n\t\t\t\t\t\t\t<svg xmlns=\"http:\/\/www.w3.org\/2000\/svg\" xmlns:xlink=\"http:\/\/www.w3.org\/1999\/xlink\" viewBox=\"0 0 16 16\"><path d=\"M14.374,15.999 L5.562,15.999 L5.562,14.374 L13.238,14.374 L0.0,1.135 L1.137,0.1 L14.374,13.236 L14.374,5.562 L15.999,5.562 L15.999,14.374 L15.999,15.999 L14.374,15.999 Z\"><\/path><\/svg>\t\t\t\t\t\t<\/span>\n\t\t\t\t\t\t\t\t\t\t<span class=\"elementor-icon-list-text\"><b>Colaboraci\u00f3n \u2014 <\/b>El armador valida soluciones en tiempo real<\/span>\n\t\t\t\t\t\t\t\t\t<\/li>\n\t\t\t\t\t\t\t\t<li class=\"elementor-icon-list-item\">\n\t\t\t\t\t\t\t\t\t\t\t<span class=\"elementor-icon-list-icon\">\n\t\t\t\t\t\t\t<svg xmlns=\"http:\/\/www.w3.org\/2000\/svg\" xmlns:xlink=\"http:\/\/www.w3.org\/1999\/xlink\" viewBox=\"0 0 16 16\"><path d=\"M14.374,15.999 L5.562,15.999 L5.562,14.374 L13.238,14.374 L0.0,1.135 L1.137,0.1 L14.374,13.236 L14.374,5.562 L15.999,5.562 L15.999,14.374 L15.999,15.999 L14.374,15.999 Z\"><\/path><\/svg>\t\t\t\t\t\t<\/span>\n\t\t\t\t\t\t\t\t\t\t<span class=\"elementor-icon-list-text\"><b>Eficiencia \u2014 <\/b>Mayor optimizaci\u00f3n de recursos desde el primer d\u00eda.<\/span>\n\t\t\t\t\t\t\t\t\t<\/li>\n\t\t\t\t\t\t<\/ul>\n\t\t\t\t\t\t<\/div>\n\t\t\t\t<div class=\"elementor-element elementor-element-1010a66 elementor-widget elementor-widget-industrium_button\" data-id=\"1010a66\" data-element_type=\"widget\" data-widget_type=\"industrium_button.default\">\n\t\t\t\t<div class=\"elementor-widget-container\">\n\t\t\t\t\t\n        <div class=\"button-widget\">\n            <div class=\"button-container\">\n                <a href=\"https:\/\/sym-naval.com\/contact\/\" class=\"industrium-button button-type-1\">\n                    CONTACTA CON NUESTRO EQUIPO<svg viewBox=\"0 0 13 20\"><polyline points=\"0.5 19.5 3 19.5 12.5 10 3 0.5\"><\/polyline><\/svg>                    \n                <\/a>\n            <\/div>\n        <\/div>\n        \t\t\t\t<\/div>\n\t\t\t\t<\/div>\n\t\t\t\t<\/div>\n\t\t<div class=\"elementor-element elementor-element-9213a16 e-con-full e-flex e-con e-child\" data-id=\"9213a16\" data-element_type=\"container\" data-settings=\"{&quot;background_background&quot;:&quot;classic&quot;}\">\n\t\t\t\t<\/div>\n\t\t\t\t<div class=\"elementor-element elementor-element-024e550 elementor-absolute decoration-type-1 elementor-invisible elementor-widget elementor-widget-industrium_decoration\" data-id=\"024e550\" data-element_type=\"widget\" data-settings=\"{&quot;_position&quot;:&quot;absolute&quot;,&quot;_animation&quot;:&quot;industrium_decoration&quot;,&quot;_animation_delay&quot;:300}\" data-widget_type=\"industrium_decoration.default\">\n\t\t\t\t<div class=\"elementor-widget-container\">\n\t\t\t\t\t        <div class=\"decoration-widget\">\n            <div class=\"decoration-container\">\n                <div class=\"industrium-decoration\">\n                    <div><\/div><div><\/div><div><\/div>\n                <\/div>\n            <\/div>\n        <\/div>\n        \t\t\t\t<\/div>\n\t\t\t\t<\/div>\n\t\t\t\t\t<\/div>\n\t\t\t\t<\/div>\n\t\t<div class=\"elementor-element elementor-element-17bad5a e-flex e-con-boxed e-con e-parent\" data-id=\"17bad5a\" data-element_type=\"container\">\n\t\t\t\t\t<div class=\"e-con-inner\">\n\t\t<div class=\"elementor-element elementor-element-b26e90c e-con-full e-flex e-con e-child\" data-id=\"b26e90c\" data-element_type=\"container\" data-settings=\"{&quot;background_background&quot;:&quot;classic&quot;}\">\n\t\t\t\t<\/div>\n\t\t<div class=\"elementor-element elementor-element-203ae30 e-con-full e-flex e-con e-child\" data-id=\"203ae30\" data-element_type=\"container\">\n\t\t\t\t<div class=\"elementor-element elementor-element-c5b690a elementor-widget elementor-widget-industrium_heading\" data-id=\"c5b690a\" data-element_type=\"widget\" data-widget_type=\"industrium_heading.default\">\n\t\t\t\t<div class=\"elementor-widget-container\">\n\t\t\t\t\t<div class=\"industrium-heading-widget\"><h2 class=\"industrium-heading\"><span class=\"industrium-subheading\">Sostenibilidad &amp; Medio Ambiente <\/span><span class=\"industrium-heading-content\">Construcci\u00f3n y reparaci\u00f3n naval sostenible<\/span><\/h2><\/div>\t\t\t\t<\/div>\n\t\t\t\t<\/div>\n\t\t\t\t<div class=\"elementor-element elementor-element-5a66597 elementor-widget elementor-widget-text-editor\" data-id=\"5a66597\" data-element_type=\"widget\" data-widget_type=\"text-editor.default\">\n\t\t\t\t\t\t\t\t\t<p class=\"p1\">En SYM Naval, la sostenibilidad es una prioridad t\u00e9cnica en cada proyecto de construcci\u00f3n y reparaci\u00f3n. Estamos plenamente comprometidos con los objetivos de descarbonizaci\u00f3n del sector mar\u00edtimo, alineando todas nuestras operaciones con los est\u00e1ndares ambientales internacionales y sistemas de gesti\u00f3n certificados (ISO 14001). Nuestro objetivo es reducir el impacto ecol\u00f3gico de las flotas mediante soluciones limpias que mejoren la eficiencia y prolonguen la vida operativa de los buques.<\/p><p class=\"p1\">Impulsamos el desarrollo de soluciones de cero emisiones, dise\u00f1ando y construyendo embarcaciones 100% el\u00e9ctricas como el remolcador Castalia. Adem\u00e1s de la propulsi\u00f3n, integramos tecnolog\u00edas ecoeficientes en todos nuestros proyectos \u2014desde sistemas de tratamiento de aguas de lastre (BWTS) hasta recubrimientos avanzados libres de t\u00f3xicos\u2014 para ofrecer buques que combinan un alto rendimiento t\u00e9cnico con una responsabilidad medioambiental real.<\/p>\t\t\t\t\t\t\t\t<\/div>\n\t\t\t\t<\/div>\n\t\t\t\t\t<\/div>\n\t\t\t\t<\/div>\n\t\t<div class=\"elementor-element elementor-element-9877726 e-flex e-con-boxed e-con e-parent\" data-id=\"9877726\" data-element_type=\"container\">\n\t\t\t\t\t<div class=\"e-con-inner\">\n\t\t\t\t<div class=\"elementor-element elementor-element-4cfe504 elementor-widget__width-initial elementor-widget elementor-widget-industrium_heading\" data-id=\"4cfe504\" data-element_type=\"widget\" data-widget_type=\"industrium_heading.default\">\n\t\t\t\t<div class=\"elementor-widget-container\">\n\t\t\t\t\t<div class=\"industrium-heading-widget\"><h2 class=\"industrium-heading\"><span class=\"industrium-subheading\">Descubre todo lo que SYM Naval puede ofrecer <\/span><span class=\"industrium-heading-content\">Descarga nuestro cat\u00e1logo corporativo para conocer todos los servicios.<\/span><\/h2><\/div>\t\t\t\t<\/div>\n\t\t\t\t<\/div>\n\t\t\t\t<div class=\"elementor-element elementor-element-aef574f elementor-widget elementor-widget-industrium_button\" data-id=\"aef574f\" data-element_type=\"widget\" data-widget_type=\"industrium_button.default\">\n\t\t\t\t<div class=\"elementor-widget-container\">\n\t\t\t\t\t\n        <div class=\"button-widget\">\n            <div class=\"button-container\">\n                <a href=\"https:\/\/sym-naval.com\/assets\/DGTL-CORPORATIVO-ES.pdf\" target=\"_blank\" class=\"industrium-button button-type-2\">\n                    <span class=\"industrium-button-text\">Descargar<\/span>                    \n                <\/a>\n            <\/div>\n        <\/div>\n        \t\t\t\t<\/div>\n\t\t\t\t<\/div>\n\t\t\t\t\t<\/div>\n\t\t\t\t<\/div>\n\t\t\t\t<\/div>\n\t\t","protected":false},"excerpt":{"rendered":"<p>Descubre SYM Naval: una empresa basada en la innovaci\u00f3n, la sostenibilidad y m\u00e1s de 25 a\u00f1os de experiencia en construcci\u00f3n y reparaci\u00f3n naval.<\/p>\n","protected":false},"author":1,"featured_media":14786,"parent":0,"menu_order":0,"comment_status":"closed","ping_status":"closed","template":"elementor_header_footer","meta":{"footnotes":""},"class_list":["post-7372","page","type-page","status-publish","has-post-thumbnail","hentry"],"_links":{"self":[{"href":"https:\/\/sym-naval.com\/es\/wp-json\/wp\/v2\/pages\/7372","targetHints":{"allow":["GET"]}}],"collection":[{"href":"https:\/\/sym-naval.com\/es\/wp-json\/wp\/v2\/pages"}],"about":[{"href":"https:\/\/sym-naval.com\/es\/wp-json\/wp\/v2\/types\/page"}],"author":[{"embeddable":true,"href":"https:\/\/sym-naval.com\/es\/wp-json\/wp\/v2\/users\/1"}],"replies":[{"embeddable":true,"href":"https:\/\/sym-naval.com\/es\/wp-json\/wp\/v2\/comments?post=7372"}],"version-history":[{"count":13,"href":"https:\/\/sym-naval.com\/es\/wp-json\/wp\/v2\/pages\/7372\/revisions"}],"predecessor-version":[{"id":18209,"href":"https:\/\/sym-naval.com\/es\/wp-json\/wp\/v2\/pages\/7372\/revisions\/18209"}],"wp:featuredmedia":[{"embeddable":true,"href":"https:\/\/sym-naval.com\/es\/wp-json\/wp\/v2\/media\/14786"}],"wp:attachment":[{"href":"https:\/\/sym-naval.com\/es\/wp-json\/wp\/v2\/media?parent=7372"}],"curies":[{"name":"wp","href":"https:\/\/api.w.org\/{rel}","templated":true}]}}