{"id":7431,"date":"2023-12-15T13:50:24","date_gmt":"2023-12-15T12:50:24","guid":{"rendered":"https:\/\/staging.sym-naval.com\/construcciones-navales\/buque-marpol\/"},"modified":"2025-12-17T09:23:39","modified_gmt":"2025-12-17T08:23:39","slug":"buque-tanque-marpol","status":"publish","type":"page","link":"https:\/\/sym-naval.com\/es\/construccion-naval\/buque-tanque-marpol\/","title":{"rendered":"Buque MARPOL"},"content":{"rendered":"\t\t<div data-elementor-type=\"wp-page\" data-elementor-id=\"7431\" class=\"elementor elementor-7431 elementor-5844\" data-elementor-post-type=\"page\">\n\t\t\t\t<div class=\"elementor-element elementor-element-a1ab886 e-flex e-con-boxed e-con e-parent\" data-id=\"a1ab886\" data-element_type=\"container\" data-settings=\"{&quot;background_background&quot;:&quot;classic&quot;}\">\n\t\t\t\t\t<div class=\"e-con-inner\">\n\t\t\t\t<div class=\"elementor-element elementor-element-ad7882d elementor-widget__width-initial elementor-widget-mobile__width-inherit elementor-widget elementor-widget-heading\" data-id=\"ad7882d\" data-element_type=\"widget\" data-widget_type=\"heading.default\">\n\t\t\t\t\t<h1 class=\"elementor-heading-title elementor-size-default\">Buque MARPOL\n<\/h1>\t\t\t\t<\/div>\n\t\t\t\t<div class=\"elementor-element elementor-element-d853bda elementor-absolute decoration-type-1 elementor-invisible elementor-widget elementor-widget-industrium_decoration\" data-id=\"d853bda\" data-element_type=\"widget\" data-settings=\"{&quot;_position&quot;:&quot;absolute&quot;,&quot;_animation&quot;:&quot;industrium_decoration&quot;,&quot;_animation_delay&quot;:300}\" data-widget_type=\"industrium_decoration.default\">\n\t\t\t\t<div class=\"elementor-widget-container\">\n\t\t\t\t\t        <div class=\"decoration-widget\">\n            <div class=\"decoration-container\">\n                <div class=\"industrium-decoration\">\n                    <div><\/div><div><\/div><div><\/div>\n                <\/div>\n            <\/div>\n        <\/div>\n        \t\t\t\t<\/div>\n\t\t\t\t<\/div>\n\t\t\t\t\t<\/div>\n\t\t\t\t<\/div>\n\t\t<div class=\"elementor-element elementor-element-c047b6b e-flex e-con-boxed e-con e-parent\" data-id=\"c047b6b\" data-element_type=\"container\">\n\t\t\t\t\t<div class=\"e-con-inner\">\n\t\t<div class=\"elementor-element elementor-element-05259d0 e-con-full e-flex e-con e-child\" data-id=\"05259d0\" data-element_type=\"container\">\n\t\t\t\t<div class=\"elementor-element elementor-element-841e548 elementor-widget elementor-widget-industrium_heading\" data-id=\"841e548\" data-element_type=\"widget\" data-widget_type=\"industrium_heading.default\">\n\t\t\t\t<div class=\"elementor-widget-container\">\n\t\t\t\t\t<div class=\"industrium-heading-widget\"><h2 class=\"industrium-heading\"><span class=\"industrium-subheading\">MARPOL Harbour Vessel <\/span><span class=\"industrium-heading-content\">Recolecci\u00f3n de residuos optimizada para operaciones portuarias sostenibles\u00a0<\/span><\/h2><\/div>\t\t\t\t<\/div>\n\t\t\t\t<\/div>\n\t\t\t\t<div class=\"elementor-element elementor-element-e9031cd elementor-widget elementor-widget-industrium_button\" data-id=\"e9031cd\" data-element_type=\"widget\" data-widget_type=\"industrium_button.default\">\n\t\t\t\t<div class=\"elementor-widget-container\">\n\t\t\t\t\t\n        <div class=\"button-widget\">\n            <div class=\"button-container\">\n                <a href=\"https:\/\/sym-naval.com\/assets\/datasheets\/ES\/FTD-Marpol-2025-ES.pdf\" target=\"_blank\" class=\"industrium-button button-type-1\">\n                    Ficha t\u00e9cnica MARPOL<svg viewBox=\"0 0 13 20\"><polyline points=\"0.5 19.5 3 19.5 12.5 10 3 0.5\"><\/polyline><\/svg>                    \n                <\/a>\n            <\/div>\n        <\/div>\n        \t\t\t\t<\/div>\n\t\t\t\t<\/div>\n\t\t\t\t<\/div>\n\t\t<div class=\"elementor-element elementor-element-2bc22c8 e-con-full e-flex e-con e-child\" data-id=\"2bc22c8\" data-element_type=\"container\">\n\t\t\t\t<div class=\"elementor-element elementor-element-a4cddec elementor-widget elementor-widget-text-editor\" data-id=\"a4cddec\" data-element_type=\"widget\" data-widget_type=\"text-editor.default\">\n\t\t\t\t\t\t\t\t\t<p class=\"p1\"><strong>El MARPOL Harbour Vessel est\u00e1 dise\u00f1ado para operaciones de recolecci\u00f3n de residuos a gran escala bajo las regulaciones MARPOL I, IV, V y VI, con capacidades de almacenamiento que van desde 230 m\u00b3 hasta 1.200 m\u00b3. Su estructura de doble casco, los sistemas de seguridad reforzados y el equipamiento especializado de bombeo garantizan una gesti\u00f3n del residuo eficiente y totalmente conforme a la normativa internacional.<\/strong><\/p><p class=\"p1\">Construido espec\u00edficamente para operaciones portuarias diarias, este buque combina una construcci\u00f3n robusta, una cubierta de trabajo vers\u00e1til y una gr\u00faa hidr\u00e1ulica capaz de levantar 2,5 toneladas a 8 metros de alcance. Estas prestaciones permiten manipular contenedores MARPOL con precisi\u00f3n, optimizar los servicios portuarios y reforzar la protecci\u00f3n medioambiental en toda la operaci\u00f3n.<\/p>\t\t\t\t\t\t\t\t<\/div>\n\t\t\t\t<\/div>\n\t\t\t\t\t<\/div>\n\t\t\t\t<\/div>\n\t\t<div class=\"elementor-element elementor-element-3cfcc45 e-flex e-con-boxed e-con e-parent\" data-id=\"3cfcc45\" data-element_type=\"container\">\n\t\t\t\t\t<div class=\"e-con-inner\">\n\t\t<div class=\"elementor-element elementor-element-4852f18 e-grid e-con-full e-con e-child\" data-id=\"4852f18\" data-element_type=\"container\">\n\t\t\t\t<div class=\"elementor-element elementor-element-9d7e55d elementor-view-default elementor-position-top elementor-mobile-position-top elementor-widget elementor-widget-icon-box\" data-id=\"9d7e55d\" data-element_type=\"widget\" data-widget_type=\"icon-box.default\">\n\t\t\t\t\t\t\t<div class=\"elementor-icon-box-wrapper\">\n\n\t\t\t\t\t\t<div class=\"elementor-icon-box-icon\">\n\t\t\t\t<span  class=\"elementor-icon\">\n\t\t\t\t<svg xmlns=\"http:\/\/www.w3.org\/2000\/svg\" viewBox=\"0 0 256 256\"><rect width=\"256\" height=\"256\" fill=\"none\"><\/rect><line x1=\"128\" y1=\"48\" x2=\"128\" y2=\"208\" fill=\"none\" stroke=\"currentColor\" stroke-linecap=\"round\" stroke-linejoin=\"round\" stroke-width=\"12\"><\/line><path d=\"M128,208l106.2-30.34A8,8,0,0,0,240,170V86a8,8,0,0,0-5.8-7.69L128,48,22.87,63A8,8,0,0,0,16,70.94V185.06A8,8,0,0,0,22.87,193Z\" fill=\"none\" stroke=\"currentColor\" stroke-linecap=\"round\" stroke-linejoin=\"round\" stroke-width=\"12\"><\/path><line x1=\"96\" y1=\"128\" x2=\"48\" y2=\"128\" fill=\"none\" stroke=\"currentColor\" stroke-linecap=\"round\" stroke-linejoin=\"round\" stroke-width=\"12\"><\/line><line x1=\"72\" y1=\"56\" x2=\"72\" y2=\"200\" fill=\"none\" stroke=\"currentColor\" stroke-linecap=\"round\" stroke-linejoin=\"round\" stroke-width=\"12\"><\/line><\/svg>\t\t\t\t<\/span>\n\t\t\t<\/div>\n\t\t\t\n\t\t\t\t\t\t<div class=\"elementor-icon-box-content\">\n\n\t\t\t\t\t\t\t\t\t<h3 class=\"elementor-icon-box-title\">\n\t\t\t\t\t\t<span  >\n\t\t\t\t\t\t\tAlta capacidad de almacenamiento\t\t\t\t\t\t<\/span>\n\t\t\t\t\t<\/h3>\n\t\t\t\t\n\t\t\t\t\t\t\t\t\t<p class=\"elementor-icon-box-description\">\n\t\t\t\t\t\tConfiguraciones de 230 m\u00b3 a 1.200 m\u00b3 para residuos MARPOL I, IV, V y VI.\n\t\t\t\t\t<\/p>\n\t\t\t\t\n\t\t\t<\/div>\n\t\t\t\n\t\t<\/div>\n\t\t\t\t\t\t<\/div>\n\t\t\t\t<div class=\"elementor-element elementor-element-498b3f3 elementor-view-default elementor-position-top elementor-mobile-position-top elementor-widget elementor-widget-icon-box\" data-id=\"498b3f3\" data-element_type=\"widget\" data-widget_type=\"icon-box.default\">\n\t\t\t\t\t\t\t<div class=\"elementor-icon-box-wrapper\">\n\n\t\t\t\t\t\t<div class=\"elementor-icon-box-icon\">\n\t\t\t\t<span  class=\"elementor-icon\">\n\t\t\t\t<svg xmlns=\"http:\/\/www.w3.org\/2000\/svg\" viewBox=\"0 0 256 256\"><rect width=\"256\" height=\"256\" fill=\"none\"><\/rect><line x1=\"96\" y1=\"128\" x2=\"160\" y2=\"128\" fill=\"none\" stroke=\"currentColor\" stroke-linecap=\"round\" stroke-linejoin=\"round\" stroke-width=\"12\"><\/line><line x1=\"128\" y1=\"96\" x2=\"128\" y2=\"160\" fill=\"none\" stroke=\"currentColor\" stroke-linecap=\"round\" stroke-linejoin=\"round\" stroke-width=\"12\"><\/line><path d=\"M216,112V56a8,8,0,0,0-8-8H48a8,8,0,0,0-8,8v56c0,96,88,120,88,120S216,208,216,112Z\" fill=\"none\" stroke=\"currentColor\" stroke-linecap=\"round\" stroke-linejoin=\"round\" stroke-width=\"12\"><\/path><\/svg>\t\t\t\t<\/span>\n\t\t\t<\/div>\n\t\t\t\n\t\t\t\t\t\t<div class=\"elementor-icon-box-content\">\n\n\t\t\t\t\t\t\t\t\t<h3 class=\"elementor-icon-box-title\">\n\t\t\t\t\t\t<span  >\n\t\t\t\t\t\t\tProtecci\u00f3n reforzada de doble casco\t\t\t\t\t\t<\/span>\n\t\t\t\t\t<\/h3>\n\t\t\t\t\n\t\t\t\t\t\t\t\t\t<p class=\"elementor-icon-box-description\">\n\t\t\t\t\t\tEstructura de acero reforzado que mejora la seguridad, la durabilidad y la protecci\u00f3n ambiental.\n\t\t\t\t\t<\/p>\n\t\t\t\t\n\t\t\t<\/div>\n\t\t\t\n\t\t<\/div>\n\t\t\t\t\t\t<\/div>\n\t\t\t\t<div class=\"elementor-element elementor-element-ecd22c7 elementor-view-default elementor-position-top elementor-mobile-position-top elementor-widget elementor-widget-icon-box\" data-id=\"ecd22c7\" data-element_type=\"widget\" data-widget_type=\"icon-box.default\">\n\t\t\t\t\t\t\t<div class=\"elementor-icon-box-wrapper\">\n\n\t\t\t\t\t\t<div class=\"elementor-icon-box-icon\">\n\t\t\t\t<span  class=\"elementor-icon\">\n\t\t\t\t<svg xmlns=\"http:\/\/www.w3.org\/2000\/svg\" viewBox=\"0 0 256 256\"><rect width=\"256\" height=\"256\" fill=\"none\"><\/rect><line x1=\"24\" y1=\"216\" x2=\"128\" y2=\"216\" fill=\"none\" stroke=\"currentColor\" stroke-linecap=\"round\" stroke-linejoin=\"round\" stroke-width=\"12\"><\/line><line x1=\"24\" y1=\"88\" x2=\"240\" y2=\"88\" fill=\"none\" stroke=\"currentColor\" stroke-linecap=\"round\" stroke-linejoin=\"round\" stroke-width=\"12\"><\/line><line x1=\"48\" y1=\"152\" x2=\"104\" y2=\"152\" fill=\"none\" stroke=\"currentColor\" stroke-linecap=\"round\" stroke-linejoin=\"round\" stroke-width=\"12\"><\/line><path d=\"M216,88v96a8,8,0,0,1-8,8H192a8,8,0,0,1-8-8v-8\" fill=\"none\" stroke=\"currentColor\" stroke-linecap=\"round\" stroke-linejoin=\"round\" stroke-width=\"12\"><\/path><polyline points=\"48 216 48 40 80 40 104 88 104 216\" fill=\"none\" stroke=\"currentColor\" stroke-linecap=\"round\" stroke-linejoin=\"round\" stroke-width=\"12\"><\/polyline><\/svg>\t\t\t\t<\/span>\n\t\t\t<\/div>\n\t\t\t\n\t\t\t\t\t\t<div class=\"elementor-icon-box-content\">\n\n\t\t\t\t\t\t\t\t\t<h3 class=\"elementor-icon-box-title\">\n\t\t\t\t\t\t<span  >\n\t\t\t\t\t\t\tGr\u00faa hidr\u00e1ulica en cubierta\t\t\t\t\t\t<\/span>\n\t\t\t\t\t<\/h3>\n\t\t\t\t\n\t\t\t\t\t\t\t\t\t<p class=\"elementor-icon-box-description\">\n\t\t\t\t\t\tCapacidad de 2,5 toneladas a 8 metros para manipular contenedores MARPOL con total eficiencia.\n\t\t\t\t\t<\/p>\n\t\t\t\t\n\t\t\t<\/div>\n\t\t\t\n\t\t<\/div>\n\t\t\t\t\t\t<\/div>\n\t\t\t\t<div class=\"elementor-element elementor-element-ca45eed elementor-view-default elementor-position-top elementor-mobile-position-top elementor-widget elementor-widget-icon-box\" data-id=\"ca45eed\" data-element_type=\"widget\" data-widget_type=\"icon-box.default\">\n\t\t\t\t\t\t\t<div class=\"elementor-icon-box-wrapper\">\n\n\t\t\t\t\t\t<div class=\"elementor-icon-box-icon\">\n\t\t\t\t<span  class=\"elementor-icon\">\n\t\t\t\t<svg xmlns=\"http:\/\/www.w3.org\/2000\/svg\" viewBox=\"0 0 256 256\"><rect width=\"256\" height=\"256\" fill=\"none\"><\/rect><line x1=\"128\" y1=\"48\" x2=\"128\" y2=\"24\" fill=\"none\" stroke=\"currentColor\" stroke-linecap=\"round\" stroke-linejoin=\"round\" stroke-width=\"12\"><\/line><line x1=\"128\" y1=\"168\" x2=\"128\" y2=\"88\" fill=\"none\" stroke=\"currentColor\" stroke-linecap=\"round\" stroke-linejoin=\"round\" stroke-width=\"12\"><\/line><path d=\"M224,152c0,56-96,80-96,80s-96-24-96-80V125.77a8,8,0,0,1,5.47-7.59L128,88l90.53,30.18a8,8,0,0,1,5.47,7.59Z\" fill=\"none\" stroke=\"currentColor\" stroke-linecap=\"round\" stroke-linejoin=\"round\" stroke-width=\"12\"><\/path><path d=\"M56,112V56a8,8,0,0,1,8-8H192a8,8,0,0,1,8,8v56\" fill=\"none\" stroke=\"currentColor\" stroke-linecap=\"round\" stroke-linejoin=\"round\" stroke-width=\"12\"><\/path><\/svg>\t\t\t\t<\/span>\n\t\t\t<\/div>\n\t\t\t\n\t\t\t\t\t\t<div class=\"elementor-icon-box-content\">\n\n\t\t\t\t\t\t\t\t\t<h3 class=\"elementor-icon-box-title\">\n\t\t\t\t\t\t<span  >\n\t\t\t\t\t\t\tDise\u00f1o optimizado para puerto\t\t\t\t\t\t<\/span>\n\t\t\t\t\t<\/h3>\n\t\t\t\t\n\t\t\t\t\t\t\t\t\t<p class=\"elementor-icon-box-description\">\n\t\t\t\t\t\tManiobrabilidad mejorada, cubierta funcional y sistemas pensados para trabajo diario.\n\t\t\t\t\t<\/p>\n\t\t\t\t\n\t\t\t<\/div>\n\t\t\t\n\t\t<\/div>\n\t\t\t\t\t\t<\/div>\n\t\t\t\t<\/div>\n\t\t\t\t\t<\/div>\n\t\t\t\t<\/div>\n\t\t<div class=\"elementor-element elementor-element-5fda5b5 e-flex e-con-boxed e-con e-parent\" data-id=\"5fda5b5\" data-element_type=\"container\" data-settings=\"{&quot;background_background&quot;:&quot;classic&quot;}\">\n\t\t\t\t\t<div class=\"e-con-inner\">\n\t\t<div class=\"elementor-element elementor-element-dc9fc97 e-con-full e-flex e-con e-child\" data-id=\"dc9fc97\" data-element_type=\"container\">\n\t\t\t\t<div class=\"elementor-element elementor-element-784569f elementor-widget elementor-widget-industrium_heading\" data-id=\"784569f\" data-element_type=\"widget\" data-widget_type=\"industrium_heading.default\">\n\t\t\t\t<div class=\"elementor-widget-container\">\n\t\t\t\t\t<div class=\"industrium-heading-widget\"><h2 class=\"industrium-heading\"><span class=\"industrium-subheading\">Dise\u00f1o y ingenier\u00eda <\/span><span class=\"industrium-heading-content\">Construido para operaciones exigentes de gesti\u00f3n de residuos portuarios<\/span><\/h2><\/div>\t\t\t\t<\/div>\n\t\t\t\t<\/div>\n\t\t\t\t<div class=\"elementor-element elementor-element-ec18629 elementor-widget elementor-widget-text-editor\" data-id=\"ec18629\" data-element_type=\"widget\" data-widget_type=\"text-editor.default\">\n\t\t\t\t\t\t\t\t\t<p class=\"p1\">Este buque ha sido dise\u00f1ado como una plataforma especializada para la recolecci\u00f3n y transferencia de residuos MARPOL. Con capacidades de hasta 1.200 m\u00b3 y un casco doble reforzado, garantiza un funcionamiento seguro y continuo en entornos portuarios de alta actividad. Sus sistemas de propulsi\u00f3n y gobierno ofrecen excelente maniobrabilidad, mientras que las instalaciones de bombeo y almacenamiento aseguran el tratamiento eficiente de residuos MARPOL I, IV, V y VI.<\/p><p class=\"p1\">Los sistemas de navegaci\u00f3n y comunicaciones (VHF, AIS, radar, GPS) aumentan la seguridad operacional, y la gr\u00faa hidr\u00e1ulica \u2014capaz de elevar 2,5 toneladas a 8 metros\u2014 aporta un soporte esencial en la manipulaci\u00f3n de contenedores. Cada componente est\u00e1 dise\u00f1ado para ofrecer fiabilidad, seguridad y cumplimiento normativo.<\/p>\t\t\t\t\t\t\t\t<\/div>\n\t\t\t\t<\/div>\n\t\t<div class=\"elementor-element elementor-element-5652fb8 e-con-full e-flex e-con e-child\" data-id=\"5652fb8\" data-element_type=\"container\" data-settings=\"{&quot;background_background&quot;:&quot;classic&quot;}\">\n\t\t\t\t<\/div>\n\t\t\t\t<div class=\"elementor-element elementor-element-f759789 elementor-absolute decoration-type-1 elementor-invisible elementor-widget elementor-widget-industrium_decoration\" data-id=\"f759789\" data-element_type=\"widget\" data-settings=\"{&quot;_position&quot;:&quot;absolute&quot;,&quot;_animation&quot;:&quot;industrium_decoration&quot;,&quot;_animation_delay&quot;:300}\" data-widget_type=\"industrium_decoration.default\">\n\t\t\t\t<div class=\"elementor-widget-container\">\n\t\t\t\t\t        <div class=\"decoration-widget\">\n            <div class=\"decoration-container\">\n                <div class=\"industrium-decoration\">\n                    <div><\/div><div><\/div><div><\/div>\n                <\/div>\n            <\/div>\n        <\/div>\n        \t\t\t\t<\/div>\n\t\t\t\t<\/div>\n\t\t\t\t\t<\/div>\n\t\t\t\t<\/div>\n\t\t<div class=\"elementor-element elementor-element-c42e1de e-flex e-con-boxed e-con e-parent\" data-id=\"c42e1de\" data-element_type=\"container\">\n\t\t\t\t\t<div class=\"e-con-inner\">\n\t\t<div class=\"elementor-element elementor-element-bc46e64 e-con-full e-flex e-con e-child\" data-id=\"bc46e64\" data-element_type=\"container\" data-settings=\"{&quot;background_background&quot;:&quot;classic&quot;}\">\n\t\t\t\t<\/div>\n\t\t<div class=\"elementor-element elementor-element-3f3eae8 e-con-full e-flex e-con e-child\" data-id=\"3f3eae8\" data-element_type=\"container\">\n\t\t\t\t<div class=\"elementor-element elementor-element-bdff5c7 elementor-widget elementor-widget-industrium_heading\" data-id=\"bdff5c7\" data-element_type=\"widget\" data-widget_type=\"industrium_heading.default\">\n\t\t\t\t<div class=\"elementor-widget-container\">\n\t\t\t\t\t<div class=\"industrium-heading-widget\"><h2 class=\"industrium-heading\"><span class=\"industrium-subheading\">Aplicaciones en operaciones portuarias <\/span><span class=\"industrium-heading-content\">Una soluci\u00f3n completa para la gesti\u00f3n de residuos MARPOL<\/span><\/h2><\/div>\t\t\t\t<\/div>\n\t\t\t\t<\/div>\n\t\t\t\t<div class=\"elementor-element elementor-element-05c40b0 elementor-widget elementor-widget-text-editor\" data-id=\"05c40b0\" data-element_type=\"widget\" data-widget_type=\"text-editor.default\">\n\t\t\t\t\t\t\t\t\t<p class=\"p1\">Este buque permite a las autoridades portuarias y operadores cumplir con las exigencias MARPOL de forma eficiente y segura. Su configuraci\u00f3n facilita todo el ciclo de gesti\u00f3n del residuo: desde la recolecci\u00f3n en el atraque hasta la transferencia a las instalaciones receptoras, reduciendo riesgos ambientales y tiempos de inactividad.<\/p>\t\t\t\t\t\t\t\t<\/div>\n\t\t\t\t<div class=\"elementor-element elementor-element-9f36bc4 elementor-icon-list--layout-traditional elementor-list-item-link-full_width elementor-widget elementor-widget-icon-list\" data-id=\"9f36bc4\" data-element_type=\"widget\" data-widget_type=\"icon-list.default\">\n\t\t\t\t\t\t\t<ul class=\"elementor-icon-list-items\">\n\t\t\t\t\t\t\t<li class=\"elementor-icon-list-item\">\n\t\t\t\t\t\t\t\t\t\t\t<span class=\"elementor-icon-list-icon\">\n\t\t\t\t\t\t\t<svg xmlns=\"http:\/\/www.w3.org\/2000\/svg\" xmlns:xlink=\"http:\/\/www.w3.org\/1999\/xlink\" viewBox=\"0 0 16 16\"><path d=\"M14.374,15.999 L5.562,15.999 L5.562,14.374 L13.238,14.374 L0.0,1.135 L1.137,0.1 L14.374,13.236 L14.374,5.562 L15.999,5.562 L15.999,14.374 L15.999,15.999 L14.374,15.999 Z\"><\/path><\/svg>\t\t\t\t\t\t<\/span>\n\t\t\t\t\t\t\t\t\t\t<span class=\"elementor-icon-list-text\">Recoge residuos MARPOL I, IV, V y VI directamente de los buques<\/span>\n\t\t\t\t\t\t\t\t\t<\/li>\n\t\t\t\t\t\t\t\t<li class=\"elementor-icon-list-item\">\n\t\t\t\t\t\t\t\t\t\t\t<span class=\"elementor-icon-list-icon\">\n\t\t\t\t\t\t\t<svg xmlns=\"http:\/\/www.w3.org\/2000\/svg\" xmlns:xlink=\"http:\/\/www.w3.org\/1999\/xlink\" viewBox=\"0 0 16 16\"><path d=\"M14.374,15.999 L5.562,15.999 L5.562,14.374 L13.238,14.374 L0.0,1.135 L1.137,0.1 L14.374,13.236 L14.374,5.562 L15.999,5.562 L15.999,14.374 L15.999,15.999 L14.374,15.999 Z\"><\/path><\/svg>\t\t\t\t\t\t<\/span>\n\t\t\t\t\t\t\t\t\t\t<span class=\"elementor-icon-list-text\">Transfiere los residuos de forma segura a instalaciones en tierra<\/span>\n\t\t\t\t\t\t\t\t\t<\/li>\n\t\t\t\t\t\t\t\t<li class=\"elementor-icon-list-item\">\n\t\t\t\t\t\t\t\t\t\t\t<span class=\"elementor-icon-list-icon\">\n\t\t\t\t\t\t\t<svg xmlns=\"http:\/\/www.w3.org\/2000\/svg\" xmlns:xlink=\"http:\/\/www.w3.org\/1999\/xlink\" viewBox=\"0 0 16 16\"><path d=\"M14.374,15.999 L5.562,15.999 L5.562,14.374 L13.238,14.374 L0.0,1.135 L1.137,0.1 L14.374,13.236 L14.374,5.562 L15.999,5.562 L15.999,14.374 L15.999,15.999 L14.374,15.999 Z\"><\/path><\/svg>\t\t\t\t\t\t<\/span>\n\t\t\t\t\t\t\t\t\t\t<span class=\"elementor-icon-list-text\">Manipula contenedores con la gr\u00faa hidr\u00e1ulica de 2,5 t \/ 8 m<\/span>\n\t\t\t\t\t\t\t\t\t<\/li>\n\t\t\t\t\t\t\t\t<li class=\"elementor-icon-list-item\">\n\t\t\t\t\t\t\t\t\t\t\t<span class=\"elementor-icon-list-icon\">\n\t\t\t\t\t\t\t<svg xmlns=\"http:\/\/www.w3.org\/2000\/svg\" xmlns:xlink=\"http:\/\/www.w3.org\/1999\/xlink\" viewBox=\"0 0 16 16\"><path d=\"M14.374,15.999 L5.562,15.999 L5.562,14.374 L13.238,14.374 L0.0,1.135 L1.137,0.1 L14.374,13.236 L14.374,5.562 L15.999,5.562 L15.999,14.374 L15.999,15.999 L14.374,15.999 Z\"><\/path><\/svg>\t\t\t\t\t\t<\/span>\n\t\t\t\t\t\t\t\t\t\t<span class=\"elementor-icon-list-text\">Garantiza operaciones portuarias seguras, continuas y conformes a normativa<\/span>\n\t\t\t\t\t\t\t\t\t<\/li>\n\t\t\t\t\t\t<\/ul>\n\t\t\t\t\t\t<\/div>\n\t\t\t\t<\/div>\n\t\t\t\t\t<\/div>\n\t\t\t\t<\/div>\n\t\t<div class=\"elementor-element elementor-element-e4309a6 e-flex e-con-boxed e-con e-parent\" data-id=\"e4309a6\" data-element_type=\"container\">\n\t\t\t\t\t<div class=\"e-con-inner\">\n\t\t\t\t<div class=\"elementor-element elementor-element-12ed617 elementor-widget elementor-widget-video\" data-id=\"12ed617\" data-element_type=\"widget\" data-settings=\"{&quot;youtube_url&quot;:&quot;https:\\\/\\\/www.youtube.com\\\/watch?v=ppAq8yZK4ds&quot;,&quot;show_image_overlay&quot;:&quot;yes&quot;,&quot;image_overlay&quot;:{&quot;url&quot;:&quot;https:\\\/\\\/sym-naval.com\\\/wp-content\\\/uploads\\\/Buque_Marpol_1-en-tamano-grande.jpeg&quot;,&quot;id&quot;:18011,&quot;size&quot;:&quot;&quot;,&quot;alt&quot;:&quot;&quot;,&quot;source&quot;:&quot;library&quot;},&quot;video_type&quot;:&quot;youtube&quot;,&quot;controls&quot;:&quot;yes&quot;}\" data-widget_type=\"video.default\">\n\t\t\t\t\t\t\t<div class=\"elementor-wrapper elementor-open-inline\">\n\t\t\t<div class=\"elementor-video\"><\/div>\t\t\t\t<div class=\"elementor-custom-embed-image-overlay\" style=\"background-image: url(https:\/\/sym-naval.com\/wp-content\/uploads\/Buque_Marpol_1-en-tamano-grande.jpeg);\">\n\t\t\t\t\t\t\t\t\t\t\t\t\t\t\t\t<div class=\"elementor-custom-embed-play\" role=\"button\" aria-label=\"Reproducir v\u00eddeo\" tabindex=\"0\">\n\t\t\t\t\t\t\t<i aria-hidden=\"true\" class=\"eicon-play\"><\/i>\t\t\t\t\t\t<\/div>\n\t\t\t\t\t\t\t\t\t<\/div>\n\t\t\t\t\t<\/div>\n\t\t\t\t\t\t<\/div>\n\t\t\t\t\t<\/div>\n\t\t\t\t<\/div>\n\t\t<div class=\"elementor-element elementor-element-637e6b71 e-flex e-con-boxed e-con e-parent\" data-id=\"637e6b71\" data-element_type=\"container\">\n\t\t\t\t\t<div class=\"e-con-inner\">\n\t\t\t\t<div class=\"elementor-element elementor-element-5f7c925a elementor-widget__width-initial elementor-widget elementor-widget-industrium_heading\" data-id=\"5f7c925a\" data-element_type=\"widget\" data-widget_type=\"industrium_heading.default\">\n\t\t\t\t<div class=\"elementor-widget-container\">\n\t\t\t\t\t<div class=\"industrium-heading-widget\"><h2 class=\"industrium-heading\"><span class=\"industrium-subheading\">Descubre nuestras capacidades de construcci\u00f3n naval <\/span><span class=\"industrium-heading-content\">Descarga el cat\u00e1logo corporativo de construcci\u00f3n para ver especificaciones completas y detalles t\u00e9cnicos.<\/span><\/h2><\/div>\t\t\t\t<\/div>\n\t\t\t\t<\/div>\n\t\t\t\t<div class=\"elementor-element elementor-element-32d24d64 elementor-widget elementor-widget-industrium_button\" data-id=\"32d24d64\" data-element_type=\"widget\" data-widget_type=\"industrium_button.default\">\n\t\t\t\t<div class=\"elementor-widget-container\">\n\t\t\t\t\t\n        <div class=\"button-widget\">\n            <div class=\"button-container\">\n                <a href=\"https:\/\/sym-naval.com\/assets\/DGTL-CONSTRUCCION-ES.pdf\" target=\"_blank\" class=\"industrium-button button-type-2\">\n                    <span class=\"industrium-button-text\">Descargar<\/span>                    \n                <\/a>\n            <\/div>\n        <\/div>\n        \t\t\t\t<\/div>\n\t\t\t\t<\/div>\n\t\t\t\t\t<\/div>\n\t\t\t\t<\/div>\n\t\t\t\t<\/div>\n\t\t","protected":false},"excerpt":{"rendered":"<p>SYM Naval dise\u00f1a y construye buques portuarios MARPOL para la recogida y el transporte de residuos I\u2013VI. Construcci\u00f3n naval a medida, ecoeficiente y conforme a los est\u00e1ndares internacionales certificados.<\/p>\n","protected":false},"author":1,"featured_media":15190,"parent":7366,"menu_order":0,"comment_status":"closed","ping_status":"closed","template":"","meta":{"footnotes":""},"class_list":["post-7431","page","type-page","status-publish","has-post-thumbnail","hentry"],"_links":{"self":[{"href":"https:\/\/sym-naval.com\/es\/wp-json\/wp\/v2\/pages\/7431","targetHints":{"allow":["GET"]}}],"collection":[{"href":"https:\/\/sym-naval.com\/es\/wp-json\/wp\/v2\/pages"}],"about":[{"href":"https:\/\/sym-naval.com\/es\/wp-json\/wp\/v2\/types\/page"}],"author":[{"embeddable":true,"href":"https:\/\/sym-naval.com\/es\/wp-json\/wp\/v2\/users\/1"}],"replies":[{"embeddable":true,"href":"https:\/\/sym-naval.com\/es\/wp-json\/wp\/v2\/comments?post=7431"}],"version-history":[{"count":13,"href":"https:\/\/sym-naval.com\/es\/wp-json\/wp\/v2\/pages\/7431\/revisions"}],"predecessor-version":[{"id":18027,"href":"https:\/\/sym-naval.com\/es\/wp-json\/wp\/v2\/pages\/7431\/revisions\/18027"}],"up":[{"embeddable":true,"href":"https:\/\/sym-naval.com\/es\/wp-json\/wp\/v2\/pages\/7366"}],"wp:featuredmedia":[{"embeddable":true,"href":"https:\/\/sym-naval.com\/es\/wp-json\/wp\/v2\/media\/15190"}],"wp:attachment":[{"href":"https:\/\/sym-naval.com\/es\/wp-json\/wp\/v2\/media?parent=7431"}],"curies":[{"name":"wp","href":"https:\/\/api.w.org\/{rel}","templated":true}]}}