{"id":7437,"date":"2023-12-18T07:03:39","date_gmt":"2023-12-18T06:03:39","guid":{"rendered":"https:\/\/staging.sym-naval.com\/reparacion-y-conversion-naval\/sistema-de-agua-de-lastre\/"},"modified":"2025-12-31T07:13:43","modified_gmt":"2025-12-31T06:13:43","slug":"tratamiento-aguas-lastre","status":"publish","type":"page","link":"https:\/\/sym-naval.com\/es\/reparacion-naval\/tratamiento-aguas-lastre\/","title":{"rendered":"Tratamiento de Aguas de Lastre (BWTS)"},"content":{"rendered":"\t\t<div data-elementor-type=\"wp-page\" data-elementor-id=\"7437\" class=\"elementor elementor-7437 elementor-5907\" data-elementor-post-type=\"page\">\n\t\t\t\t<div class=\"elementor-element elementor-element-9732cb7 e-flex e-con-boxed e-con e-parent\" data-id=\"9732cb7\" data-element_type=\"container\" data-settings=\"{&quot;background_background&quot;:&quot;classic&quot;}\">\n\t\t\t\t\t<div class=\"e-con-inner\">\n\t\t\t\t<div class=\"elementor-element elementor-element-3fb8222 elementor-widget__width-initial elementor-widget-mobile__width-inherit elementor-widget elementor-widget-heading\" data-id=\"3fb8222\" data-element_type=\"widget\" data-widget_type=\"heading.default\">\n\t\t\t\t\t<h1 class=\"elementor-heading-title elementor-size-default\">Sistemas de tratamiento de aguas de lastre<\/h1>\t\t\t\t<\/div>\n\t\t\t\t<div class=\"elementor-element elementor-element-d10b22f elementor-absolute decoration-type-1 elementor-invisible elementor-widget elementor-widget-industrium_decoration\" data-id=\"d10b22f\" data-element_type=\"widget\" data-settings=\"{&quot;_position&quot;:&quot;absolute&quot;,&quot;_animation&quot;:&quot;industrium_decoration&quot;,&quot;_animation_delay&quot;:300}\" data-widget_type=\"industrium_decoration.default\">\n\t\t\t\t<div class=\"elementor-widget-container\">\n\t\t\t\t\t        <div class=\"decoration-widget\">\n            <div class=\"decoration-container\">\n                <div class=\"industrium-decoration\">\n                    <div><\/div><div><\/div><div><\/div>\n                <\/div>\n            <\/div>\n        <\/div>\n        \t\t\t\t<\/div>\n\t\t\t\t<\/div>\n\t\t\t\t\t<\/div>\n\t\t\t\t<\/div>\n\t\t<div class=\"elementor-element elementor-element-b2c1798 e-flex e-con-boxed e-con e-parent\" data-id=\"b2c1798\" data-element_type=\"container\">\n\t\t\t\t\t<div class=\"e-con-inner\">\n\t\t<div class=\"elementor-element elementor-element-7a0e54d e-con-full e-flex e-con e-child\" data-id=\"7a0e54d\" data-element_type=\"container\">\n\t\t\t\t<div class=\"elementor-element elementor-element-12fe8fb elementor-widget elementor-widget-industrium_heading\" data-id=\"12fe8fb\" data-element_type=\"widget\" data-widget_type=\"industrium_heading.default\">\n\t\t\t\t<div class=\"elementor-widget-container\">\n\t\t\t\t\t<div class=\"industrium-heading-widget\"><h2 class=\"industrium-heading\"><span class=\"industrium-subheading\">Servicios independientes de BWTS <\/span><span class=\"industrium-heading-content\">Ingenier\u00eda e instalaci\u00f3n\u00a0 de sistemas de tratamiento de aguas de lastre<\/span><\/h2><\/div>\t\t\t\t<\/div>\n\t\t\t\t<\/div>\n\t\t\t\t<div class=\"elementor-element elementor-element-3784c0b elementor-widget elementor-widget-industrium_button\" data-id=\"3784c0b\" data-element_type=\"widget\" data-widget_type=\"industrium_button.default\">\n\t\t\t\t<div class=\"elementor-widget-container\">\n\t\t\t\t\t\n        <div class=\"button-widget\">\n            <div class=\"button-container\">\n                <a href=\"https:\/\/sym-naval.com\/assets\/ballast-water-web-en.pdf\" target=\"_blank\" class=\"industrium-button button-type-1\">\n                    DESCUBRA NUESTRAS CAPACIDADES<svg viewBox=\"0 0 13 20\"><polyline points=\"0.5 19.5 3 19.5 12.5 10 3 0.5\"><\/polyline><\/svg>                    \n                <\/a>\n            <\/div>\n        <\/div>\n        \t\t\t\t<\/div>\n\t\t\t\t<\/div>\n\t\t\t\t<\/div>\n\t\t<div class=\"elementor-element elementor-element-21fb820 e-con-full e-flex e-con e-child\" data-id=\"21fb820\" data-element_type=\"container\">\n\t\t\t\t<div class=\"elementor-element elementor-element-fe01e9d elementor-widget elementor-widget-text-editor\" data-id=\"fe01e9d\" data-element_type=\"widget\" data-widget_type=\"text-editor.default\">\n\t\t\t\t\t\t\t\t\t<p><strong>En SYM Naval prestamos servicios independientes de ingenier\u00eda e instalaci\u00f3n de sistemas de tratamiento de aguas de lastre (BWTS), apoyando a los armadores durante todo el ciclo de vida del proyecto. Desde la selecci\u00f3n del sistema y la ingenier\u00eda hasta la instalaci\u00f3n a bordo y la puesta en marcha, ofrecemos soluciones BWTS conformes y eficientes, adaptadas a los requisitos t\u00e9cnicos y operativos de cada buque.<\/strong><\/p><p>Nuestros equipos trabajan tanto a flote como en dique seco, incluyendo instalaciones realizadas durante la navegaci\u00f3n para minimizar el tiempo de inactividad del buque. Con ingenier\u00eda propia, capacidades de escaneado 3D y modelado digital, y soporte operativo mundial desde nuestras bases estrat\u00e9gicas, aseguramos instalaciones BWTS seguras, optimizadas y aprobadas por Clase para buques comerciales que operan globalmente<\/p>\t\t\t\t\t\t\t\t<\/div>\n\t\t\t\t<\/div>\n\t\t\t\t\t<\/div>\n\t\t\t\t<\/div>\n\t\t<div class=\"elementor-element elementor-element-ff0ee7a e-grid e-con-boxed e-con e-parent\" data-id=\"ff0ee7a\" data-element_type=\"container\">\n\t\t\t\t\t<div class=\"e-con-inner\">\n\t\t\t\t<div class=\"elementor-element elementor-element-a30f531 elementor-view-default elementor-position-top elementor-mobile-position-top elementor-widget elementor-widget-icon-box\" data-id=\"a30f531\" data-element_type=\"widget\" data-widget_type=\"icon-box.default\">\n\t\t\t\t\t\t\t<div class=\"elementor-icon-box-wrapper\">\n\n\t\t\t\t\t\t<div class=\"elementor-icon-box-icon\">\n\t\t\t\t<a href=\"https:\/\/sym-naval.com\/ship-repair-conversion\/dry-docking\/\" class=\"elementor-icon\" tabindex=\"-1\" aria-label=\"Independientes\">\n\t\t\t\t<svg xmlns=\"http:\/\/www.w3.org\/2000\/svg\" viewBox=\"0 0 256 256\"><rect width=\"256\" height=\"256\" fill=\"none\"><\/rect><path d=\"M216,112V56a8,8,0,0,0-8-8H48a8,8,0,0,0-8,8v56c0,96,88,120,88,120S216,208,216,112Z\" fill=\"none\" stroke=\"currentColor\" stroke-linecap=\"round\" stroke-linejoin=\"round\" stroke-width=\"12\"><\/path><polyline points=\"88 136 112 160 168 104\" fill=\"none\" stroke=\"currentColor\" stroke-linecap=\"round\" stroke-linejoin=\"round\" stroke-width=\"12\"><\/polyline><\/svg>\t\t\t\t<\/a>\n\t\t\t<\/div>\n\t\t\t\n\t\t\t\t\t\t<div class=\"elementor-icon-box-content\">\n\n\t\t\t\t\t\t\t\t\t<h3 class=\"elementor-icon-box-title\">\n\t\t\t\t\t\t<a href=\"https:\/\/sym-naval.com\/ship-repair-conversion\/dry-docking\/\" >\n\t\t\t\t\t\t\tIndependientes\t\t\t\t\t\t<\/a>\n\t\t\t\t\t<\/h3>\n\t\t\t\t\n\t\t\t\t\t\t\t\t\t<p class=\"elementor-icon-box-description\">\n\t\t\t\t\t\tAsesoramiento t\u00e9cnico sin v\u00ednculos con ning\u00fan fabricante, asegurando la soluci\u00f3n BWTS m\u00e1s adecuada para cada buque y perfil operativo.\t\t\t\t\t<\/p>\n\t\t\t\t\n\t\t\t<\/div>\n\t\t\t\n\t\t<\/div>\n\t\t\t\t\t\t<\/div>\n\t\t\t\t<div class=\"elementor-element elementor-element-45b72e3 elementor-view-default elementor-position-top elementor-mobile-position-top elementor-widget elementor-widget-icon-box\" data-id=\"45b72e3\" data-element_type=\"widget\" data-widget_type=\"icon-box.default\">\n\t\t\t\t\t\t\t<div class=\"elementor-icon-box-wrapper\">\n\n\t\t\t\t\t\t<div class=\"elementor-icon-box-icon\">\n\t\t\t\t<a href=\"https:\/\/sym-naval.com\/ship-repair-conversion\/afloat-ship-repairs\/\" class=\"elementor-icon\" tabindex=\"-1\" aria-label=\"Dise\u00f1o 3D\">\n\t\t\t\t<svg xmlns=\"http:\/\/www.w3.org\/2000\/svg\" viewBox=\"0 0 256 256\"><rect width=\"256\" height=\"256\" fill=\"none\"><\/rect><polyline points=\"184 48 224 48 224 88\" fill=\"none\" stroke=\"currentColor\" stroke-linecap=\"round\" stroke-linejoin=\"round\" stroke-width=\"16\"><\/polyline><polyline points=\"72 208 32 208 32 168\" fill=\"none\" stroke=\"currentColor\" stroke-linecap=\"round\" stroke-linejoin=\"round\" stroke-width=\"16\"><\/polyline><polyline points=\"224 168 224 208 184 208\" fill=\"none\" stroke=\"currentColor\" stroke-linecap=\"round\" stroke-linejoin=\"round\" stroke-width=\"16\"><\/polyline><polyline points=\"32 88 32 48 72 48\" fill=\"none\" stroke=\"currentColor\" stroke-linecap=\"round\" stroke-linejoin=\"round\" stroke-width=\"16\"><\/polyline><polygon points=\"128 64 184 96 184 160 128 192 72 160 72 96 128 64\" fill=\"none\" stroke=\"currentColor\" stroke-linecap=\"round\" stroke-linejoin=\"round\" stroke-width=\"16\"><\/polygon><polyline points=\"72 96 128 128 184 96\" fill=\"none\" stroke=\"currentColor\" stroke-linecap=\"round\" stroke-linejoin=\"round\" stroke-width=\"16\"><\/polyline><line x1=\"128\" y1=\"128\" x2=\"128\" y2=\"192\" fill=\"none\" stroke=\"currentColor\" stroke-linecap=\"round\" stroke-linejoin=\"round\" stroke-width=\"16\"><\/line><\/svg>\t\t\t\t<\/a>\n\t\t\t<\/div>\n\t\t\t\n\t\t\t\t\t\t<div class=\"elementor-icon-box-content\">\n\n\t\t\t\t\t\t\t\t\t<h3 class=\"elementor-icon-box-title\">\n\t\t\t\t\t\t<a href=\"https:\/\/sym-naval.com\/ship-repair-conversion\/afloat-ship-repairs\/\" >\n\t\t\t\t\t\t\tDise\u00f1o 3D\t\t\t\t\t\t<\/a>\n\t\t\t\t\t<\/h3>\n\t\t\t\t\n\t\t\t\t\t\t\t\t\t<p class=\"elementor-icon-box-description\">\n\t\t\t\t\t\tIngenier\u00eda propia, escaneado 3D y planos digitales para validar la viabilidad, optimizar la integraci\u00f3n y agilizar las aprobaciones.\t\t\t\t\t<\/p>\n\t\t\t\t\n\t\t\t<\/div>\n\t\t\t\n\t\t<\/div>\n\t\t\t\t\t\t<\/div>\n\t\t\t\t<div class=\"elementor-element elementor-element-2800659 elementor-view-default elementor-position-top elementor-mobile-position-top elementor-widget elementor-widget-icon-box\" data-id=\"2800659\" data-element_type=\"widget\" data-widget_type=\"icon-box.default\">\n\t\t\t\t\t\t\t<div class=\"elementor-icon-box-wrapper\">\n\n\t\t\t\t\t\t<div class=\"elementor-icon-box-icon\">\n\t\t\t\t<a href=\"https:\/\/sym-naval.com\/ship-repair-conversion\/in-navigation-repairs\/\" class=\"elementor-icon\" tabindex=\"-1\" aria-label=\"Llave en Mano\">\n\t\t\t\t<svg xmlns=\"http:\/\/www.w3.org\/2000\/svg\" viewBox=\"0 0 256 256\"><rect width=\"256\" height=\"256\" fill=\"none\"><\/rect><path d=\"M104,126.94a64,64,0,0,1,80-90.29L144,80l5.66,26.34L176,112l43.35-40a64,64,0,0,1-90.29,80L73,217A24,24,0,0,1,39,183Z\" fill=\"none\" stroke=\"currentColor\" stroke-linecap=\"round\" stroke-linejoin=\"round\" stroke-width=\"16\"><\/path><\/svg>\t\t\t\t<\/a>\n\t\t\t<\/div>\n\t\t\t\n\t\t\t\t\t\t<div class=\"elementor-icon-box-content\">\n\n\t\t\t\t\t\t\t\t\t<h3 class=\"elementor-icon-box-title\">\n\t\t\t\t\t\t<a href=\"https:\/\/sym-naval.com\/ship-repair-conversion\/in-navigation-repairs\/\" >\n\t\t\t\t\t\t\tLlave en Mano\t\t\t\t\t\t<\/a>\n\t\t\t\t\t<\/h3>\n\t\t\t\t\n\t\t\t\t\t\t\t\t\t<p class=\"elementor-icon-box-description\">\n\t\t\t\t\t\tServicios completos de instalaci\u00f3n BWTS, incluyendo prefabricaci\u00f3n, integraci\u00f3n a bordo, puesta en marcha y aprobaci\u00f3n de Clase.\t\t\t\t\t<\/p>\n\t\t\t\t\n\t\t\t<\/div>\n\t\t\t\n\t\t<\/div>\n\t\t\t\t\t\t<\/div>\n\t\t\t\t<div class=\"elementor-element elementor-element-d3c8b17 elementor-view-default elementor-position-top elementor-mobile-position-top elementor-widget elementor-widget-icon-box\" data-id=\"d3c8b17\" data-element_type=\"widget\" data-widget_type=\"icon-box.default\">\n\t\t\t\t\t\t\t<div class=\"elementor-icon-box-wrapper\">\n\n\t\t\t\t\t\t<div class=\"elementor-icon-box-icon\">\n\t\t\t\t<a href=\"https:\/\/sym-naval.com\/ship-repair-conversion\/ship-conversion\/\" class=\"elementor-icon\" tabindex=\"-1\" aria-label=\"A Flote y en Seco\">\n\t\t\t\t<svg xmlns=\"http:\/\/www.w3.org\/2000\/svg\" viewBox=\"0 0 256 256\"><rect width=\"256\" height=\"256\" fill=\"none\"><\/rect><line x1=\"128\" y1=\"48\" x2=\"128\" y2=\"24\" fill=\"none\" stroke=\"currentColor\" stroke-linecap=\"round\" stroke-linejoin=\"round\" stroke-width=\"12\"><\/line><line x1=\"128\" y1=\"168\" x2=\"128\" y2=\"88\" fill=\"none\" stroke=\"currentColor\" stroke-linecap=\"round\" stroke-linejoin=\"round\" stroke-width=\"12\"><\/line><path d=\"M224,152c0,56-96,80-96,80s-96-24-96-80V125.77a8,8,0,0,1,5.47-7.59L128,88l90.53,30.18a8,8,0,0,1,5.47,7.59Z\" fill=\"none\" stroke=\"currentColor\" stroke-linecap=\"round\" stroke-linejoin=\"round\" stroke-width=\"12\"><\/path><path d=\"M56,112V56a8,8,0,0,1,8-8H192a8,8,0,0,1,8,8v56\" fill=\"none\" stroke=\"currentColor\" stroke-linecap=\"round\" stroke-linejoin=\"round\" stroke-width=\"12\"><\/path><\/svg>\t\t\t\t<\/a>\n\t\t\t<\/div>\n\t\t\t\n\t\t\t\t\t\t<div class=\"elementor-icon-box-content\">\n\n\t\t\t\t\t\t\t\t\t<h3 class=\"elementor-icon-box-title\">\n\t\t\t\t\t\t<a href=\"https:\/\/sym-naval.com\/ship-repair-conversion\/ship-conversion\/\" >\n\t\t\t\t\t\t\tA Flote y en Seco\t\t\t\t\t\t<\/a>\n\t\t\t\t\t<\/h3>\n\t\t\t\t\n\t\t\t\t\t\t\t\t\t<p class=\"elementor-icon-box-description\">\n\t\t\t\t\t\tInstalaciones BWTS realizadas a flote, en navegaci\u00f3n o en dique seco, minimizando el tiempo de inactividad y el impacto operativo\t\t\t\t\t<\/p>\n\t\t\t\t\n\t\t\t<\/div>\n\t\t\t\n\t\t<\/div>\n\t\t\t\t\t\t<\/div>\n\t\t\t\t\t<\/div>\n\t\t\t\t<\/div>\n\t\t<div class=\"elementor-element elementor-element-0c31cae e-flex e-con-boxed e-con e-parent\" data-id=\"0c31cae\" data-element_type=\"container\" data-settings=\"{&quot;background_background&quot;:&quot;classic&quot;}\">\n\t\t\t\t\t<div class=\"e-con-inner\">\n\t\t<div class=\"elementor-element elementor-element-983b1a7 e-con-full e-flex e-con e-child\" data-id=\"983b1a7\" data-element_type=\"container\">\n\t\t\t\t<div class=\"elementor-element elementor-element-914a900 elementor-widget elementor-widget-industrium_heading\" data-id=\"914a900\" data-element_type=\"widget\" data-widget_type=\"industrium_heading.default\">\n\t\t\t\t<div class=\"elementor-widget-container\">\n\t\t\t\t\t<div class=\"industrium-heading-widget\"><h2 class=\"industrium-heading\"><span class=\"industrium-subheading\">Experiencia demostrada <\/span><span class=\"industrium-heading-content\">Proyectos BWTS entregados en todo el mundo<\/span><\/h2><\/div>\t\t\t\t<\/div>\n\t\t\t\t<\/div>\n\t\t\t\t<div class=\"elementor-element elementor-element-f4087bf elementor-widget elementor-widget-text-editor\" data-id=\"f4087bf\" data-element_type=\"widget\" data-widget_type=\"text-editor.default\">\n\t\t\t\t\t\t\t\t\t<p>Con una amplia experiencia en proyectos de sistemas de tratamiento de aguas de lastre, SYM Naval apoya a los armadores de todo el mundo desde el concepto hasta la ejecuci\u00f3n. Operando desde nuestras bases estrat\u00e9gicas en Barcelona y Santo Domingo, entregamos instalaciones BWTS para una amplia gama de buques comerciales, coordin\u00e1ndonos estrechamente con propietarios, astilleros, sociedades de clasificaci\u00f3n y tripulaciones a bordo.<\/p><p>Nuestros equipos est\u00e1n acostumbrados a trabajar en condiciones operativas reales, llevando a cabo instalaciones BWTS a flote, durante la navegaci\u00f3n o en dique seco. Este enfoque pr\u00e1ctico nos permite reducir el tiempo de inactividad, optimizar los cronogramas de ejecuci\u00f3n y asegurar instalaciones totalmente conformes adaptadas al dise\u00f1o y patr\u00f3n comercial de cada buque<\/p>\t\t\t\t\t\t\t\t<\/div>\n\t\t\t\t<div class=\"elementor-element elementor-element-3e85b2b elementor-widget elementor-widget-industrium_button\" data-id=\"3e85b2b\" data-element_type=\"widget\" data-widget_type=\"industrium_button.default\">\n\t\t\t\t<div class=\"elementor-widget-container\">\n\t\t\t\t\t\n        <div class=\"button-widget\">\n            <div class=\"button-container\">\n                <a href=\"https:\/\/sym-naval.com\/contact\/\" class=\"industrium-button button-type-1\">\n                    CONT\u00c1CTENOS<svg viewBox=\"0 0 13 20\"><polyline points=\"0.5 19.5 3 19.5 12.5 10 3 0.5\"><\/polyline><\/svg>                    \n                <\/a>\n            <\/div>\n        <\/div>\n        \t\t\t\t<\/div>\n\t\t\t\t<\/div>\n\t\t\t\t<\/div>\n\t\t<div class=\"elementor-element elementor-element-01adc59 e-con-full e-flex e-con e-child\" data-id=\"01adc59\" data-element_type=\"container\" data-settings=\"{&quot;background_background&quot;:&quot;classic&quot;}\">\n\t\t\t\t<\/div>\n\t\t\t\t<div class=\"elementor-element elementor-element-aa4dbf2 elementor-absolute decoration-type-1 elementor-invisible elementor-widget elementor-widget-industrium_decoration\" data-id=\"aa4dbf2\" data-element_type=\"widget\" data-settings=\"{&quot;_position&quot;:&quot;absolute&quot;,&quot;_animation&quot;:&quot;industrium_decoration&quot;,&quot;_animation_delay&quot;:300}\" data-widget_type=\"industrium_decoration.default\">\n\t\t\t\t<div class=\"elementor-widget-container\">\n\t\t\t\t\t        <div class=\"decoration-widget\">\n            <div class=\"decoration-container\">\n                <div class=\"industrium-decoration\">\n                    <div><\/div><div><\/div><div><\/div>\n                <\/div>\n            <\/div>\n        <\/div>\n        \t\t\t\t<\/div>\n\t\t\t\t<\/div>\n\t\t\t\t\t<\/div>\n\t\t\t\t<\/div>\n\t\t<div class=\"elementor-element elementor-element-1f34ffb e-flex e-con-boxed e-con e-parent\" data-id=\"1f34ffb\" data-element_type=\"container\">\n\t\t\t\t\t<div class=\"e-con-inner\">\n\t\t<div class=\"elementor-element elementor-element-9b92863 e-con-full e-flex e-con e-child\" data-id=\"9b92863\" data-element_type=\"container\" data-settings=\"{&quot;background_background&quot;:&quot;classic&quot;}\">\n\t\t\t\t<\/div>\n\t\t<div class=\"elementor-element elementor-element-5cc8bbb e-con-full e-flex e-con e-child\" data-id=\"5cc8bbb\" data-element_type=\"container\">\n\t\t\t\t<div class=\"elementor-element elementor-element-555a552 elementor-widget elementor-widget-industrium_heading\" data-id=\"555a552\" data-element_type=\"widget\" data-widget_type=\"industrium_heading.default\">\n\t\t\t\t<div class=\"elementor-widget-container\">\n\t\t\t\t\t<div class=\"industrium-heading-widget\"><h2 class=\"industrium-heading\"><span class=\"industrium-subheading\">C\u00f3mo trabajamos <\/span><span class=\"industrium-heading-content\">Ejecuci\u00f3n eficiente de proyectos BWTS<\/span><\/h2><\/div>\t\t\t\t<\/div>\n\t\t\t\t<\/div>\n\t\t\t\t<div class=\"elementor-element elementor-element-cf81798 elementor-widget elementor-widget-text-editor\" data-id=\"cf81798\" data-element_type=\"widget\" data-widget_type=\"text-editor.default\">\n\t\t\t\t\t\t\t\t\t<p>Cada proyecto de sistema de tratamiento de aguas de lastre se aborda con un enfoque claro en la viabilidad, la planificaci\u00f3n y la eficiencia de la ejecuci\u00f3n. Nuestro equipo de ingenier\u00eda interno desarrolla soluciones a medida basadas en la disposici\u00f3n del buque, las limitaciones operativas y los requisitos normativos, asegurando una integraci\u00f3n fluida del BWTS en los sistemas existentes a bordo.<\/p><p>Mediante escaneado 3D, modelado digital y prefabricaci\u00f3n, reducimos el trabajo a bordo y optimizamos los plazos de instalaci\u00f3n. Esta metodolog\u00eda nos permite adaptar el nivel de intervenci\u00f3n a cada proyecto, ya sea durante varadas programadas o mediante instalaciones cuidadosamente planificadas mientras el buque permanece operativo<\/p>\t\t\t\t\t\t\t\t<\/div>\n\t\t\t\t<div class=\"elementor-element elementor-element-58966b8 elementor-icon-list--layout-traditional elementor-list-item-link-full_width elementor-widget elementor-widget-icon-list\" data-id=\"58966b8\" data-element_type=\"widget\" data-widget_type=\"icon-list.default\">\n\t\t\t\t\t\t\t<ul class=\"elementor-icon-list-items\">\n\t\t\t\t\t\t\t<li class=\"elementor-icon-list-item\">\n\t\t\t\t\t\t\t\t\t\t\t<span class=\"elementor-icon-list-icon\">\n\t\t\t\t\t\t\t<svg xmlns=\"http:\/\/www.w3.org\/2000\/svg\" xmlns:xlink=\"http:\/\/www.w3.org\/1999\/xlink\" viewBox=\"0 0 16 16\"><path d=\"M14.374,15.999 L5.562,15.999 L5.562,14.374 L13.238,14.374 L0.0,1.135 L1.137,0.1 L14.374,13.236 L14.374,5.562 L15.999,5.562 L15.999,14.374 L15.999,15.999 L14.374,15.999 Z\"><\/path><\/svg>\t\t\t\t\t\t<\/span>\n\t\t\t\t\t\t\t\t\t\t<span class=\"elementor-icon-list-text\">Ingenier\u00eda basada en modelo digital y requisitos de Clase.<\/span>\n\t\t\t\t\t\t\t\t\t<\/li>\n\t\t\t\t\t\t\t\t<li class=\"elementor-icon-list-item\">\n\t\t\t\t\t\t\t\t\t\t\t<span class=\"elementor-icon-list-icon\">\n\t\t\t\t\t\t\t<svg xmlns=\"http:\/\/www.w3.org\/2000\/svg\" xmlns:xlink=\"http:\/\/www.w3.org\/1999\/xlink\" viewBox=\"0 0 16 16\"><path d=\"M14.374,15.999 L5.562,15.999 L5.562,14.374 L13.238,14.374 L0.0,1.135 L1.137,0.1 L14.374,13.236 L14.374,5.562 L15.999,5.562 L15.999,14.374 L15.999,15.999 L14.374,15.999 Z\"><\/path><\/svg>\t\t\t\t\t\t<\/span>\n\t\t\t\t\t\t\t\t\t\t<span class=\"elementor-icon-list-text\">Planificaci\u00f3n para reducir el trabajo a bordo y el tiempo de inactividad.<\/span>\n\t\t\t\t\t\t\t\t\t<\/li>\n\t\t\t\t\t\t\t\t<li class=\"elementor-icon-list-item\">\n\t\t\t\t\t\t\t\t\t\t\t<span class=\"elementor-icon-list-icon\">\n\t\t\t\t\t\t\t<svg xmlns=\"http:\/\/www.w3.org\/2000\/svg\" xmlns:xlink=\"http:\/\/www.w3.org\/1999\/xlink\" viewBox=\"0 0 16 16\"><path d=\"M14.374,15.999 L5.562,15.999 L5.562,14.374 L13.238,14.374 L0.0,1.135 L1.137,0.1 L14.374,13.236 L14.374,5.562 L15.999,5.562 L15.999,14.374 L15.999,15.999 L14.374,15.999 Z\"><\/path><\/svg>\t\t\t\t\t\t<\/span>\n\t\t\t\t\t\t\t\t\t\t<span class=\"elementor-icon-list-text\">Ejecuci\u00f3n flexible a flote, durante la navegaci\u00f3n o en dique seco.<\/span>\n\t\t\t\t\t\t\t\t\t<\/li>\n\t\t\t\t\t\t<\/ul>\n\t\t\t\t\t\t<\/div>\n\t\t\t\t<\/div>\n\t\t\t\t\t<\/div>\n\t\t\t\t<\/div>\n\t\t<div class=\"elementor-element elementor-element-42cf707b e-flex e-con-boxed e-con e-parent\" data-id=\"42cf707b\" data-element_type=\"container\">\n\t\t\t\t\t<div class=\"e-con-inner\">\n\t\t\t\t<div class=\"elementor-element elementor-element-963cbb0 elementor-widget__width-initial elementor-widget elementor-widget-industrium_heading\" data-id=\"963cbb0\" data-element_type=\"widget\" data-widget_type=\"industrium_heading.default\">\n\t\t\t\t<div class=\"elementor-widget-container\">\n\t\t\t\t\t<div class=\"industrium-heading-widget\"><h2 class=\"industrium-heading\"><span class=\"industrium-subheading\">Descubre nuestras capacidades en reparaci\u00f3n naval<\/span><span class=\"industrium-heading-content\">Descarga el <span>cat\u00e1logo de servicios de reparaci\u00f3n<\/span> con todos los alcances t\u00e9cnicos.<\/span><\/h2><\/div>\t\t\t\t<\/div>\n\t\t\t\t<\/div>\n\t\t\t\t<div class=\"elementor-element elementor-element-bc28336 elementor-widget elementor-widget-industrium_button\" data-id=\"bc28336\" data-element_type=\"widget\" data-widget_type=\"industrium_button.default\">\n\t\t\t\t<div class=\"elementor-widget-container\">\n\t\t\t\t\t\n        <div class=\"button-widget\">\n            <div class=\"button-container\">\n                <a href=\"https:\/\/sym-naval.com\/assets\/DGTL-REPARACION-EN.pdf\" target=\"_blank\" class=\"industrium-button button-type-2\">\n                    <span class=\"industrium-button-text\">Descargar<\/span>                    \n                <\/a>\n            <\/div>\n        <\/div>\n        \t\t\t\t<\/div>\n\t\t\t\t<\/div>\n\t\t\t\t\t<\/div>\n\t\t\t\t<\/div>\n\t\t\t\t<\/div>\n\t\t","protected":false},"excerpt":{"rendered":"<p>Sistemas de tratamiento de aguas de lastre En SYM Naval prestamos servicios independientes de ingenier\u00eda e instalaci\u00f3n de sistemas de tratamiento de aguas de lastre (BWTS), apoyando a los armadores durante todo el ciclo de vida del proyecto. Desde la selecci\u00f3n del sistema y la ingenier\u00eda hasta la instalaci\u00f3n a bordo y la puesta en [&hellip;]<\/p>\n","protected":false},"author":1,"featured_media":18299,"parent":7368,"menu_order":0,"comment_status":"closed","ping_status":"closed","template":"","meta":{"footnotes":""},"class_list":["post-7437","page","type-page","status-publish","has-post-thumbnail","hentry"],"_links":{"self":[{"href":"https:\/\/sym-naval.com\/es\/wp-json\/wp\/v2\/pages\/7437","targetHints":{"allow":["GET"]}}],"collection":[{"href":"https:\/\/sym-naval.com\/es\/wp-json\/wp\/v2\/pages"}],"about":[{"href":"https:\/\/sym-naval.com\/es\/wp-json\/wp\/v2\/types\/page"}],"author":[{"embeddable":true,"href":"https:\/\/sym-naval.com\/es\/wp-json\/wp\/v2\/users\/1"}],"replies":[{"embeddable":true,"href":"https:\/\/sym-naval.com\/es\/wp-json\/wp\/v2\/comments?post=7437"}],"version-history":[{"count":3,"href":"https:\/\/sym-naval.com\/es\/wp-json\/wp\/v2\/pages\/7437\/revisions"}],"predecessor-version":[{"id":18505,"href":"https:\/\/sym-naval.com\/es\/wp-json\/wp\/v2\/pages\/7437\/revisions\/18505"}],"up":[{"embeddable":true,"href":"https:\/\/sym-naval.com\/es\/wp-json\/wp\/v2\/pages\/7368"}],"wp:featuredmedia":[{"embeddable":true,"href":"https:\/\/sym-naval.com\/es\/wp-json\/wp\/v2\/media\/18299"}],"wp:attachment":[{"href":"https:\/\/sym-naval.com\/es\/wp-json\/wp\/v2\/media?parent=7437"}],"curies":[{"name":"wp","href":"https:\/\/api.w.org\/{rel}","templated":true}]}}