{"id":7441,"date":"2023-12-18T07:58:05","date_gmt":"2023-12-18T06:58:05","guid":{"rendered":"https:\/\/staging.sym-naval.com\/reparacion-y-conversion-naval\/asistencia-en-dique-seco\/"},"modified":"2025-12-19T09:50:56","modified_gmt":"2025-12-19T08:50:56","slug":"puesta-en-seco","status":"publish","type":"page","link":"https:\/\/sym-naval.com\/es\/reparacion-naval\/puesta-en-seco\/","title":{"rendered":"Asistencia en dique seco"},"content":{"rendered":"\t\t<div data-elementor-type=\"wp-page\" data-elementor-id=\"7441\" class=\"elementor elementor-7441 elementor-5940\" data-elementor-post-type=\"page\">\n\t\t\t\t<div class=\"elementor-element elementor-element-8b7c1ed e-flex e-con-boxed e-con e-parent\" data-id=\"8b7c1ed\" data-element_type=\"container\" data-settings=\"{&quot;background_background&quot;:&quot;classic&quot;}\">\n\t\t\t\t\t<div class=\"e-con-inner\">\n\t\t\t\t<div class=\"elementor-element elementor-element-e7ccafd elementor-widget__width-initial elementor-widget-mobile__width-inherit elementor-widget elementor-widget-heading\" data-id=\"e7ccafd\" data-element_type=\"widget\" data-widget_type=\"heading.default\">\n\t\t\t\t\t<h1 class=\"elementor-heading-title elementor-size-default\">Servicios de Puesta en Seco<\/h1>\t\t\t\t<\/div>\n\t\t\t\t<div class=\"elementor-element elementor-element-197d0ae elementor-absolute decoration-type-1 elementor-invisible elementor-widget elementor-widget-industrium_decoration\" data-id=\"197d0ae\" data-element_type=\"widget\" data-settings=\"{&quot;_position&quot;:&quot;absolute&quot;,&quot;_animation&quot;:&quot;industrium_decoration&quot;,&quot;_animation_delay&quot;:300}\" data-widget_type=\"industrium_decoration.default\">\n\t\t\t\t<div class=\"elementor-widget-container\">\n\t\t\t\t\t        <div class=\"decoration-widget\">\n            <div class=\"decoration-container\">\n                <div class=\"industrium-decoration\">\n                    <div><\/div><div><\/div><div><\/div>\n                <\/div>\n            <\/div>\n        <\/div>\n        \t\t\t\t<\/div>\n\t\t\t\t<\/div>\n\t\t\t\t\t<\/div>\n\t\t\t\t<\/div>\n\t\t<div class=\"elementor-element elementor-element-aae83cf e-flex e-con-boxed e-con e-parent\" data-id=\"aae83cf\" data-element_type=\"container\">\n\t\t\t\t\t<div class=\"e-con-inner\">\n\t\t<div class=\"elementor-element elementor-element-3774c2a e-con-full e-flex e-con e-child\" data-id=\"3774c2a\" data-element_type=\"container\">\n\t\t\t\t<div class=\"elementor-element elementor-element-c2a19eb elementor-widget elementor-widget-industrium_heading\" data-id=\"c2a19eb\" data-element_type=\"widget\" data-widget_type=\"industrium_heading.default\">\n\t\t\t\t<div class=\"elementor-widget-container\">\n\t\t\t\t\t<div class=\"industrium-heading-widget\"><h2 class=\"industrium-heading\"><span class=\"industrium-subheading\">Puesta en seco y soporte t\u00e9cnico especializado <\/span><span class=\"industrium-heading-content\">\n\nSoluciones para mantenimiento, modernizaci\u00f3n y grandes reparaciones\n\n\n\n\u00a0\n<\/span><\/h2><\/div>\t\t\t\t<\/div>\n\t\t\t\t<\/div>\n\t\t\t\t<div class=\"elementor-element elementor-element-3186818 elementor-widget elementor-widget-industrium_button\" data-id=\"3186818\" data-element_type=\"widget\" data-widget_type=\"industrium_button.default\">\n\t\t\t\t<div class=\"elementor-widget-container\">\n\t\t\t\t\t\n        <div class=\"button-widget\">\n            <div class=\"button-container\">\n                <a href=\"https:\/\/sym-naval.com\/assets\/SYM_Naval_Servicios_PuestaenSeco.pdf\" class=\"industrium-button button-type-1\">\n                    CAT\u00c1LOGO DE PUESTA EN SECO<svg viewBox=\"0 0 13 20\"><polyline points=\"0.5 19.5 3 19.5 12.5 10 3 0.5\"><\/polyline><\/svg>                    \n                <\/a>\n            <\/div>\n        <\/div>\n        \t\t\t\t<\/div>\n\t\t\t\t<\/div>\n\t\t\t\t<\/div>\n\t\t<div class=\"elementor-element elementor-element-2c1655b e-con-full e-flex e-con e-child\" data-id=\"2c1655b\" data-element_type=\"container\">\n\t\t\t\t<div class=\"elementor-element elementor-element-a098797 elementor-widget elementor-widget-text-editor\" data-id=\"a098797\" data-element_type=\"widget\" data-widget_type=\"text-editor.default\">\n\t\t\t\t\t\t\t\t\t<p class=\"p1\"><strong>SYM Naval ofrece servicios de dique seco flexibles, adaptados a las necesidades operativas de cada buque. En el Caribe, realizamos puesta en seco controlada en tierra mediante nuestro sistema de varada con airbags en el astillero de Boca Chica, una soluci\u00f3n eficiente y rentable para trabajos de casco, propulsi\u00f3n y reparaciones estructurales.<\/strong><\/p><p class=\"p1\">Con 20.000 m\u00b2 de superficie operativa y capacidad para buques de hasta 130 metros de eslora, Boca Chica representa una alternativa fiable a los diques secos tradicionales de la regi\u00f3n. Para proyectos que requieren dique seco convencional, actuamos como socio t\u00e9cnico en astilleros seleccionados de Europa y Latinoam\u00e9rica, coordinando cada fase para reducir tiempos de parada y garantizar una ejecuci\u00f3n segura y controlada.<\/p>\t\t\t\t\t\t\t\t<\/div>\n\t\t\t\t<\/div>\n\t\t\t\t\t<\/div>\n\t\t\t\t<\/div>\n\t\t<div class=\"elementor-element elementor-element-08ede18 e-flex e-con-boxed e-con e-parent\" data-id=\"08ede18\" data-element_type=\"container\">\n\t\t\t\t\t<div class=\"e-con-inner\">\n\t\t<div class=\"elementor-element elementor-element-68e5741 e-grid e-con-full e-con e-child\" data-id=\"68e5741\" data-element_type=\"container\">\n\t\t\t\t<div class=\"elementor-element elementor-element-96f031e elementor-view-default elementor-position-top elementor-mobile-position-top elementor-widget elementor-widget-icon-box\" data-id=\"96f031e\" data-element_type=\"widget\" data-widget_type=\"icon-box.default\">\n\t\t\t\t\t\t\t<div class=\"elementor-icon-box-wrapper\">\n\n\t\t\t\t\t\t<div class=\"elementor-icon-box-icon\">\n\t\t\t\t<span  class=\"elementor-icon\">\n\t\t\t\t<svg xmlns=\"http:\/\/www.w3.org\/2000\/svg\" viewBox=\"0 0 256 256\"><rect width=\"256\" height=\"256\" fill=\"none\"><\/rect><line x1=\"108\" y1=\"116\" x2=\"140\" y2=\"148\" fill=\"none\" stroke=\"currentColor\" stroke-linecap=\"round\" stroke-linejoin=\"round\" stroke-width=\"12\"><\/line><line x1=\"228.06\" y1=\"99.94\" x2=\"188\" y2=\"140\" fill=\"none\" stroke=\"currentColor\" stroke-linecap=\"round\" stroke-linejoin=\"round\" stroke-width=\"12\"><\/line><path d=\"M40,64,53.77,49.77a88,88,0,0,1,124.46,0l67.43,67.89a8,8,0,0,1,0,11.31L217,157.66a8,8,0,0,1-11.31,0L168,120,66.34,221.66a8,8,0,0,1-11.31,0L34.34,201a8,8,0,0,1,0-11.31L136,88,79.78,31.78\" fill=\"none\" stroke=\"currentColor\" stroke-linecap=\"round\" stroke-linejoin=\"round\" stroke-width=\"12\"><\/path><\/svg>\t\t\t\t<\/span>\n\t\t\t<\/div>\n\t\t\t\n\t\t\t\t\t\t<div class=\"elementor-icon-box-content\">\n\n\t\t\t\t\t\t\t\t\t<h3 class=\"elementor-icon-box-title\">\n\t\t\t\t\t\t<span  >\n\t\t\t\t\t\t\tSistema de airbags\t\t\t\t\t\t<\/span>\n\t\t\t\t\t<\/h3>\n\t\t\t\t\n\t\t\t\t\t\t\t\t\t<p class=\"elementor-icon-box-description\">\n\t\t\t\t\t\tSistema de rampa y airbags neum\u00e1ticos para una puesta en seco segura y flexible en el Caribe.\n\t\t\t\t\t<\/p>\n\t\t\t\t\n\t\t\t<\/div>\n\t\t\t\n\t\t<\/div>\n\t\t\t\t\t\t<\/div>\n\t\t\t\t<div class=\"elementor-element elementor-element-f6a0661 elementor-view-default elementor-position-top elementor-mobile-position-top elementor-widget elementor-widget-icon-box\" data-id=\"f6a0661\" data-element_type=\"widget\" data-widget_type=\"icon-box.default\">\n\t\t\t\t\t\t\t<div class=\"elementor-icon-box-wrapper\">\n\n\t\t\t\t\t\t<div class=\"elementor-icon-box-icon\">\n\t\t\t\t<span  class=\"elementor-icon\">\n\t\t\t\t<svg xmlns=\"http:\/\/www.w3.org\/2000\/svg\" viewBox=\"0 0 256 256\"><rect width=\"256\" height=\"256\" fill=\"none\"><\/rect><circle cx=\"128\" cy=\"64\" r=\"24\" fill=\"none\" stroke=\"currentColor\" stroke-linecap=\"round\" stroke-linejoin=\"round\" stroke-width=\"12\"><\/circle><line x1=\"128\" y1=\"216\" x2=\"128\" y2=\"88\" fill=\"none\" stroke=\"currentColor\" stroke-linecap=\"round\" stroke-linejoin=\"round\" stroke-width=\"12\"><\/line><path d=\"M56,120H32a96,96,0,0,0,192,0H200\" fill=\"none\" stroke=\"currentColor\" stroke-linecap=\"round\" stroke-linejoin=\"round\" stroke-width=\"12\"><\/path><\/svg>\t\t\t\t<\/span>\n\t\t\t<\/div>\n\t\t\t\n\t\t\t\t\t\t<div class=\"elementor-icon-box-content\">\n\n\t\t\t\t\t\t\t\t\t<h3 class=\"elementor-icon-box-title\">\n\t\t\t\t\t\t<span  >\n\t\t\t\t\t\t\tExplanada T\u00e9cnica\t\t\t\t\t\t<\/span>\n\t\t\t\t\t<\/h3>\n\t\t\t\t\n\t\t\t\t\t\t\t\t\t<p class=\"elementor-icon-box-description\">\n\t\t\t\t\t\t\u00c1rea de trabajo totalmente equipada para tratamientos de casco, mantenimiento de propulsi\u00f3n y reparaciones estructurales.\n\t\t\t\t\t<\/p>\n\t\t\t\t\n\t\t\t<\/div>\n\t\t\t\n\t\t<\/div>\n\t\t\t\t\t\t<\/div>\n\t\t\t\t<div class=\"elementor-element elementor-element-835619c elementor-view-default elementor-position-top elementor-mobile-position-top elementor-widget elementor-widget-icon-box\" data-id=\"835619c\" data-element_type=\"widget\" data-widget_type=\"icon-box.default\">\n\t\t\t\t\t\t\t<div class=\"elementor-icon-box-wrapper\">\n\n\t\t\t\t\t\t<div class=\"elementor-icon-box-icon\">\n\t\t\t\t<span  class=\"elementor-icon\">\n\t\t\t\t<svg xmlns=\"http:\/\/www.w3.org\/2000\/svg\" viewBox=\"0 0 256 256\"><rect width=\"256\" height=\"256\" fill=\"none\"><\/rect><circle cx=\"128\" cy=\"128\" r=\"24\" fill=\"none\" stroke=\"currentColor\" stroke-linecap=\"round\" stroke-linejoin=\"round\" stroke-width=\"12\"><\/circle><path d=\"M104.31,124.14a52,52,0,1,1,47.69-92l-18.17,72.54\" fill=\"none\" stroke=\"currentColor\" stroke-linecap=\"round\" stroke-linejoin=\"round\" stroke-width=\"12\"><\/path><path d=\"M136.5,150.45A52,52,0,1,1,33,155.13l71.91-20.54\" fill=\"none\" stroke=\"currentColor\" stroke-linecap=\"round\" stroke-linejoin=\"round\" stroke-width=\"12\"><\/path><path d=\"M143.19,109.41A52,52,0,1,1,199,196.7l-53.74-52\" fill=\"none\" stroke=\"currentColor\" stroke-linecap=\"round\" stroke-linejoin=\"round\" stroke-width=\"12\"><\/path><\/svg>\t\t\t\t<\/span>\n\t\t\t<\/div>\n\t\t\t\n\t\t\t\t\t\t<div class=\"elementor-icon-box-content\">\n\n\t\t\t\t\t\t\t\t\t<h3 class=\"elementor-icon-box-title\">\n\t\t\t\t\t\t<span  >\n\t\t\t\t\t\t\tCapacidad M\u00f3vil\t\t\t\t\t\t<\/span>\n\t\t\t\t\t<\/h3>\n\t\t\t\t\n\t\t\t\t\t\t\t\t\t<p class=\"elementor-icon-box-description\">\n\t\t\t\t\t\tEquipos t\u00e9cnicos con experiencia preparados para integrarse en astilleros de todo el mundo en proyectos complejos de dique seco.\n\t\t\t\t\t<\/p>\n\t\t\t\t\n\t\t\t<\/div>\n\t\t\t\n\t\t<\/div>\n\t\t\t\t\t\t<\/div>\n\t\t\t\t<div class=\"elementor-element elementor-element-8d5fa7f elementor-view-default elementor-position-top elementor-mobile-position-top elementor-widget elementor-widget-icon-box\" data-id=\"8d5fa7f\" data-element_type=\"widget\" data-widget_type=\"icon-box.default\">\n\t\t\t\t\t\t\t<div class=\"elementor-icon-box-wrapper\">\n\n\t\t\t\t\t\t<div class=\"elementor-icon-box-icon\">\n\t\t\t\t<span  class=\"elementor-icon\">\n\t\t\t\t<svg xmlns=\"http:\/\/www.w3.org\/2000\/svg\" viewBox=\"0 0 256 256\"><rect width=\"256\" height=\"256\" fill=\"none\"><\/rect><path d=\"M112,168V144a32,32,0,0,1,32-32h24\" fill=\"none\" stroke=\"currentColor\" stroke-linecap=\"round\" stroke-linejoin=\"round\" stroke-width=\"12\"><\/path><path d=\"M168,48H144a96,96,0,0,0-96,96v24\" fill=\"none\" stroke=\"currentColor\" stroke-linecap=\"round\" stroke-linejoin=\"round\" stroke-width=\"12\"><\/path><rect x=\"168\" y=\"40\" width=\"32\" height=\"80\" rx=\"8\" fill=\"none\" stroke=\"currentColor\" stroke-linecap=\"round\" stroke-linejoin=\"round\" stroke-width=\"12\"><\/rect><rect x=\"40\" y=\"168\" width=\"80\" height=\"32\" rx=\"8\" fill=\"none\" stroke=\"currentColor\" stroke-linecap=\"round\" stroke-linejoin=\"round\" stroke-width=\"12\"><\/rect><line x1=\"112\" y1=\"200\" x2=\"112\" y2=\"232\" fill=\"none\" stroke=\"currentColor\" stroke-linecap=\"round\" stroke-linejoin=\"round\" stroke-width=\"12\"><\/line><line x1=\"48\" y1=\"200\" x2=\"48\" y2=\"232\" fill=\"none\" stroke=\"currentColor\" stroke-linecap=\"round\" stroke-linejoin=\"round\" stroke-width=\"12\"><\/line><line x1=\"232\" y1=\"48\" x2=\"200\" y2=\"48\" fill=\"none\" stroke=\"currentColor\" stroke-linecap=\"round\" stroke-linejoin=\"round\" stroke-width=\"12\"><\/line><line x1=\"232\" y1=\"112\" x2=\"200\" y2=\"112\" fill=\"none\" stroke=\"currentColor\" stroke-linecap=\"round\" stroke-linejoin=\"round\" stroke-width=\"12\"><\/line><\/svg>\t\t\t\t<\/span>\n\t\t\t<\/div>\n\t\t\t\n\t\t\t\t\t\t<div class=\"elementor-icon-box-content\">\n\n\t\t\t\t\t\t\t\t\t<h3 class=\"elementor-icon-box-title\">\n\t\t\t\t\t\t<span  >\n\t\t\t\t\t\t\tEquipos Multidisciplinares\t\t\t\t\t\t<\/span>\n\t\t\t\t\t<\/h3>\n\t\t\t\t\n\t\t\t\t\t\t\t\t\t<p class=\"elementor-icon-box-description\">\n\t\t\t\t\t\tEspecialistas en renovaci\u00f3n de acero, sistemas hidr\u00e1ulicos, mec\u00e1nica y electricidad bajo supervisi\u00f3n de clase.\n\t\t\t\t\t<\/p>\n\t\t\t\t\n\t\t\t<\/div>\n\t\t\t\n\t\t<\/div>\n\t\t\t\t\t\t<\/div>\n\t\t\t\t<\/div>\n\t\t\t\t\t<\/div>\n\t\t\t\t<\/div>\n\t\t<div class=\"elementor-element elementor-element-b01e636 e-flex e-con-boxed e-con e-parent\" data-id=\"b01e636\" data-element_type=\"container\" id=\"puesta-en-seco\" data-settings=\"{&quot;background_background&quot;:&quot;classic&quot;}\">\n\t\t\t\t\t<div class=\"e-con-inner\">\n\t\t<div class=\"elementor-element elementor-element-b3555b1 e-con-full e-flex e-con e-child\" data-id=\"b3555b1\" data-element_type=\"container\">\n\t\t\t\t<div class=\"elementor-element elementor-element-c50c4d8 elementor-widget elementor-widget-industrium_heading\" data-id=\"c50c4d8\" data-element_type=\"widget\" data-widget_type=\"industrium_heading.default\">\n\t\t\t\t<div class=\"elementor-widget-container\">\n\t\t\t\t\t<div class=\"industrium-heading-widget\"><h2 class=\"industrium-heading\"><span class=\"industrium-subheading\">Puesta en seco en el Caribe <\/span><span class=\"industrium-heading-content\">Operaciones de puesta en seco en nuestro astillero de Boca Chica<\/span><\/h2><\/div>\t\t\t\t<\/div>\n\t\t\t\t<\/div>\n\t\t\t\t<div class=\"elementor-element elementor-element-01af00e elementor-widget elementor-widget-text-editor\" data-id=\"01af00e\" data-element_type=\"widget\" data-widget_type=\"text-editor.default\">\n\t\t\t\t\t\t\t\t\t<p>Nuestro astillero en Rep\u00fablica Dominicana realiza operaciones de puesta en seco controlada en tierra mediante un sistema de varada con airbags neum\u00e1ticos. Los buques se extraen del agua de forma segura y se trasladan a una zona t\u00e9cnica en tierra, donde se llevan a cabo trabajos de tratamiento de casco, aplicaci\u00f3n de recubrimientos, trabajos de propulsi\u00f3n, inspecci\u00f3n de v\u00e1lvulas y reparaciones en componentes sumergidos.<\/p>\n<p>Este m\u00e9todo flexible y eficiente ofrece una alternativa pr\u00e1ctica a la limitada disponibilidad de diques secos tradicionales en el Caribe. Es especialmente adecuado para remolcadores, flotas de servicios portuarios y buques de puerto, permitiendo realizar mantenimientos y reparaciones sin largas esperas. Cada operaci\u00f3n se gestiona de principio a fin por nuestros equipos t\u00e9cnicos, garantizando precisi\u00f3n, seguridad y cumplimiento de los requisitos de clase.<\/p>\t\t\t\t\t\t\t\t<\/div>\n\t\t\t\t<div class=\"elementor-element elementor-element-e1c6387 elementor-icon-list--layout-traditional elementor-list-item-link-full_width elementor-widget elementor-widget-icon-list\" data-id=\"e1c6387\" data-element_type=\"widget\" data-widget_type=\"icon-list.default\">\n\t\t\t\t\t\t\t<ul class=\"elementor-icon-list-items\">\n\t\t\t\t\t\t\t<li class=\"elementor-icon-list-item\">\n\t\t\t\t\t\t\t\t\t\t\t<span class=\"elementor-icon-list-icon\">\n\t\t\t\t\t\t\t<svg xmlns=\"http:\/\/www.w3.org\/2000\/svg\" xmlns:xlink=\"http:\/\/www.w3.org\/1999\/xlink\" viewBox=\"0 0 16 16\"><path d=\"M14.374,15.999 L5.562,15.999 L5.562,14.374 L13.238,14.374 L0.0,1.135 L1.137,0.1 L14.374,13.236 L14.374,5.562 L15.999,5.562 L15.999,14.374 L15.999,15.999 L14.374,15.999 Z\"><\/path><\/svg>\t\t\t\t\t\t<\/span>\n\t\t\t\t\t\t\t\t\t\t<span class=\"elementor-icon-list-text\">Ubicaci\u00f3n estrat\u00e9gica con acceso directo al Caribe y Canal de Panam\u00e1<\/span>\n\t\t\t\t\t\t\t\t\t<\/li>\n\t\t\t\t\t\t\t\t<li class=\"elementor-icon-list-item\">\n\t\t\t\t\t\t\t\t\t\t\t<span class=\"elementor-icon-list-icon\">\n\t\t\t\t\t\t\t<svg xmlns=\"http:\/\/www.w3.org\/2000\/svg\" xmlns:xlink=\"http:\/\/www.w3.org\/1999\/xlink\" viewBox=\"0 0 16 16\"><path d=\"M14.374,15.999 L5.562,15.999 L5.562,14.374 L13.238,14.374 L0.0,1.135 L1.137,0.1 L14.374,13.236 L14.374,5.562 L15.999,5.562 L15.999,14.374 L15.999,15.999 L14.374,15.999 Z\"><\/path><\/svg>\t\t\t\t\t\t<\/span>\n\t\t\t\t\t\t\t\t\t\t<span class=\"elementor-icon-list-text\">Amplia zona de trabajo para casco, pintura y propulsi\u00f3n<\/span>\n\t\t\t\t\t\t\t\t\t<\/li>\n\t\t\t\t\t\t\t\t<li class=\"elementor-icon-list-item\">\n\t\t\t\t\t\t\t\t\t\t\t<span class=\"elementor-icon-list-icon\">\n\t\t\t\t\t\t\t<svg xmlns=\"http:\/\/www.w3.org\/2000\/svg\" xmlns:xlink=\"http:\/\/www.w3.org\/1999\/xlink\" viewBox=\"0 0 16 16\"><path d=\"M14.374,15.999 L5.562,15.999 L5.562,14.374 L13.238,14.374 L0.0,1.135 L1.137,0.1 L14.374,13.236 L14.374,5.562 L15.999,5.562 L15.999,14.374 L15.999,15.999 L14.374,15.999 Z\"><\/path><\/svg>\t\t\t\t\t\t<\/span>\n\t\t\t\t\t\t\t\t\t\t<span class=\"elementor-icon-list-text\">Talleres, suministros y expertos en el propio recinto<\/span>\n\t\t\t\t\t\t\t\t\t<\/li>\n\t\t\t\t\t\t\t\t<li class=\"elementor-icon-list-item\">\n\t\t\t\t\t\t\t\t\t\t\t<span class=\"elementor-icon-list-icon\">\n\t\t\t\t\t\t\t<svg xmlns=\"http:\/\/www.w3.org\/2000\/svg\" xmlns:xlink=\"http:\/\/www.w3.org\/1999\/xlink\" viewBox=\"0 0 16 16\"><path d=\"M14.374,15.999 L5.562,15.999 L5.562,14.374 L13.238,14.374 L0.0,1.135 L1.137,0.1 L14.374,13.236 L14.374,5.562 L15.999,5.562 L15.999,14.374 L15.999,15.999 L14.374,15.999 Z\"><\/path><\/svg>\t\t\t\t\t\t<\/span>\n\t\t\t\t\t\t\t\t\t\t<span class=\"elementor-icon-list-text\">Soluci\u00f3n pr\u00e1ctica y rentable frente a los diques tradicionales del Caribe<\/span>\n\t\t\t\t\t\t\t\t\t<\/li>\n\t\t\t\t\t\t<\/ul>\n\t\t\t\t\t\t<\/div>\n\t\t\t\t<\/div>\n\t\t<div class=\"elementor-element elementor-element-bdace06 e-con-full e-flex e-con e-child\" data-id=\"bdace06\" data-element_type=\"container\" data-settings=\"{&quot;background_background&quot;:&quot;classic&quot;}\">\n\t\t\t\t<\/div>\n\t\t\t\t<div class=\"elementor-element elementor-element-8d84bfb elementor-absolute decoration-type-1 elementor-invisible elementor-widget elementor-widget-industrium_decoration\" data-id=\"8d84bfb\" data-element_type=\"widget\" data-settings=\"{&quot;_position&quot;:&quot;absolute&quot;,&quot;_animation&quot;:&quot;industrium_decoration&quot;,&quot;_animation_delay&quot;:300}\" data-widget_type=\"industrium_decoration.default\">\n\t\t\t\t<div class=\"elementor-widget-container\">\n\t\t\t\t\t        <div class=\"decoration-widget\">\n            <div class=\"decoration-container\">\n                <div class=\"industrium-decoration\">\n                    <div><\/div><div><\/div><div><\/div>\n                <\/div>\n            <\/div>\n        <\/div>\n        \t\t\t\t<\/div>\n\t\t\t\t<\/div>\n\t\t\t\t\t<\/div>\n\t\t\t\t<\/div>\n\t\t<div class=\"elementor-element elementor-element-7526ad4 e-flex e-con-boxed e-con e-parent\" data-id=\"7526ad4\" data-element_type=\"container\" id=\"asistencia\">\n\t\t\t\t\t<div class=\"e-con-inner\">\n\t\t<div class=\"elementor-element elementor-element-0710985 e-con-full e-flex e-con e-child\" data-id=\"0710985\" data-element_type=\"container\" data-settings=\"{&quot;background_background&quot;:&quot;classic&quot;}\">\n\t\t\t\t<\/div>\n\t\t<div class=\"elementor-element elementor-element-d6a1474 e-con-full e-flex e-con e-child\" data-id=\"d6a1474\" data-element_type=\"container\">\n\t\t\t\t<div class=\"elementor-element elementor-element-b42a08c elementor-widget elementor-widget-industrium_heading\" data-id=\"b42a08c\" data-element_type=\"widget\" data-widget_type=\"industrium_heading.default\">\n\t\t\t\t<div class=\"elementor-widget-container\">\n\t\t\t\t\t<div class=\"industrium-heading-widget\"><h2 class=\"industrium-heading\"><span class=\"industrium-subheading\">Asistencia T\u00e9cnica en Dique Seco <\/span><span class=\"industrium-heading-content\">Equipos m\u00f3viles para proyectos de dique seco a nivel internacional<\/span><\/h2><\/div>\t\t\t\t<\/div>\n\t\t\t\t<\/div>\n\t\t\t\t<div class=\"elementor-element elementor-element-f0ab712 elementor-widget elementor-widget-text-editor\" data-id=\"f0ab712\" data-element_type=\"widget\" data-widget_type=\"text-editor.default\">\n\t\t\t\t\t\t\t\t\t<p class=\"p1\">SYM Naval act\u00faa como socio t\u00e9cnico para armadores y operadores de cruceros que realizan reparaciones en dique seco fuera de su regi\u00f3n habitual. Nuestros equipos t\u00e9cnicos m\u00f3viles se integran de forma fluida en astilleros de todo el mundo, asegurando que cada fase del proyecto se ejecute bajo nuestros criterios de ingenier\u00eda y est\u00e1ndares de calidad.<\/p>\n<p class=\"p1\">Supervisamos actividades cr\u00edticas como trabajos de acero, renovaci\u00f3n de tuber\u00edas, revisiones de ejes y sistemas de propulsi\u00f3n, reparaciones mec\u00e1nicas y actualizaciones de sistemas el\u00e9ctricos. Gracias a una coordinaci\u00f3n estrecha con los responsables del astillero y los inspectores de clase, garantizamos resultados seguros, conformes y ejecutados con precisi\u00f3n, ofreciendo el mismo nivel de fiabilidad que en nuestras propias instalaciones.<\/p>\t\t\t\t\t\t\t\t<\/div>\n\t\t\t\t<div class=\"elementor-element elementor-element-9b6161b elementor-widget elementor-widget-industrium_button\" data-id=\"9b6161b\" data-element_type=\"widget\" data-widget_type=\"industrium_button.default\">\n\t\t\t\t<div class=\"elementor-widget-container\">\n\t\t\t\t\t\n        <div class=\"button-widget\">\n            <div class=\"button-container\">\n                <a href=\"https:\/\/sym-naval.com\/contact\/\" class=\"industrium-button button-type-1\">\n                    SOLICITAR ASISTENCIA<svg viewBox=\"0 0 13 20\"><polyline points=\"0.5 19.5 3 19.5 12.5 10 3 0.5\"><\/polyline><\/svg>                    \n                <\/a>\n            <\/div>\n        <\/div>\n        \t\t\t\t<\/div>\n\t\t\t\t<\/div>\n\t\t\t\t<\/div>\n\t\t\t\t\t<\/div>\n\t\t\t\t<\/div>\n\t\t<div class=\"elementor-element elementor-element-1ab1caeb e-flex e-con-boxed e-con e-parent\" data-id=\"1ab1caeb\" data-element_type=\"container\">\n\t\t\t\t\t<div class=\"e-con-inner\">\n\t\t\t\t<div class=\"elementor-element elementor-element-48a3f5d3 elementor-widget__width-initial elementor-widget elementor-widget-industrium_heading\" data-id=\"48a3f5d3\" data-element_type=\"widget\" data-widget_type=\"industrium_heading.default\">\n\t\t\t\t<div class=\"elementor-widget-container\">\n\t\t\t\t\t<div class=\"industrium-heading-widget\"><h2 class=\"industrium-heading\"><span class=\"industrium-subheading\">Descubre nuestras capacidades en reparaci\u00f3n naval <\/span><span class=\"industrium-heading-content\">Descarga el <span>cat\u00e1logo de servicios de reparaci\u00f3n<\/span> con todos los alcances t\u00e9cnicos.<\/span><\/h2><\/div>\t\t\t\t<\/div>\n\t\t\t\t<\/div>\n\t\t\t\t<div class=\"elementor-element elementor-element-7d9bea6f elementor-widget elementor-widget-industrium_button\" data-id=\"7d9bea6f\" data-element_type=\"widget\" data-widget_type=\"industrium_button.default\">\n\t\t\t\t<div class=\"elementor-widget-container\">\n\t\t\t\t\t\n        <div class=\"button-widget\">\n            <div class=\"button-container\">\n                <a href=\"https:\/\/sym-naval.com\/assets\/DGTL-REPARACION-EN.pdf\" target=\"_blank\" class=\"industrium-button button-type-2\">\n                    <span class=\"industrium-button-text\">Descargar<\/span>                    \n                <\/a>\n            <\/div>\n        <\/div>\n        \t\t\t\t<\/div>\n\t\t\t\t<\/div>\n\t\t\t\t\t<\/div>\n\t\t\t\t<\/div>\n\t\t\t\t<\/div>\n\t\t","protected":false},"excerpt":{"rendered":"<p>SYM Naval ofrece asistencia certificada en reparaciones navales en dique seco en todo el mundo. Nuestros equipos m\u00f3viles garantizan calidad, seguridad y eficiencia en buques mercantes y cruceros.<\/p>\n","protected":false},"author":1,"featured_media":14104,"parent":7368,"menu_order":0,"comment_status":"closed","ping_status":"closed","template":"","meta":{"footnotes":""},"class_list":["post-7441","page","type-page","status-publish","has-post-thumbnail","hentry"],"_links":{"self":[{"href":"https:\/\/sym-naval.com\/es\/wp-json\/wp\/v2\/pages\/7441","targetHints":{"allow":["GET"]}}],"collection":[{"href":"https:\/\/sym-naval.com\/es\/wp-json\/wp\/v2\/pages"}],"about":[{"href":"https:\/\/sym-naval.com\/es\/wp-json\/wp\/v2\/types\/page"}],"author":[{"embeddable":true,"href":"https:\/\/sym-naval.com\/es\/wp-json\/wp\/v2\/users\/1"}],"replies":[{"embeddable":true,"href":"https:\/\/sym-naval.com\/es\/wp-json\/wp\/v2\/comments?post=7441"}],"version-history":[{"count":3,"href":"https:\/\/sym-naval.com\/es\/wp-json\/wp\/v2\/pages\/7441\/revisions"}],"predecessor-version":[{"id":18332,"href":"https:\/\/sym-naval.com\/es\/wp-json\/wp\/v2\/pages\/7441\/revisions\/18332"}],"up":[{"embeddable":true,"href":"https:\/\/sym-naval.com\/es\/wp-json\/wp\/v2\/pages\/7368"}],"wp:featuredmedia":[{"embeddable":true,"href":"https:\/\/sym-naval.com\/es\/wp-json\/wp\/v2\/media\/14104"}],"wp:attachment":[{"href":"https:\/\/sym-naval.com\/es\/wp-json\/wp\/v2\/media?parent=7441"}],"curies":[{"name":"wp","href":"https:\/\/api.w.org\/{rel}","templated":true}]}}