{"id":7445,"date":"2023-12-18T08:10:47","date_gmt":"2023-12-18T07:10:47","guid":{"rendered":"https:\/\/staging.sym-naval.com\/reparacion-y-conversion-naval\/conversion-naval\/"},"modified":"2025-12-17T13:28:30","modified_gmt":"2025-12-17T12:28:30","slug":"conversion","status":"publish","type":"page","link":"https:\/\/sym-naval.com\/es\/reparacion-naval\/conversion\/","title":{"rendered":"Conversi\u00f3n naval"},"content":{"rendered":"\t\t<div data-elementor-type=\"wp-page\" data-elementor-id=\"7445\" class=\"elementor elementor-7445 elementor-5957\" data-elementor-post-type=\"page\">\n\t\t\t\t<div class=\"elementor-element elementor-element-af2fced e-flex e-con-boxed e-con e-parent\" data-id=\"af2fced\" data-element_type=\"container\" data-settings=\"{&quot;background_background&quot;:&quot;classic&quot;}\">\n\t\t\t\t\t<div class=\"e-con-inner\">\n\t\t\t\t<div class=\"elementor-element elementor-element-09b6317 elementor-widget__width-initial elementor-widget-mobile__width-inherit elementor-widget elementor-widget-heading\" data-id=\"09b6317\" data-element_type=\"widget\" data-widget_type=\"heading.default\">\n\t\t\t\t\t<h1 class=\"elementor-heading-title elementor-size-default\">Conversi\u00f3n naval<\/h1>\t\t\t\t<\/div>\n\t\t\t\t<div class=\"elementor-element elementor-element-f34000a elementor-absolute decoration-type-1 elementor-invisible elementor-widget elementor-widget-industrium_decoration\" data-id=\"f34000a\" data-element_type=\"widget\" data-settings=\"{&quot;_position&quot;:&quot;absolute&quot;,&quot;_animation&quot;:&quot;industrium_decoration&quot;,&quot;_animation_delay&quot;:300}\" data-widget_type=\"industrium_decoration.default\">\n\t\t\t\t<div class=\"elementor-widget-container\">\n\t\t\t\t\t        <div class=\"decoration-widget\">\n            <div class=\"decoration-container\">\n                <div class=\"industrium-decoration\">\n                    <div><\/div><div><\/div><div><\/div>\n                <\/div>\n            <\/div>\n        <\/div>\n        \t\t\t\t<\/div>\n\t\t\t\t<\/div>\n\t\t\t\t\t<\/div>\n\t\t\t\t<\/div>\n\t\t<div class=\"elementor-element elementor-element-29243fe e-flex e-con-boxed e-con e-parent\" data-id=\"29243fe\" data-element_type=\"container\">\n\t\t\t\t\t<div class=\"e-con-inner\">\n\t\t<div class=\"elementor-element elementor-element-d7a36da e-con-full e-flex e-con e-child\" data-id=\"d7a36da\" data-element_type=\"container\">\n\t\t\t\t<div class=\"elementor-element elementor-element-5178cf5 elementor-widget elementor-widget-industrium_heading\" data-id=\"5178cf5\" data-element_type=\"widget\" data-widget_type=\"industrium_heading.default\">\n\t\t\t\t<div class=\"elementor-widget-container\">\n\t\t\t\t\t<div class=\"industrium-heading-widget\"><h2 class=\"industrium-heading\"><span class=\"industrium-subheading\">Proyectos de conversi\u00f3n de buques <\/span><span class=\"industrium-heading-content\">Actualizaciones a medida para flotas comerciales y de crucero\u00a0<\/span><\/h2><\/div>\t\t\t\t<\/div>\n\t\t\t\t<\/div>\n\t\t\t\t<div class=\"elementor-element elementor-element-576425a elementor-widget elementor-widget-industrium_button\" data-id=\"576425a\" data-element_type=\"widget\" data-widget_type=\"industrium_button.default\">\n\t\t\t\t<div class=\"elementor-widget-container\">\n\t\t\t\t\t\n        <div class=\"button-widget\">\n            <div class=\"button-container\">\n                <a href=\"https:\/\/sym-naval.com\/contact\/\" class=\"industrium-button button-type-1\">\n                    HABLA CON UN ESPECIALISTA<svg viewBox=\"0 0 13 20\"><polyline points=\"0.5 19.5 3 19.5 12.5 10 3 0.5\"><\/polyline><\/svg>                    \n                <\/a>\n            <\/div>\n        <\/div>\n        \t\t\t\t<\/div>\n\t\t\t\t<\/div>\n\t\t\t\t<\/div>\n\t\t<div class=\"elementor-element elementor-element-69adb2d e-con-full e-flex e-con e-child\" data-id=\"69adb2d\" data-element_type=\"container\">\n\t\t\t\t<div class=\"elementor-element elementor-element-cb8e21e elementor-widget elementor-widget-text-editor\" data-id=\"cb8e21e\" data-element_type=\"widget\" data-widget_type=\"text-editor.default\">\n\t\t\t\t\t\t\t\t\t<p class=\"p1\">SYM Naval desarrolla y ejecuta proyectos de conversi\u00f3n que mejoran la eficiencia, el rendimiento y las capacidades operativas de buques mercantes y de pasajeros. Desde <span class=\"s1\">retrofits ecoeficientes<\/span> hasta <span class=\"s1\">modificaciones estructurales de gran alcance<\/span>, cada intervenci\u00f3n se dise\u00f1a para cumplir nuevas normativas y adaptarse a las necesidades operativas en evoluci\u00f3n.<\/p><p class=\"p1\">Nuestra <span class=\"s1\">Oficina T\u00e9cnica<\/span> lidera todo el proceso \u2014desde el concepto y los estudios de ingenier\u00eda hasta la coordinaci\u00f3n con astilleros y sociedades de clasificaci\u00f3n\u2014 garantizando <span class=\"s1\">resultados certificados, menos tiempo fuera de servicio y un mayor valor a largo plazo<\/span> para cada buque convertido.<\/p>\t\t\t\t\t\t\t\t<\/div>\n\t\t\t\t<\/div>\n\t\t\t\t\t<\/div>\n\t\t\t\t<\/div>\n\t\t<div class=\"elementor-element elementor-element-8f4a5e8 e-grid e-con-boxed e-con e-child\" data-id=\"8f4a5e8\" data-element_type=\"container\">\n\t\t\t\t\t<div class=\"e-con-inner\">\n\t\t\t\t<div class=\"elementor-element elementor-element-ee0e2cc elementor-position-top elementor-widget elementor-widget-image-box\" data-id=\"ee0e2cc\" data-element_type=\"widget\" data-widget_type=\"image-box.default\">\n\t\t\t\t\t<div class=\"elementor-image-box-wrapper\"><figure class=\"elementor-image-box-img\"><img fetchpriority=\"high\" decoding=\"async\" width=\"1280\" height=\"854\" src=\"https:\/\/sym-naval.com\/wp-content\/uploads\/SYM-Naval-Conversion1.jpeg\" class=\"attachment-full size-full wp-image-16760\" alt=\"\" srcset=\"https:\/\/sym-naval.com\/wp-content\/uploads\/SYM-Naval-Conversion1.jpeg 1280w, https:\/\/sym-naval.com\/wp-content\/uploads\/SYM-Naval-Conversion1-768x512.jpeg 768w\" sizes=\"(max-width: 1280px) 100vw, 1280px\" \/><\/figure><div class=\"elementor-image-box-content\"><h3 class=\"elementor-image-box-title\">Ingenier\u00eda y dise\u00f1o<\/h3><p class=\"elementor-image-box-description\">Cada conversi\u00f3n comienza con un estudio de ingenier\u00eda hecho a medida. Analizamos cambios estructurales, estabilidad, modificaciones de carga, mejoras en propulsi\u00f3n y soluciones ecoeficientes para garantizar resultados seguros, conformes a normativa y rentables.<\/p><\/div><\/div>\t\t\t\t<\/div>\n\t\t\t\t<div class=\"elementor-element elementor-element-26bedc8 elementor-position-top elementor-widget elementor-widget-image-box\" data-id=\"26bedc8\" data-element_type=\"widget\" data-widget_type=\"image-box.default\">\n\t\t\t\t\t<div class=\"elementor-image-box-wrapper\"><figure class=\"elementor-image-box-img\"><img decoding=\"async\" width=\"1280\" height=\"854\" src=\"https:\/\/sym-naval.com\/wp-content\/uploads\/SYM-Naval-Conversion2.jpeg\" class=\"attachment-full size-full wp-image-16762\" alt=\"\" srcset=\"https:\/\/sym-naval.com\/wp-content\/uploads\/SYM-Naval-Conversion2.jpeg 1280w, https:\/\/sym-naval.com\/wp-content\/uploads\/SYM-Naval-Conversion2-768x512.jpeg 768w\" sizes=\"(max-width: 1280px) 100vw, 1280px\" \/><\/figure><div class=\"elementor-image-box-content\"><h3 class=\"elementor-image-box-title\">Ejecuci\u00f3n y modernizaci\u00f3n<\/h3><p class=\"elementor-image-box-description\">SYM Naval gestiona los trabajos de conversi\u00f3n en astilleros de todo el mundo, coordinando mejoras de propulsi\u00f3n, remodelaci\u00f3n de espacios, ajustes de carga y modernizaci\u00f3n de sistemas con precisi\u00f3n y el menor tiempo de inactividad posible.<\/p><\/div><\/div>\t\t\t\t<\/div>\n\t\t\t\t<div class=\"elementor-element elementor-element-f779127 elementor-position-top elementor-widget elementor-widget-image-box\" data-id=\"f779127\" data-element_type=\"widget\" data-widget_type=\"image-box.default\">\n\t\t\t\t\t<div class=\"elementor-image-box-wrapper\"><figure class=\"elementor-image-box-img\"><img decoding=\"async\" width=\"1280\" height=\"854\" src=\"https:\/\/sym-naval.com\/wp-content\/uploads\/SYM-Naval-Conversion3.jpeg\" class=\"attachment-full size-full wp-image-16764\" alt=\"\" srcset=\"https:\/\/sym-naval.com\/wp-content\/uploads\/SYM-Naval-Conversion3.jpeg 1280w, https:\/\/sym-naval.com\/wp-content\/uploads\/SYM-Naval-Conversion3-768x512.jpeg 768w\" sizes=\"(max-width: 1280px) 100vw, 1280px\" \/><\/figure><div class=\"elementor-image-box-content\"><h3 class=\"elementor-image-box-title\">Resultados certificados<\/h3><p class=\"elementor-image-box-description\">Trabajamos en estrecha colaboraci\u00f3n con armadores, astilleros y sociedades de clasificaci\u00f3n para ofrecer proyectos de conversi\u00f3n totalmente certificados, que prolongan la vida \u00fatil del buque, aseguran el cumplimiento normativo y maximizan su rendimiento a largo plazo.\n<\/p><\/div><\/div>\t\t\t\t<\/div>\n\t\t\t\t\t<\/div>\n\t\t\t\t<\/div>\n\t\t<div class=\"elementor-element elementor-element-4570ed2b e-flex e-con-boxed e-con e-parent\" data-id=\"4570ed2b\" data-element_type=\"container\">\n\t\t\t\t\t<div class=\"e-con-inner\">\n\t\t\t\t<div class=\"elementor-element elementor-element-45f00846 elementor-widget__width-initial elementor-widget elementor-widget-industrium_heading\" data-id=\"45f00846\" data-element_type=\"widget\" data-widget_type=\"industrium_heading.default\">\n\t\t\t\t<div class=\"elementor-widget-container\">\n\t\t\t\t\t<div class=\"industrium-heading-widget\"><h2 class=\"industrium-heading\"><span class=\"industrium-subheading\">Descubre nuestras capacidades en conversi\u00f3n y reparaci\u00f3n naval <\/span><span class=\"industrium-heading-content\">Descarga el cat\u00e1logo de servicios para conocer los alcances t\u00e9cnicos.<\/span><\/h2><\/div>\t\t\t\t<\/div>\n\t\t\t\t<\/div>\n\t\t\t\t<div class=\"elementor-element elementor-element-7767c473 elementor-widget elementor-widget-industrium_button\" data-id=\"7767c473\" data-element_type=\"widget\" data-widget_type=\"industrium_button.default\">\n\t\t\t\t<div class=\"elementor-widget-container\">\n\t\t\t\t\t\n        <div class=\"button-widget\">\n            <div class=\"button-container\">\n                <a href=\"https:\/\/sym-naval.com\/assets\/DGTL-REPARACION-EN.pdf\" target=\"_blank\" class=\"industrium-button button-type-2\">\n                    <span class=\"industrium-button-text\">Descargar<\/span>                    \n                <\/a>\n            <\/div>\n        <\/div>\n        \t\t\t\t<\/div>\n\t\t\t\t<\/div>\n\t\t\t\t\t<\/div>\n\t\t\t\t<\/div>\n\t\t\t\t<\/div>\n\t\t","protected":false},"excerpt":{"rendered":"<p>Conversi\u00f3n naval SYM Naval desarrolla y ejecuta proyectos de conversi\u00f3n que mejoran la eficiencia, el rendimiento y las capacidades operativas de buques mercantes y de pasajeros. Desde retrofits ecoeficientes hasta modificaciones estructurales de gran alcance, cada intervenci\u00f3n se dise\u00f1a para cumplir nuevas normativas y adaptarse a las necesidades operativas en evoluci\u00f3n. Nuestra Oficina T\u00e9cnica lidera [&hellip;]<\/p>\n","protected":false},"author":1,"featured_media":15124,"parent":7368,"menu_order":0,"comment_status":"closed","ping_status":"closed","template":"","meta":{"footnotes":""},"class_list":["post-7445","page","type-page","status-publish","has-post-thumbnail","hentry"],"_links":{"self":[{"href":"https:\/\/sym-naval.com\/es\/wp-json\/wp\/v2\/pages\/7445","targetHints":{"allow":["GET"]}}],"collection":[{"href":"https:\/\/sym-naval.com\/es\/wp-json\/wp\/v2\/pages"}],"about":[{"href":"https:\/\/sym-naval.com\/es\/wp-json\/wp\/v2\/types\/page"}],"author":[{"embeddable":true,"href":"https:\/\/sym-naval.com\/es\/wp-json\/wp\/v2\/users\/1"}],"replies":[{"embeddable":true,"href":"https:\/\/sym-naval.com\/es\/wp-json\/wp\/v2\/comments?post=7445"}],"version-history":[{"count":16,"href":"https:\/\/sym-naval.com\/es\/wp-json\/wp\/v2\/pages\/7445\/revisions"}],"predecessor-version":[{"id":18160,"href":"https:\/\/sym-naval.com\/es\/wp-json\/wp\/v2\/pages\/7445\/revisions\/18160"}],"up":[{"embeddable":true,"href":"https:\/\/sym-naval.com\/es\/wp-json\/wp\/v2\/pages\/7368"}],"wp:featuredmedia":[{"embeddable":true,"href":"https:\/\/sym-naval.com\/es\/wp-json\/wp\/v2\/media\/15124"}],"wp:attachment":[{"href":"https:\/\/sym-naval.com\/es\/wp-json\/wp\/v2\/media?parent=7445"}],"curies":[{"name":"wp","href":"https:\/\/api.w.org\/{rel}","templated":true}]}}