{"id":7451,"date":"2023-12-18T08:57:23","date_gmt":"2023-12-18T07:57:23","guid":{"rendered":"https:\/\/staging.sym-naval.com\/compania\/instalaciones-mediterraneo\/"},"modified":"2025-12-17T16:04:52","modified_gmt":"2025-12-17T15:04:52","slug":"astillero-espana","status":"publish","type":"page","link":"https:\/\/sym-naval.com\/es\/localizaciones\/astillero-espana\/","title":{"rendered":"Astillero en Espa\u00f1a"},"content":{"rendered":"\t\t<div data-elementor-type=\"wp-page\" data-elementor-id=\"7451\" class=\"elementor elementor-7451 elementor-6016\" data-elementor-post-type=\"page\">\n\t\t\t\t<div class=\"elementor-element elementor-element-045a4de e-flex e-con-boxed e-con e-parent\" data-id=\"045a4de\" data-element_type=\"container\" data-settings=\"{&quot;background_background&quot;:&quot;classic&quot;}\">\n\t\t\t\t\t<div class=\"e-con-inner\">\n\t\t\t\t<div class=\"elementor-element elementor-element-93fe9e6 elementor-widget__width-initial elementor-widget-mobile__width-inherit elementor-widget elementor-widget-heading\" data-id=\"93fe9e6\" data-element_type=\"widget\" data-widget_type=\"heading.default\">\n\t\t\t\t\t<h1 class=\"elementor-heading-title elementor-size-default\">Astillero en Espa\u00f1a\n<\/h1>\t\t\t\t<\/div>\n\t\t\t\t<div class=\"elementor-element elementor-element-fead5cd elementor-absolute decoration-type-1 elementor-invisible elementor-widget elementor-widget-industrium_decoration\" data-id=\"fead5cd\" data-element_type=\"widget\" data-settings=\"{&quot;_position&quot;:&quot;absolute&quot;,&quot;_animation&quot;:&quot;industrium_decoration&quot;,&quot;_animation_delay&quot;:300}\" data-widget_type=\"industrium_decoration.default\">\n\t\t\t\t<div class=\"elementor-widget-container\">\n\t\t\t\t\t        <div class=\"decoration-widget\">\n            <div class=\"decoration-container\">\n                <div class=\"industrium-decoration\">\n                    <div><\/div><div><\/div><div><\/div>\n                <\/div>\n            <\/div>\n        <\/div>\n        \t\t\t\t<\/div>\n\t\t\t\t<\/div>\n\t\t\t\t\t<\/div>\n\t\t\t\t<\/div>\n\t\t<div class=\"elementor-element elementor-element-f9ed006 e-flex e-con-boxed e-con e-parent\" data-id=\"f9ed006\" data-element_type=\"container\">\n\t\t\t\t\t<div class=\"e-con-inner\">\n\t\t<div class=\"elementor-element elementor-element-0975918 e-con-full e-flex e-con e-child\" data-id=\"0975918\" data-element_type=\"container\">\n\t\t\t\t<div class=\"elementor-element elementor-element-6ab2fd3 elementor-widget__width-initial elementor-widget elementor-widget-industrium_heading\" data-id=\"6ab2fd3\" data-element_type=\"widget\" data-widget_type=\"industrium_heading.default\">\n\t\t\t\t<div class=\"elementor-widget-container\">\n\t\t\t\t\t<div class=\"industrium-heading-widget\"><h2 class=\"industrium-heading\"><span class=\"industrium-subheading\">Astillero de Barcelona <\/span><span class=\"industrium-heading-content\">Un centro estrat\u00e9gico de construcci\u00f3n y reparaci\u00f3n naval en el Mediterr\u00e1neo\u00a0<\/span><\/h2><\/div>\t\t\t\t<\/div>\n\t\t\t\t<\/div>\n\t\t\t\t<div class=\"elementor-element elementor-element-1e4304f elementor-widget elementor-widget-industrium_button\" data-id=\"1e4304f\" data-element_type=\"widget\" data-widget_type=\"industrium_button.default\">\n\t\t\t\t<div class=\"elementor-widget-container\">\n\t\t\t\t\t\n        <div class=\"button-widget\">\n            <div class=\"button-container\">\n                <a href=\"https:\/\/sym-naval.com\/contact\/\" class=\"industrium-button button-type-1\">\n                    CONTACTAR CON NUESTRO EQUIPO<svg viewBox=\"0 0 13 20\"><polyline points=\"0.5 19.5 3 19.5 12.5 10 3 0.5\"><\/polyline><\/svg>                    \n                <\/a>\n            <\/div>\n        <\/div>\n        \t\t\t\t<\/div>\n\t\t\t\t<\/div>\n\t\t\t\t<\/div>\n\t\t<div class=\"elementor-element elementor-element-76fd020 e-con-full e-flex e-con e-child\" data-id=\"76fd020\" data-element_type=\"container\">\n\t\t\t\t<div class=\"elementor-element elementor-element-a027259 elementor-widget elementor-widget-text-editor\" data-id=\"a027259\" data-element_type=\"widget\" data-widget_type=\"text-editor.default\">\n\t\t\t\t\t\t\t\t\t<p class=\"p1\"><strong>Ubicado en el puerto de Vilanova i la Geltr\u00fa, el astillero de Barcelona funciona como la sede europea de SYM Naval. Aqu\u00ed se integran nuestra Oficina T\u00e9cnica y la capacidad industrial en un mismo entorno, permitiendo dise\u00f1ar, planificar y ejecutar proyectos con control total dentro de casa.<\/strong><\/p><p class=\"p1\">Desde nuevas construcciones complejas hasta reparaciones cr\u00edticas, este astillero ofrece a los armadores una base estrat\u00e9gica en el Mediterr\u00e1neo caracterizada por calidad de ingenier\u00eda, rapidez de ejecuci\u00f3n y resultados precisos y fiables.<\/p>\t\t\t\t\t\t\t\t<\/div>\n\t\t\t\t<\/div>\n\t\t\t\t\t<\/div>\n\t\t\t\t<\/div>\n\t\t<div class=\"elementor-element elementor-element-1016843 e-grid e-con-boxed e-con e-child\" data-id=\"1016843\" data-element_type=\"container\">\n\t\t\t\t\t<div class=\"e-con-inner\">\n\t\t\t\t<div class=\"elementor-element elementor-element-4d57b9e elementor-view-default elementor-position-top elementor-mobile-position-top elementor-widget elementor-widget-icon-box\" data-id=\"4d57b9e\" data-element_type=\"widget\" data-widget_type=\"icon-box.default\">\n\t\t\t\t\t\t\t<div class=\"elementor-icon-box-wrapper\">\n\n\t\t\t\t\t\t<div class=\"elementor-icon-box-icon\">\n\t\t\t\t<span  class=\"elementor-icon\">\n\t\t\t\t<svg xmlns=\"http:\/\/www.w3.org\/2000\/svg\" viewBox=\"0 0 256 256\"><rect width=\"256\" height=\"256\" fill=\"none\"><\/rect><line x1=\"24\" y1=\"168\" x2=\"128\" y2=\"168\" fill=\"none\" stroke=\"currentColor\" stroke-linecap=\"round\" stroke-linejoin=\"round\" stroke-width=\"12\"><\/line><path d=\"M24,200V96a8,8,0,0,1,8-8h72l24,80v32a8,8,0,0,1-8,8H32A8,8,0,0,1,24,200Z\" fill=\"none\" stroke=\"currentColor\" stroke-linecap=\"round\" stroke-linejoin=\"round\" stroke-width=\"12\"><\/path><line x1=\"56\" y1=\"88\" x2=\"56\" y2=\"168\" fill=\"none\" stroke=\"currentColor\" stroke-linecap=\"round\" stroke-linejoin=\"round\" stroke-width=\"12\"><\/line><path d=\"M104,88,224,24V160a8,8,0,0,1-8,8H200a8,8,0,0,1-8-8v-8\" fill=\"none\" stroke=\"currentColor\" stroke-linecap=\"round\" stroke-linejoin=\"round\" stroke-width=\"12\"><\/path><\/svg>\t\t\t\t<\/span>\n\t\t\t<\/div>\n\t\t\t\n\t\t\t\t\t\t<div class=\"elementor-icon-box-content\">\n\n\t\t\t\t\t\t\t\t\t<h3 class=\"elementor-icon-box-title\">\n\t\t\t\t\t\t<span  >\n\t\t\t\t\t\t\tInfraestructura\t\t\t\t\t\t<\/span>\n\t\t\t\t\t<\/h3>\n\t\t\t\t\n\t\t\t\t\t\t\t\t\t<p class=\"elementor-icon-box-description\">\n\t\t\t\t\t\tAtraque privado dentro del puerto, con acceso seguro y operaciones inmediatas junto al muelle.\n\t\t\t\t\t<\/p>\n\t\t\t\t\n\t\t\t<\/div>\n\t\t\t\n\t\t<\/div>\n\t\t\t\t\t\t<\/div>\n\t\t\t\t<div class=\"elementor-element elementor-element-757b3a5 elementor-view-default elementor-position-top elementor-mobile-position-top elementor-widget elementor-widget-icon-box\" data-id=\"757b3a5\" data-element_type=\"widget\" data-widget_type=\"icon-box.default\">\n\t\t\t\t\t\t\t<div class=\"elementor-icon-box-wrapper\">\n\n\t\t\t\t\t\t<div class=\"elementor-icon-box-icon\">\n\t\t\t\t<span  class=\"elementor-icon\">\n\t\t\t\t<svg xmlns=\"http:\/\/www.w3.org\/2000\/svg\" viewBox=\"0 0 256 256\"><rect width=\"256\" height=\"256\" fill=\"none\"><\/rect><path d=\"M131.84,25l88,48.18a8,8,0,0,1,4.16,7v95.64a8,8,0,0,1-4.16,7l-88,48.18a8,8,0,0,1-7.68,0l-88-48.18a8,8,0,0,1-4.16-7V80.18a8,8,0,0,1,4.16-7l88-48.18A8,8,0,0,1,131.84,25Z\" fill=\"none\" stroke=\"currentColor\" stroke-linecap=\"round\" stroke-linejoin=\"round\" stroke-width=\"12\"><\/path><line x1=\"128\" y1=\"128\" x2=\"128\" y2=\"232\" fill=\"none\" stroke=\"currentColor\" stroke-linecap=\"round\" stroke-linejoin=\"round\" stroke-width=\"12\"><\/line><polyline points=\"32.03 125.73 80 152 80 206.84\" fill=\"none\" stroke=\"currentColor\" stroke-linecap=\"round\" stroke-linejoin=\"round\" stroke-width=\"12\"><\/polyline><polyline points=\"224 125.72 176 152 176 206.84\" fill=\"none\" stroke=\"currentColor\" stroke-linecap=\"round\" stroke-linejoin=\"round\" stroke-width=\"12\"><\/polyline><polyline points=\"83.14 47.44 128 72 172.86 47.44\" fill=\"none\" stroke=\"currentColor\" stroke-linecap=\"round\" stroke-linejoin=\"round\" stroke-width=\"12\"><\/polyline><polyline points=\"33.14 76.06 128 128 222.86 76.06\" fill=\"none\" stroke=\"currentColor\" stroke-linecap=\"round\" stroke-linejoin=\"round\" stroke-width=\"12\"><\/polyline><\/svg>\t\t\t\t<\/span>\n\t\t\t<\/div>\n\t\t\t\n\t\t\t\t\t\t<div class=\"elementor-icon-box-content\">\n\n\t\t\t\t\t\t\t\t\t<h3 class=\"elementor-icon-box-title\">\n\t\t\t\t\t\t<span  >\n\t\t\t\t\t\t\tAlta capacidad\t\t\t\t\t\t<\/span>\n\t\t\t\t\t<\/h3>\n\t\t\t\t\n\t\t\t\t\t\t\t\t\t<p class=\"elementor-icon-box-description\">\n\t\t\t\t\t\tDique totalmente equipado para recibir buques de hasta 170 metros de eslora.\n\t\t\t\t\t<\/p>\n\t\t\t\t\n\t\t\t<\/div>\n\t\t\t\n\t\t<\/div>\n\t\t\t\t\t\t<\/div>\n\t\t\t\t<div class=\"elementor-element elementor-element-7192169 elementor-view-default elementor-position-top elementor-mobile-position-top elementor-widget elementor-widget-icon-box\" data-id=\"7192169\" data-element_type=\"widget\" data-widget_type=\"icon-box.default\">\n\t\t\t\t\t\t\t<div class=\"elementor-icon-box-wrapper\">\n\n\t\t\t\t\t\t<div class=\"elementor-icon-box-icon\">\n\t\t\t\t<span  class=\"elementor-icon\">\n\t\t\t\t<svg xmlns=\"http:\/\/www.w3.org\/2000\/svg\" viewBox=\"0 0 256 256\"><rect width=\"256\" height=\"256\" fill=\"none\"><\/rect><ellipse cx=\"128\" cy=\"128\" rx=\"44.13\" ry=\"116.33\" transform=\"translate(-53.02 128) rotate(-45)\" fill=\"none\" stroke=\"currentColor\" stroke-linecap=\"round\" stroke-linejoin=\"round\" stroke-width=\"12\"><\/ellipse><ellipse cx=\"128\" cy=\"128\" rx=\"116.33\" ry=\"44.13\" transform=\"translate(-53.02 128) rotate(-45)\" fill=\"none\" stroke=\"currentColor\" stroke-linecap=\"round\" stroke-linejoin=\"round\" stroke-width=\"12\"><\/ellipse><circle cx=\"128\" cy=\"128\" r=\"10\"><\/circle><\/svg>\t\t\t\t<\/span>\n\t\t\t<\/div>\n\t\t\t\n\t\t\t\t\t\t<div class=\"elementor-icon-box-content\">\n\n\t\t\t\t\t\t\t\t\t<h3 class=\"elementor-icon-box-title\">\n\t\t\t\t\t\t<span  >\n\t\t\t\t\t\t\tN\u00facleo de innovaci\u00f3n\t\t\t\t\t\t<\/span>\n\t\t\t\t\t<\/h3>\n\t\t\t\t\n\t\t\t\t\t\t\t\t\t<p class=\"elementor-icon-box-description\">\n\t\t\t\t\t\tSede de la Oficina T\u00e9cnica y del equipo de I+D que lidera nuestros desarrollos h\u00edbridos y 100% el\u00e9ctricos.\n\t\t\t\t\t<\/p>\n\t\t\t\t\n\t\t\t<\/div>\n\t\t\t\n\t\t<\/div>\n\t\t\t\t\t\t<\/div>\n\t\t\t\t<div class=\"elementor-element elementor-element-498a669 elementor-view-default elementor-position-top elementor-mobile-position-top elementor-widget elementor-widget-icon-box\" data-id=\"498a669\" data-element_type=\"widget\" data-widget_type=\"icon-box.default\">\n\t\t\t\t\t\t\t<div class=\"elementor-icon-box-wrapper\">\n\n\t\t\t\t\t\t<div class=\"elementor-icon-box-icon\">\n\t\t\t\t<span  class=\"elementor-icon\">\n\t\t\t\t<svg xmlns=\"http:\/\/www.w3.org\/2000\/svg\" viewBox=\"0 0 256 256\"><rect width=\"256\" height=\"256\" fill=\"none\"><\/rect><line x1=\"128\" y1=\"48\" x2=\"128\" y2=\"24\" fill=\"none\" stroke=\"currentColor\" stroke-linecap=\"round\" stroke-linejoin=\"round\" stroke-width=\"12\"><\/line><line x1=\"128\" y1=\"168\" x2=\"128\" y2=\"88\" fill=\"none\" stroke=\"currentColor\" stroke-linecap=\"round\" stroke-linejoin=\"round\" stroke-width=\"12\"><\/line><path d=\"M224,152c0,56-96,80-96,80s-96-24-96-80V125.77a8,8,0,0,1,5.47-7.59L128,88l90.53,30.18a8,8,0,0,1,5.47,7.59Z\" fill=\"none\" stroke=\"currentColor\" stroke-linecap=\"round\" stroke-linejoin=\"round\" stroke-width=\"12\"><\/path><path d=\"M56,112V56a8,8,0,0,1,8-8H192a8,8,0,0,1,8,8v56\" fill=\"none\" stroke=\"currentColor\" stroke-linecap=\"round\" stroke-linejoin=\"round\" stroke-width=\"12\"><\/path><\/svg>\t\t\t\t<\/span>\n\t\t\t<\/div>\n\t\t\t\n\t\t\t\t\t\t<div class=\"elementor-icon-box-content\">\n\n\t\t\t\t\t\t\t\t\t<h3 class=\"elementor-icon-box-title\">\n\t\t\t\t\t\t<span  >\n\t\t\t\t\t\t\tAgilidad operativa\t\t\t\t\t\t<\/span>\n\t\t\t\t\t<\/h3>\n\t\t\t\t\n\t\t\t\t\t\t\t\t\t<p class=\"elementor-icon-box-description\">\n\t\t\t\t\t\tEspecialistas en reparaciones de emergencia a flote y paradas t\u00e9cnicas con tiempo de inactividad m\u00ednimo.\n\t\t\t\t\t<\/p>\n\t\t\t\t\n\t\t\t<\/div>\n\t\t\t\n\t\t<\/div>\n\t\t\t\t\t\t<\/div>\n\t\t\t\t\t<\/div>\n\t\t\t\t<\/div>\n\t\t<div class=\"elementor-element elementor-element-85b6d7c e-flex e-con-boxed e-con e-parent\" data-id=\"85b6d7c\" data-element_type=\"container\" data-settings=\"{&quot;background_background&quot;:&quot;classic&quot;}\">\n\t\t\t\t\t<div class=\"e-con-inner\">\n\t\t<div class=\"elementor-element elementor-element-dbc9fae e-con-full e-flex e-con e-child\" data-id=\"dbc9fae\" data-element_type=\"container\">\n\t\t\t\t<div class=\"elementor-element elementor-element-7c268c4 elementor-widget elementor-widget-industrium_heading\" data-id=\"7c268c4\" data-element_type=\"widget\" data-widget_type=\"industrium_heading.default\">\n\t\t\t\t<div class=\"elementor-widget-container\">\n\t\t\t\t\t<div class=\"industrium-heading-widget\"><h2 class=\"industrium-heading\"><span class=\"industrium-subheading\">Construcci\u00f3n naval <\/span><span class=\"industrium-heading-content\">Construcci\u00f3n a medida para flotas portuarias y costeras<\/span><\/h2><\/div>\t\t\t\t<\/div>\n\t\t\t\t<\/div>\n\t\t\t\t<div class=\"elementor-element elementor-element-12fc356 elementor-widget elementor-widget-text-editor\" data-id=\"12fc356\" data-element_type=\"widget\" data-widget_type=\"text-editor.default\">\n\t\t\t\t\t\t\t\t\t<p class=\"p1\">Desde nuestro astillero en Barcelona dise\u00f1amos y construimos buques totalmente clasificados, adaptados a las necesidades operativas de flotas portuarias y de servicio cercano a costa. Nuestra experiencia incluye remolcadores, unidades MARPOL, lanchas de pr\u00e1ctico, barcazas y embarcaciones 100% el\u00e9ctricas para operaciones de cero emisiones.<\/p><p class=\"p1\">Cada proyecto se desarrolla a partir de un modelo digital 3D completo, lo que nos permite validar disposiciones, integrar sistemas ecoeficientes y optimizar los flujos de construcci\u00f3n desde la fase inicial. El resultado es un proceso de construcci\u00f3n que garantiza rendimiento, seguridad y fiabilidad a largo plazo.<\/p>\t\t\t\t\t\t\t\t<\/div>\n\t\t\t\t<div class=\"elementor-element elementor-element-d2d7077 elementor-widget elementor-widget-industrium_button\" data-id=\"d2d7077\" data-element_type=\"widget\" data-widget_type=\"industrium_button.default\">\n\t\t\t\t<div class=\"elementor-widget-container\">\n\t\t\t\t\t\n        <div class=\"button-widget\">\n            <div class=\"button-container\">\n                <a href=\"https:\/\/sym-naval.com\/shipbuilding\/\" class=\"industrium-button button-type-1\">\n                    Explorar construcci\u00f3n naval<svg viewBox=\"0 0 13 20\"><polyline points=\"0.5 19.5 3 19.5 12.5 10 3 0.5\"><\/polyline><\/svg>                    \n                <\/a>\n            <\/div>\n        <\/div>\n        \t\t\t\t<\/div>\n\t\t\t\t<\/div>\n\t\t\t\t<\/div>\n\t\t<div class=\"elementor-element elementor-element-45a4a70 e-con-full e-flex e-con e-child\" data-id=\"45a4a70\" data-element_type=\"container\" data-settings=\"{&quot;background_background&quot;:&quot;classic&quot;}\">\n\t\t\t\t<\/div>\n\t\t\t\t<div class=\"elementor-element elementor-element-7aadb5d elementor-absolute decoration-type-1 elementor-invisible elementor-widget elementor-widget-industrium_decoration\" data-id=\"7aadb5d\" data-element_type=\"widget\" data-settings=\"{&quot;_position&quot;:&quot;absolute&quot;,&quot;_animation&quot;:&quot;industrium_decoration&quot;,&quot;_animation_delay&quot;:300}\" data-widget_type=\"industrium_decoration.default\">\n\t\t\t\t<div class=\"elementor-widget-container\">\n\t\t\t\t\t        <div class=\"decoration-widget\">\n            <div class=\"decoration-container\">\n                <div class=\"industrium-decoration\">\n                    <div><\/div><div><\/div><div><\/div>\n                <\/div>\n            <\/div>\n        <\/div>\n        \t\t\t\t<\/div>\n\t\t\t\t<\/div>\n\t\t\t\t\t<\/div>\n\t\t\t\t<\/div>\n\t\t<div class=\"elementor-element elementor-element-38fc429 e-flex e-con-boxed e-con e-parent\" data-id=\"38fc429\" data-element_type=\"container\">\n\t\t\t\t\t<div class=\"e-con-inner\">\n\t\t<div class=\"elementor-element elementor-element-1007344 e-con-full e-flex e-con e-child\" data-id=\"1007344\" data-element_type=\"container\" data-settings=\"{&quot;background_background&quot;:&quot;classic&quot;}\">\n\t\t\t\t<\/div>\n\t\t<div class=\"elementor-element elementor-element-fb498fa e-con-full e-flex e-con e-child\" data-id=\"fb498fa\" data-element_type=\"container\">\n\t\t\t\t<div class=\"elementor-element elementor-element-2a0a218 elementor-widget elementor-widget-industrium_heading\" data-id=\"2a0a218\" data-element_type=\"widget\" data-widget_type=\"industrium_heading.default\">\n\t\t\t\t<div class=\"elementor-widget-container\">\n\t\t\t\t\t<div class=\"industrium-heading-widget\"><h2 class=\"industrium-heading\"><span class=\"industrium-subheading\">Reparaci\u00f3n naval <\/span><span class=\"industrium-heading-content\">Reparaciones a flote y paradas t\u00e9cnicas<\/span><\/h2><\/div>\t\t\t\t<\/div>\n\t\t\t\t<\/div>\n\t\t\t\t<div class=\"elementor-element elementor-element-26a823e elementor-widget elementor-widget-text-editor\" data-id=\"26a823e\" data-element_type=\"widget\" data-widget_type=\"text-editor.default\">\n\t\t\t\t\t\t\t\t\t<p class=\"p1\">El astillero de Barcelona da soporte a un amplio rango de reparaciones, desde intervenciones de emergencia hasta paradas t\u00e9cnicas planificadas. Gracias al acceso directo a nuestro atraque privado, realizamos trabajos mec\u00e1nicos, hidr\u00e1ulicos, el\u00e9ctricos, de tuber\u00edas y estructuras met\u00e1licas junto al muelle, sin necesidad de entrar en dique.<\/p><p class=\"p1\">Esta configuraci\u00f3n permite a los armadores resolver incidencias con rapidez y mantener la continuidad operativa en el Mediterr\u00e1neo. Cada intervenci\u00f3n sigue procedimientos certificados y es ejecutada por equipos multidisciplinares centrados en la seguridad, la precisi\u00f3n y la entrega fiable.<\/p>\t\t\t\t\t\t\t\t<\/div>\n\t\t\t\t<div class=\"elementor-element elementor-element-da3547a elementor-widget elementor-widget-industrium_button\" data-id=\"da3547a\" data-element_type=\"widget\" data-widget_type=\"industrium_button.default\">\n\t\t\t\t<div class=\"elementor-widget-container\">\n\t\t\t\t\t\n        <div class=\"button-widget\">\n            <div class=\"button-container\">\n                <a href=\"https:\/\/sym-naval.com\/ship-repair-conversion\/\" class=\"industrium-button button-type-1\">\n                    Explorar reparaci\u00f3n naval<svg viewBox=\"0 0 13 20\"><polyline points=\"0.5 19.5 3 19.5 12.5 10 3 0.5\"><\/polyline><\/svg>                    \n                <\/a>\n            <\/div>\n        <\/div>\n        \t\t\t\t<\/div>\n\t\t\t\t<\/div>\n\t\t\t\t<\/div>\n\t\t\t\t\t<\/div>\n\t\t\t\t<\/div>\n\t\t<div class=\"elementor-element elementor-element-656ff20 e-flex e-con-boxed e-con e-parent\" data-id=\"656ff20\" data-element_type=\"container\">\n\t\t\t\t\t<div class=\"e-con-inner\">\n\t\t\t\t<div class=\"elementor-element elementor-element-bd1976c elementor-widget__width-initial elementor-widget elementor-widget-industrium_heading\" data-id=\"bd1976c\" data-element_type=\"widget\" data-widget_type=\"industrium_heading.default\">\n\t\t\t\t<div class=\"elementor-widget-container\">\n\t\t\t\t\t<div class=\"industrium-heading-widget\"><h2 class=\"industrium-heading\"><span class=\"industrium-subheading\">Descubre todo lo que SYM Naval puede ofrecer <\/span><span class=\"industrium-heading-content\">Descarga nuestro cat\u00e1logo corporativo para conocer todas las capacidades y servicios<\/span><\/h2><\/div>\t\t\t\t<\/div>\n\t\t\t\t<\/div>\n\t\t\t\t<div class=\"elementor-element elementor-element-ef341e6 elementor-widget elementor-widget-industrium_button\" data-id=\"ef341e6\" data-element_type=\"widget\" data-widget_type=\"industrium_button.default\">\n\t\t\t\t<div class=\"elementor-widget-container\">\n\t\t\t\t\t\n        <div class=\"button-widget\">\n            <div class=\"button-container\">\n                <a href=\"https:\/\/sym-naval.com\/assets\/DGTL-CORPORATIVO-ES.pdf\" target=\"_blank\" class=\"industrium-button button-type-2\">\n                    <span class=\"industrium-button-text\">Descargar<\/span>                    \n                <\/a>\n            <\/div>\n        <\/div>\n        \t\t\t\t<\/div>\n\t\t\t\t<\/div>\n\t\t\t\t\t<\/div>\n\t\t\t\t<\/div>\n\t\t\t\t<\/div>\n\t\t","protected":false},"excerpt":{"rendered":"<p>El astillero de SYM Naval en Barcelona ofrece servicios de construcci\u00f3n, reparaci\u00f3n e ingenier\u00eda naval en el Mediterr\u00e1neo. Calidad certificada, tiempos de entrega r\u00e1pidos y equipos especializados.<\/p>\n","protected":false},"author":1,"featured_media":12482,"parent":15357,"menu_order":0,"comment_status":"closed","ping_status":"closed","template":"","meta":{"footnotes":""},"class_list":["post-7451","page","type-page","status-publish","has-post-thumbnail","hentry"],"_links":{"self":[{"href":"https:\/\/sym-naval.com\/es\/wp-json\/wp\/v2\/pages\/7451","targetHints":{"allow":["GET"]}}],"collection":[{"href":"https:\/\/sym-naval.com\/es\/wp-json\/wp\/v2\/pages"}],"about":[{"href":"https:\/\/sym-naval.com\/es\/wp-json\/wp\/v2\/types\/page"}],"author":[{"embeddable":true,"href":"https:\/\/sym-naval.com\/es\/wp-json\/wp\/v2\/users\/1"}],"replies":[{"embeddable":true,"href":"https:\/\/sym-naval.com\/es\/wp-json\/wp\/v2\/comments?post=7451"}],"version-history":[{"count":10,"href":"https:\/\/sym-naval.com\/es\/wp-json\/wp\/v2\/pages\/7451\/revisions"}],"predecessor-version":[{"id":18175,"href":"https:\/\/sym-naval.com\/es\/wp-json\/wp\/v2\/pages\/7451\/revisions\/18175"}],"up":[{"embeddable":true,"href":"https:\/\/sym-naval.com\/es\/wp-json\/wp\/v2\/pages\/15357"}],"wp:featuredmedia":[{"embeddable":true,"href":"https:\/\/sym-naval.com\/es\/wp-json\/wp\/v2\/media\/12482"}],"wp:attachment":[{"href":"https:\/\/sym-naval.com\/es\/wp-json\/wp\/v2\/media?parent=7451"}],"curies":[{"name":"wp","href":"https:\/\/api.w.org\/{rel}","templated":true}]}}