{"id":7453,"date":"2023-12-18T09:01:46","date_gmt":"2023-12-18T08:01:46","guid":{"rendered":"https:\/\/staging.sym-naval.com\/compania\/instalaciones-en-el-caribe\/"},"modified":"2025-12-17T16:13:52","modified_gmt":"2025-12-17T15:13:52","slug":"instalaciones-caribe","status":"publish","type":"page","link":"https:\/\/sym-naval.com\/es\/localizaciones\/instalaciones-caribe\/","title":{"rendered":"Astillero en Rep\u00fablica Dominicana"},"content":{"rendered":"\t\t<div data-elementor-type=\"wp-page\" data-elementor-id=\"7453\" class=\"elementor elementor-7453 elementor-6026\" data-elementor-post-type=\"page\">\n\t\t\t\t<div class=\"elementor-element elementor-element-ee21b72 e-flex e-con-boxed e-con e-parent\" data-id=\"ee21b72\" data-element_type=\"container\" data-settings=\"{&quot;background_background&quot;:&quot;classic&quot;}\">\n\t\t\t\t\t<div class=\"e-con-inner\">\n\t\t\t\t<div class=\"elementor-element elementor-element-933704c elementor-widget__width-initial elementor-widget-mobile__width-inherit elementor-widget elementor-widget-heading\" data-id=\"933704c\" data-element_type=\"widget\" data-widget_type=\"heading.default\">\n\t\t\t\t\t<h1 class=\"elementor-heading-title elementor-size-default\">Astillero en el Caribe\n<\/h1>\t\t\t\t<\/div>\n\t\t\t\t<div class=\"elementor-element elementor-element-f3dd791 elementor-absolute decoration-type-1 elementor-invisible elementor-widget elementor-widget-industrium_decoration\" data-id=\"f3dd791\" data-element_type=\"widget\" data-settings=\"{&quot;_position&quot;:&quot;absolute&quot;,&quot;_animation&quot;:&quot;industrium_decoration&quot;,&quot;_animation_delay&quot;:300}\" data-widget_type=\"industrium_decoration.default\">\n\t\t\t\t<div class=\"elementor-widget-container\">\n\t\t\t\t\t        <div class=\"decoration-widget\">\n            <div class=\"decoration-container\">\n                <div class=\"industrium-decoration\">\n                    <div><\/div><div><\/div><div><\/div>\n                <\/div>\n            <\/div>\n        <\/div>\n        \t\t\t\t<\/div>\n\t\t\t\t<\/div>\n\t\t\t\t\t<\/div>\n\t\t\t\t<\/div>\n\t\t<div class=\"elementor-element elementor-element-c47c00d e-flex e-con-boxed e-con e-parent\" data-id=\"c47c00d\" data-element_type=\"container\">\n\t\t\t\t\t<div class=\"e-con-inner\">\n\t\t<div class=\"elementor-element elementor-element-284ca36 e-con-full e-flex e-con e-child\" data-id=\"284ca36\" data-element_type=\"container\">\n\t\t\t\t<div class=\"elementor-element elementor-element-6778691 elementor-widget__width-initial elementor-widget elementor-widget-industrium_heading\" data-id=\"6778691\" data-element_type=\"widget\" data-widget_type=\"industrium_heading.default\">\n\t\t\t\t<div class=\"elementor-widget-container\">\n\t\t\t\t\t<div class=\"industrium-heading-widget\"><h2 class=\"industrium-heading\"><span class=\"industrium-subheading\">Astillero en el Caribe <\/span><span class=\"industrium-heading-content\">Construcci\u00f3n y reparaci\u00f3n naval en Rep\u00fablica Dominicana\u00a0<\/span><\/h2><\/div>\t\t\t\t<\/div>\n\t\t\t\t<\/div>\n\t\t\t\t<div class=\"elementor-element elementor-element-36fb8af elementor-widget elementor-widget-industrium_button\" data-id=\"36fb8af\" data-element_type=\"widget\" data-widget_type=\"industrium_button.default\">\n\t\t\t\t<div class=\"elementor-widget-container\">\n\t\t\t\t\t\n        <div class=\"button-widget\">\n            <div class=\"button-container\">\n                <a href=\"https:\/\/sym-naval.com\/contact\/\" class=\"industrium-button button-type-1\">\n                    CONTACTAR CON NUESTRO EQUIPO<svg viewBox=\"0 0 13 20\"><polyline points=\"0.5 19.5 3 19.5 12.5 10 3 0.5\"><\/polyline><\/svg>                    \n                <\/a>\n            <\/div>\n        <\/div>\n        \t\t\t\t<\/div>\n\t\t\t\t<\/div>\n\t\t\t\t<\/div>\n\t\t<div class=\"elementor-element elementor-element-9b0e2b9 e-con-full e-flex e-con e-child\" data-id=\"9b0e2b9\" data-element_type=\"container\">\n\t\t\t\t<div class=\"elementor-element elementor-element-42159bd elementor-widget elementor-widget-text-editor\" data-id=\"42159bd\" data-element_type=\"widget\" data-widget_type=\"text-editor.default\">\n\t\t\t\t\t\t\t\t\t<p class=\"p1\"><strong>Ubicado en Boca Chica, cerca de Santo Domingo, nuestro astillero en Rep\u00fablica Dominicana es la principal base operativa de SYM Naval en el Caribe. Con 20.000 m\u00b2 de instalaciones, acceso directo al puerto y equipos multidisciplinares, damos soporte a armadores de todo el Caribe, Latinoam\u00e9rica y la regi\u00f3n del Canal de Panam\u00e1, tanto en construcci\u00f3n naval como en reparaciones certificadas.<\/strong><\/p><p class=\"p1\">El astillero est\u00e1 dise\u00f1ado para intervenciones de respuesta r\u00e1pida y trabajos t\u00e9cnicos complejos, incluyendo reparaciones a flote, asistencias durante navegaci\u00f3n y nuestro sistema de varada controlada mediante airbags. Su ubicaci\u00f3n estrat\u00e9gica en rutas comerciales clave reduce tiempos de inactividad y permite ofrecer soluciones fiables, eficientes y adaptadas a las necesidades operativas de la regi\u00f3n.<\/p>\t\t\t\t\t\t\t\t<\/div>\n\t\t\t\t<\/div>\n\t\t\t\t\t<\/div>\n\t\t\t\t<\/div>\n\t\t<div class=\"elementor-element elementor-element-92cf2c8 e-grid e-con-boxed e-con e-child\" data-id=\"92cf2c8\" data-element_type=\"container\">\n\t\t\t\t\t<div class=\"e-con-inner\">\n\t\t\t\t<div class=\"elementor-element elementor-element-64b8bcc elementor-view-default elementor-position-top elementor-mobile-position-top elementor-widget elementor-widget-icon-box\" data-id=\"64b8bcc\" data-element_type=\"widget\" data-widget_type=\"icon-box.default\">\n\t\t\t\t\t\t\t<div class=\"elementor-icon-box-wrapper\">\n\n\t\t\t\t\t\t<div class=\"elementor-icon-box-icon\">\n\t\t\t\t<span  class=\"elementor-icon\">\n\t\t\t\t<svg xmlns=\"http:\/\/www.w3.org\/2000\/svg\" viewBox=\"0 0 256 256\"><rect width=\"256\" height=\"256\" fill=\"none\"><\/rect><circle cx=\"128\" cy=\"128\" r=\"96\" fill=\"none\" stroke=\"currentColor\" stroke-linecap=\"round\" stroke-linejoin=\"round\" stroke-width=\"12\"><\/circle><path d=\"M75.88,123.26,89.2,100a8,8,0,0,1,6.94-4h16.71a7.9,7.9,0,0,0,3.86-1L129,88.24a7.12,7.12,0,0,0,1.49-1.07l26.92-24.33A8,8,0,0,0,159,53l-10.5-18.81\" fill=\"none\" stroke=\"currentColor\" stroke-linecap=\"round\" stroke-linejoin=\"round\" stroke-width=\"12\"><\/path><path d=\"M67.78,53.23,56,81.08A8,8,0,0,0,55.88,87l11.5,30.67a8,8,0,0,0,5.81,5l21.43,4.61a8,8,0,0,1,5.52,4.33l3.8,7.87a8,8,0,0,0,7.2,4.51h13.8\" fill=\"none\" stroke=\"currentColor\" stroke-linecap=\"round\" stroke-linejoin=\"round\" stroke-width=\"12\"><\/path><path d=\"M213.09,172.48l-52.38-32.22a8.11,8.11,0,0,0-3.12-1.11l-22.82-3.08a8,8,0,0,0-8.38,4.67l-13.7,30.74a8,8,0,0,0,1.44,8.69l19.74,20.33a8,8,0,0,1,2,6.95l-3.17,16.44\" fill=\"none\" stroke=\"currentColor\" stroke-linecap=\"round\" stroke-linejoin=\"round\" stroke-width=\"12\"><\/path><\/svg>\t\t\t\t<\/span>\n\t\t\t<\/div>\n\t\t\t\n\t\t\t\t\t\t<div class=\"elementor-icon-box-content\">\n\n\t\t\t\t\t\t\t\t\t<h3 class=\"elementor-icon-box-title\">\n\t\t\t\t\t\t<span  >\n\t\t\t\t\t\t\tUbicaci\u00f3n estrat\u00e9gica\t\t\t\t\t\t<\/span>\n\t\t\t\t\t<\/h3>\n\t\t\t\t\n\t\t\t\t\t\t\t\t\t<p class=\"elementor-icon-box-description\">\n\t\t\t\t\t\tAcceso directo a rutas comerciales del Caribe y al Canal de Panam\u00e1.\n\t\t\t\t\t<\/p>\n\t\t\t\t\n\t\t\t<\/div>\n\t\t\t\n\t\t<\/div>\n\t\t\t\t\t\t<\/div>\n\t\t\t\t<div class=\"elementor-element elementor-element-c784a86 elementor-view-default elementor-position-top elementor-mobile-position-top elementor-widget elementor-widget-icon-box\" data-id=\"c784a86\" data-element_type=\"widget\" data-widget_type=\"icon-box.default\">\n\t\t\t\t\t\t\t<div class=\"elementor-icon-box-wrapper\">\n\n\t\t\t\t\t\t<div class=\"elementor-icon-box-icon\">\n\t\t\t\t<span  class=\"elementor-icon\">\n\t\t\t\t<svg xmlns=\"http:\/\/www.w3.org\/2000\/svg\" viewBox=\"0 0 256 256\"><rect width=\"256\" height=\"256\" fill=\"none\"><\/rect><line x1=\"24\" y1=\"168\" x2=\"128\" y2=\"168\" fill=\"none\" stroke=\"currentColor\" stroke-linecap=\"round\" stroke-linejoin=\"round\" stroke-width=\"12\"><\/line><path d=\"M24,200V96a8,8,0,0,1,8-8h72l24,80v32a8,8,0,0,1-8,8H32A8,8,0,0,1,24,200Z\" fill=\"none\" stroke=\"currentColor\" stroke-linecap=\"round\" stroke-linejoin=\"round\" stroke-width=\"12\"><\/path><line x1=\"56\" y1=\"88\" x2=\"56\" y2=\"168\" fill=\"none\" stroke=\"currentColor\" stroke-linecap=\"round\" stroke-linejoin=\"round\" stroke-width=\"12\"><\/line><path d=\"M104,88,224,24V160a8,8,0,0,1-8,8H200a8,8,0,0,1-8-8v-8\" fill=\"none\" stroke=\"currentColor\" stroke-linecap=\"round\" stroke-linejoin=\"round\" stroke-width=\"12\"><\/path><\/svg>\t\t\t\t<\/span>\n\t\t\t<\/div>\n\t\t\t\n\t\t\t\t\t\t<div class=\"elementor-icon-box-content\">\n\n\t\t\t\t\t\t\t\t\t<h3 class=\"elementor-icon-box-title\">\n\t\t\t\t\t\t<span  >\n\t\t\t\t\t\t\t20.000 m\u00b2\t\t\t\t\t\t<\/span>\n\t\t\t\t\t<\/h3>\n\t\t\t\t\n\t\t\t\t\t\t\t\t\t<p class=\"elementor-icon-box-description\">\n\t\t\t\t\t\tAmplio espacio operativo para reparaciones simult\u00e1neas y proyectos de puesta en seco.\n\t\t\t\t\t<\/p>\n\t\t\t\t\n\t\t\t<\/div>\n\t\t\t\n\t\t<\/div>\n\t\t\t\t\t\t<\/div>\n\t\t\t\t<div class=\"elementor-element elementor-element-f43194a elementor-view-default elementor-position-top elementor-mobile-position-top elementor-widget elementor-widget-icon-box\" data-id=\"f43194a\" data-element_type=\"widget\" data-widget_type=\"icon-box.default\">\n\t\t\t\t\t\t\t<div class=\"elementor-icon-box-wrapper\">\n\n\t\t\t\t\t\t<div class=\"elementor-icon-box-icon\">\n\t\t\t\t<span  class=\"elementor-icon\">\n\t\t\t\t<svg xmlns=\"http:\/\/www.w3.org\/2000\/svg\" viewBox=\"0 0 256 256\"><rect width=\"256\" height=\"256\" fill=\"none\"><\/rect><line x1=\"128\" y1=\"48\" x2=\"128\" y2=\"24\" fill=\"none\" stroke=\"currentColor\" stroke-linecap=\"round\" stroke-linejoin=\"round\" stroke-width=\"12\"><\/line><line x1=\"128\" y1=\"168\" x2=\"128\" y2=\"88\" fill=\"none\" stroke=\"currentColor\" stroke-linecap=\"round\" stroke-linejoin=\"round\" stroke-width=\"12\"><\/line><path d=\"M224,152c0,56-96,80-96,80s-96-24-96-80V125.77a8,8,0,0,1,5.47-7.59L128,88l90.53,30.18a8,8,0,0,1,5.47,7.59Z\" fill=\"none\" stroke=\"currentColor\" stroke-linecap=\"round\" stroke-linejoin=\"round\" stroke-width=\"12\"><\/path><path d=\"M56,112V56a8,8,0,0,1,8-8H192a8,8,0,0,1,8,8v56\" fill=\"none\" stroke=\"currentColor\" stroke-linecap=\"round\" stroke-linejoin=\"round\" stroke-width=\"12\"><\/path><\/svg>\t\t\t\t<\/span>\n\t\t\t<\/div>\n\t\t\t\n\t\t\t\t\t\t<div class=\"elementor-icon-box-content\">\n\n\t\t\t\t\t\t\t\t\t<h3 class=\"elementor-icon-box-title\">\n\t\t\t\t\t\t<span  >\n\t\t\t\t\t\t\tPuesta en seco\t\t\t\t\t\t<\/span>\n\t\t\t\t\t<\/h3>\n\t\t\t\t\n\t\t\t\t\t\t\t\t\t<p class=\"elementor-icon-box-description\">\n\t\t\t\t\t\tSistema de puesta en seco mediante airbags para operaciones en tierra seguras, flexibles y rentables.\n\t\t\t\t\t<\/p>\n\t\t\t\t\n\t\t\t<\/div>\n\t\t\t\n\t\t<\/div>\n\t\t\t\t\t\t<\/div>\n\t\t\t\t<div class=\"elementor-element elementor-element-f4e0cf8 elementor-view-default elementor-position-top elementor-mobile-position-top elementor-widget elementor-widget-icon-box\" data-id=\"f4e0cf8\" data-element_type=\"widget\" data-widget_type=\"icon-box.default\">\n\t\t\t\t\t\t\t<div class=\"elementor-icon-box-wrapper\">\n\n\t\t\t\t\t\t<div class=\"elementor-icon-box-icon\">\n\t\t\t\t<span  class=\"elementor-icon\">\n\t\t\t\t<svg xmlns=\"http:\/\/www.w3.org\/2000\/svg\" viewBox=\"0 0 256 256\"><rect width=\"256\" height=\"256\" fill=\"none\"><\/rect><circle cx=\"128\" cy=\"128\" r=\"40\" fill=\"none\" stroke=\"currentColor\" stroke-linecap=\"round\" stroke-linejoin=\"round\" stroke-width=\"12\"><\/circle><path d=\"M41.43,178.09A99.14,99.14,0,0,1,31.36,153.8l16.78-21a81.59,81.59,0,0,1,0-9.64l-16.77-21a99.43,99.43,0,0,1,10.05-24.3l26.71-3a81,81,0,0,1,6.81-6.81l3-26.7A99.14,99.14,0,0,1,102.2,31.36l21,16.78a81.59,81.59,0,0,1,9.64,0l21-16.77a99.43,99.43,0,0,1,24.3,10.05l3,26.71a81,81,0,0,1,6.81,6.81l26.7,3a99.14,99.14,0,0,1,10.07,24.29l-16.78,21a81.59,81.59,0,0,1,0,9.64l16.77,21a99.43,99.43,0,0,1-10,24.3l-26.71,3a81,81,0,0,1-6.81,6.81l-3,26.7a99.14,99.14,0,0,1-24.29,10.07l-21-16.78a81.59,81.59,0,0,1-9.64,0l-21,16.77a99.43,99.43,0,0,1-24.3-10l-3-26.71a81,81,0,0,1-6.81-6.81Z\" fill=\"none\" stroke=\"currentColor\" stroke-linecap=\"round\" stroke-linejoin=\"round\" stroke-width=\"12\"><\/path><\/svg>\t\t\t\t<\/span>\n\t\t\t<\/div>\n\t\t\t\n\t\t\t\t\t\t<div class=\"elementor-icon-box-content\">\n\n\t\t\t\t\t\t\t\t\t<h3 class=\"elementor-icon-box-title\">\n\t\t\t\t\t\t<span  >\n\t\t\t\t\t\t\tEquipos certificados\t\t\t\t\t\t<\/span>\n\t\t\t\t\t<\/h3>\n\t\t\t\t\n\t\t\t\t\t\t\t\t\t<p class=\"elementor-icon-box-description\">\n\t\t\t\t\t\tT\u00e9cnicos multidisciplinares formados para reparaciones complejas y trabajos bajo supervisi\u00f3n de Clase.\n\t\t\t\t\t<\/p>\n\t\t\t\t\n\t\t\t<\/div>\n\t\t\t\n\t\t<\/div>\n\t\t\t\t\t\t<\/div>\n\t\t\t\t\t<\/div>\n\t\t\t\t<\/div>\n\t\t<div class=\"elementor-element elementor-element-fb3c2ed e-flex e-con-boxed e-con e-parent\" data-id=\"fb3c2ed\" data-element_type=\"container\" data-settings=\"{&quot;background_background&quot;:&quot;classic&quot;}\">\n\t\t\t\t\t<div class=\"e-con-inner\">\n\t\t<div class=\"elementor-element elementor-element-b15c0a5 e-con-full e-flex e-con e-child\" data-id=\"b15c0a5\" data-element_type=\"container\">\n\t\t\t\t<div class=\"elementor-element elementor-element-cea7270 elementor-widget elementor-widget-industrium_heading\" data-id=\"cea7270\" data-element_type=\"widget\" data-widget_type=\"industrium_heading.default\">\n\t\t\t\t<div class=\"elementor-widget-container\">\n\t\t\t\t\t<div class=\"industrium-heading-widget\"><h2 class=\"industrium-heading\"><span class=\"industrium-subheading\">Construcci\u00f3n naval <\/span><span class=\"industrium-heading-content\">Soluciones t\u00e9cnicas adaptadas al Caribe<\/span><\/h2><\/div>\t\t\t\t<\/div>\n\t\t\t\t<\/div>\n\t\t\t\t<div class=\"elementor-element elementor-element-915539d elementor-widget elementor-widget-text-editor\" data-id=\"915539d\" data-element_type=\"widget\" data-widget_type=\"text-editor.default\">\n\t\t\t\t\t\t\t\t\t<p class=\"p1\">Desde nuestro astillero en Boca Chica dise\u00f1amos y construimos buques totalmente adaptados a las condiciones operativas del Caribe y Latinoam\u00e9rica. Nuestra experiencia incluye remolcadores, unidades MARPOL, embarcaciones multiprop\u00f3sito y barcos el\u00e9ctricos para operaciones portuarias.<\/p><p class=\"p1\">El proceso combina proximidad operativa con herramientas avanzadas de dise\u00f1o digital y est\u00e1ndares de construcci\u00f3n certificados. El resultado son embarcaciones robustas, eficientes y preparadas para operar con fiabilidad en climas c\u00e1lidos, aguas de alta salinidad y entornos portuarios exigentes.<\/p>\t\t\t\t\t\t\t\t<\/div>\n\t\t\t\t<div class=\"elementor-element elementor-element-9be5198 elementor-widget elementor-widget-industrium_button\" data-id=\"9be5198\" data-element_type=\"widget\" data-widget_type=\"industrium_button.default\">\n\t\t\t\t<div class=\"elementor-widget-container\">\n\t\t\t\t\t\n        <div class=\"button-widget\">\n            <div class=\"button-container\">\n                <a href=\"https:\/\/sym-naval.com\/shipbuilding\/\" class=\"industrium-button button-type-1\">\n                    Explorar construcci\u00f3n naval<svg viewBox=\"0 0 13 20\"><polyline points=\"0.5 19.5 3 19.5 12.5 10 3 0.5\"><\/polyline><\/svg>                    \n                <\/a>\n            <\/div>\n        <\/div>\n        \t\t\t\t<\/div>\n\t\t\t\t<\/div>\n\t\t\t\t<\/div>\n\t\t<div class=\"elementor-element elementor-element-95bb4f3 e-con-full e-flex e-con e-child\" data-id=\"95bb4f3\" data-element_type=\"container\" data-settings=\"{&quot;background_background&quot;:&quot;classic&quot;}\">\n\t\t\t\t<\/div>\n\t\t\t\t<div class=\"elementor-element elementor-element-e64e15d elementor-absolute decoration-type-1 elementor-invisible elementor-widget elementor-widget-industrium_decoration\" data-id=\"e64e15d\" data-element_type=\"widget\" data-settings=\"{&quot;_position&quot;:&quot;absolute&quot;,&quot;_animation&quot;:&quot;industrium_decoration&quot;,&quot;_animation_delay&quot;:300}\" data-widget_type=\"industrium_decoration.default\">\n\t\t\t\t<div class=\"elementor-widget-container\">\n\t\t\t\t\t        <div class=\"decoration-widget\">\n            <div class=\"decoration-container\">\n                <div class=\"industrium-decoration\">\n                    <div><\/div><div><\/div><div><\/div>\n                <\/div>\n            <\/div>\n        <\/div>\n        \t\t\t\t<\/div>\n\t\t\t\t<\/div>\n\t\t\t\t\t<\/div>\n\t\t\t\t<\/div>\n\t\t<div class=\"elementor-element elementor-element-bbb884f e-flex e-con-boxed e-con e-parent\" data-id=\"bbb884f\" data-element_type=\"container\">\n\t\t\t\t\t<div class=\"e-con-inner\">\n\t\t<div class=\"elementor-element elementor-element-d82f95b e-con-full e-flex e-con e-child\" data-id=\"d82f95b\" data-element_type=\"container\" data-settings=\"{&quot;background_background&quot;:&quot;classic&quot;}\">\n\t\t\t\t<\/div>\n\t\t<div class=\"elementor-element elementor-element-925e97b e-con-full e-flex e-con e-child\" data-id=\"925e97b\" data-element_type=\"container\">\n\t\t\t\t<div class=\"elementor-element elementor-element-19a4b2a elementor-widget elementor-widget-industrium_heading\" data-id=\"19a4b2a\" data-element_type=\"widget\" data-widget_type=\"industrium_heading.default\">\n\t\t\t\t<div class=\"elementor-widget-container\">\n\t\t\t\t\t<div class=\"industrium-heading-widget\"><h2 class=\"industrium-heading\"><span class=\"industrium-subheading\">Reparaci\u00f3n naval <\/span><span class=\"industrium-heading-content\">Servicios de reparaci\u00f3n a flote y puesta en seco<\/span><\/h2><\/div>\t\t\t\t<\/div>\n\t\t\t\t<\/div>\n\t\t\t\t<div class=\"elementor-element elementor-element-bb63a26 elementor-widget elementor-widget-text-editor\" data-id=\"bb63a26\" data-element_type=\"widget\" data-widget_type=\"text-editor.default\">\n\t\t\t\t\t\t\t\t\t<p class=\"p1\">Nuestro astillero de Rep\u00fablica Dominicana ofrece un servicio completo de reparaci\u00f3n para buques que operan en el Caribe, Latinoam\u00e9rica y la regi\u00f3n del Canal de Panam\u00e1. Atendemos desde emergencias hasta paradas t\u00e9cnicas planificadas, ejecutando trabajos mec\u00e1nicos, hidr\u00e1ulicos, el\u00e9ctricos, de tuber\u00edas y estructuras directamente en puerto o junto al muelle en nuestras instalaciones.<\/p><p class=\"p1\">El astillero tambi\u00e9n dispone de un sistema controlado de Haul-Out mediante airbags, que permite trasladar las embarcaciones a tierra firme para trabajos de casco, pintura, estructuras y reparaciones de propulsi\u00f3n. Esta capacidad, unida a la ubicaci\u00f3n estrat\u00e9gica y equipos certificados, reduce tiempos de parada, mejora la log\u00edstica del proyecto y garantiza reparaciones fiables y eficientes ajustadas a est\u00e1ndares internacionales.<\/p>\t\t\t\t\t\t\t\t<\/div>\n\t\t\t\t<div class=\"elementor-element elementor-element-a174800 elementor-widget elementor-widget-industrium_button\" data-id=\"a174800\" data-element_type=\"widget\" data-widget_type=\"industrium_button.default\">\n\t\t\t\t<div class=\"elementor-widget-container\">\n\t\t\t\t\t\n        <div class=\"button-widget\">\n            <div class=\"button-container\">\n                <a href=\"https:\/\/sym-naval.com\/ship-repair-conversion\/\" class=\"industrium-button button-type-1\">\n                    Explorar construcci\u00f3n naval<svg viewBox=\"0 0 13 20\"><polyline points=\"0.5 19.5 3 19.5 12.5 10 3 0.5\"><\/polyline><\/svg>                    \n                <\/a>\n            <\/div>\n        <\/div>\n        \t\t\t\t<\/div>\n\t\t\t\t<\/div>\n\t\t\t\t<\/div>\n\t\t\t\t\t<\/div>\n\t\t\t\t<\/div>\n\t\t<div class=\"elementor-element elementor-element-6e4f6d41 e-flex e-con-boxed e-con e-parent\" data-id=\"6e4f6d41\" data-element_type=\"container\">\n\t\t\t\t\t<div class=\"e-con-inner\">\n\t\t\t\t<div class=\"elementor-element elementor-element-28564da5 elementor-widget__width-initial elementor-widget elementor-widget-industrium_heading\" data-id=\"28564da5\" data-element_type=\"widget\" data-widget_type=\"industrium_heading.default\">\n\t\t\t\t<div class=\"elementor-widget-container\">\n\t\t\t\t\t<div class=\"industrium-heading-widget\"><h2 class=\"industrium-heading\"><span class=\"industrium-subheading\">Descubre todo lo que SYM Naval puede ofrecer <\/span><span class=\"industrium-heading-content\">Descarga nuestro cat\u00e1logo corporativo para conocer todas las capacidades y servicios<\/span><\/h2><\/div>\t\t\t\t<\/div>\n\t\t\t\t<\/div>\n\t\t\t\t<div class=\"elementor-element elementor-element-7b4a058f elementor-widget elementor-widget-industrium_button\" data-id=\"7b4a058f\" data-element_type=\"widget\" data-widget_type=\"industrium_button.default\">\n\t\t\t\t<div class=\"elementor-widget-container\">\n\t\t\t\t\t\n        <div class=\"button-widget\">\n            <div class=\"button-container\">\n                <a href=\"https:\/\/sym-naval.com\/assets\/DGTL-CORPORATIVO-ES.pdf\" target=\"_blank\" class=\"industrium-button button-type-2\">\n                    <span class=\"industrium-button-text\">Descargar<\/span>                    \n                <\/a>\n            <\/div>\n        <\/div>\n        \t\t\t\t<\/div>\n\t\t\t\t<\/div>\n\t\t\t\t\t<\/div>\n\t\t\t\t<\/div>\n\t\t\t\t<\/div>\n\t\t","protected":false},"excerpt":{"rendered":"<p>El astillero de SYM Naval en Boca Chica, Rep\u00fablica Dominicana, cuenta con 20.000 m\u00b2 de instalaciones dedicadas a la construcci\u00f3n naval a medida y a la reparaci\u00f3n certificada de buques. Un centro estrat\u00e9gico para el Caribe, Latinoam\u00e9rica y el Canal de Panam\u00e1.<\/p>\n","protected":false},"author":1,"featured_media":13941,"parent":15357,"menu_order":0,"comment_status":"closed","ping_status":"closed","template":"","meta":{"footnotes":""},"class_list":["post-7453","page","type-page","status-publish","has-post-thumbnail","hentry"],"_links":{"self":[{"href":"https:\/\/sym-naval.com\/es\/wp-json\/wp\/v2\/pages\/7453","targetHints":{"allow":["GET"]}}],"collection":[{"href":"https:\/\/sym-naval.com\/es\/wp-json\/wp\/v2\/pages"}],"about":[{"href":"https:\/\/sym-naval.com\/es\/wp-json\/wp\/v2\/types\/page"}],"author":[{"embeddable":true,"href":"https:\/\/sym-naval.com\/es\/wp-json\/wp\/v2\/users\/1"}],"replies":[{"embeddable":true,"href":"https:\/\/sym-naval.com\/es\/wp-json\/wp\/v2\/comments?post=7453"}],"version-history":[{"count":16,"href":"https:\/\/sym-naval.com\/es\/wp-json\/wp\/v2\/pages\/7453\/revisions"}],"predecessor-version":[{"id":18187,"href":"https:\/\/sym-naval.com\/es\/wp-json\/wp\/v2\/pages\/7453\/revisions\/18187"}],"up":[{"embeddable":true,"href":"https:\/\/sym-naval.com\/es\/wp-json\/wp\/v2\/pages\/15357"}],"wp:featuredmedia":[{"embeddable":true,"href":"https:\/\/sym-naval.com\/es\/wp-json\/wp\/v2\/media\/13941"}],"wp:attachment":[{"href":"https:\/\/sym-naval.com\/es\/wp-json\/wp\/v2\/media?parent=7453"}],"curies":[{"name":"wp","href":"https:\/\/api.w.org\/{rel}","templated":true}]}}