{"id":7825,"date":"2021-06-24T06:41:19","date_gmt":"2021-06-24T04:41:19","guid":{"rendered":"https:\/\/staging.sym-naval.com\/necesita-mas-informacion\/"},"modified":"2025-12-03T18:04:36","modified_gmt":"2025-12-03T17:04:36","slug":"contacto","status":"publish","type":"page","link":"https:\/\/sym-naval.com\/es\/contacto\/","title":{"rendered":"Contacto"},"content":{"rendered":"\t\t<div data-elementor-type=\"wp-page\" data-elementor-id=\"7825\" class=\"elementor elementor-7825 elementor-618\" data-elementor-post-type=\"page\">\n\t\t\t\t<div class=\"elementor-element elementor-element-cf5af0b e-flex e-con-boxed e-con e-parent\" data-id=\"cf5af0b\" data-element_type=\"container\" data-settings=\"{&quot;background_background&quot;:&quot;classic&quot;}\">\n\t\t\t\t\t<div class=\"e-con-inner\">\n\t\t\t\t<div class=\"elementor-element elementor-element-94b555f elementor-widget__width-initial elementor-widget elementor-widget-heading\" data-id=\"94b555f\" data-element_type=\"widget\" data-widget_type=\"heading.default\">\n\t\t\t\t\t<h1 class=\"elementor-heading-title elementor-size-default\">Contacta con nuestra Oficina T\u00e9cnica\n<\/h1>\t\t\t\t<\/div>\n\t\t\t\t<div class=\"elementor-element elementor-element-232a8cf elementor-absolute decoration-type-1 elementor-invisible elementor-widget elementor-widget-industrium_decoration\" data-id=\"232a8cf\" data-element_type=\"widget\" data-settings=\"{&quot;_position&quot;:&quot;absolute&quot;,&quot;_animation&quot;:&quot;industrium_decoration&quot;,&quot;_animation_delay&quot;:300}\" data-widget_type=\"industrium_decoration.default\">\n\t\t\t\t<div class=\"elementor-widget-container\">\n\t\t\t\t\t        <div class=\"decoration-widget\">\n            <div class=\"decoration-container\">\n                <div class=\"industrium-decoration\">\n                    <div><\/div><div><\/div><div><\/div>\n                <\/div>\n            <\/div>\n        <\/div>\n        \t\t\t\t<\/div>\n\t\t\t\t<\/div>\n\t\t\t\t\t<\/div>\n\t\t\t\t<\/div>\n\t\t<div class=\"elementor-element elementor-element-276c3b4 e-flex e-con-boxed e-con e-parent\" data-id=\"276c3b4\" data-element_type=\"container\" data-settings=\"{&quot;background_background&quot;:&quot;classic&quot;}\">\n\t\t\t\t\t<div class=\"e-con-inner\">\n\t\t<div class=\"elementor-element elementor-element-15f0ab2 e-con-full e-flex e-con e-child\" data-id=\"15f0ab2\" data-element_type=\"container\">\n\t\t<div class=\"elementor-element elementor-element-200e2ff e-con-full e-flex e-con e-child\" data-id=\"200e2ff\" data-element_type=\"container\">\n\t\t\t\t<div class=\"elementor-element elementor-element-283c703 elementor-widget elementor-widget-industrium_heading\" data-id=\"283c703\" data-element_type=\"widget\" data-widget_type=\"industrium_heading.default\">\n\t\t\t\t<div class=\"elementor-widget-container\">\n\t\t\t\t\t<div class=\"industrium-heading-widget\"><h2 class=\"industrium-heading\"><span class=\"industrium-subheading\">Contacto<\/span><span class=\"industrium-heading-content\">Asistencia global y soporte t\u00e9cnico 24\/7<\/span><\/h2><\/div>\t\t\t\t<\/div>\n\t\t\t\t<\/div>\n\t\t\t\t<div class=\"elementor-element elementor-element-35746e1 elementor-widget elementor-widget-text-editor\" data-id=\"35746e1\" data-element_type=\"widget\" data-widget_type=\"text-editor.default\">\n\t\t\t\t\t\t\t\t\t<p class=\"p1\">En SYM Naval ofrecemos una comunicaci\u00f3n directa y eficaz. Nuestros equipos en Espa\u00f1a, Panam\u00e1 y Rep\u00fablica Dominicana est\u00e1n preparados para atender tu solicitud con rapidez y profesionalidad.<\/p>\t\t\t\t\t\t\t\t<\/div>\n\t\t<div class=\"elementor-element elementor-element-68346ce e-con-full e-grid e-con e-child\" data-id=\"68346ce\" data-element_type=\"container\">\n\t\t<div class=\"elementor-element elementor-element-453ae63 e-con-full e-flex e-con e-child\" data-id=\"453ae63\" data-element_type=\"container\">\n\t\t\t\t<div class=\"elementor-element elementor-element-e2c4659 elementor-widget elementor-widget-text-editor\" data-id=\"e2c4659\" data-element_type=\"widget\" data-widget_type=\"text-editor.default\">\n\t\t\t\t\t\t\t\t\t<h4 class=\"p1\"><b>Espa\u00f1a<\/b><\/h4><p class=\"p1\"><a href=\"tel:+34 934 910 450\">+34 934 910 450<\/a><\/p>\t\t\t\t\t\t\t\t<\/div>\n\t\t\t\t<\/div>\n\t\t<div class=\"elementor-element elementor-element-0c0df55 e-con-full e-flex e-con e-child\" data-id=\"0c0df55\" data-element_type=\"container\">\n\t\t\t\t<div class=\"elementor-element elementor-element-ea77ee0 elementor-widget elementor-widget-text-editor\" data-id=\"ea77ee0\" data-element_type=\"widget\" data-widget_type=\"text-editor.default\">\n\t\t\t\t\t\t\t\t\t<h4 class=\"p1\"><b>Rep\u00fablica Dominicana<\/b><b><\/b><\/h4><p><a href=\"tel:+1 (809) 508-4098\">+1 (809) 508-4098<\/a><\/p>\t\t\t\t\t\t\t\t<\/div>\n\t\t\t\t<\/div>\n\t\t<div class=\"elementor-element elementor-element-40d5af4 e-con-full e-flex e-con e-child\" data-id=\"40d5af4\" data-element_type=\"container\">\n\t\t\t\t<div class=\"elementor-element elementor-element-a62eae1 elementor-widget elementor-widget-text-editor\" data-id=\"a62eae1\" data-element_type=\"widget\" data-widget_type=\"text-editor.default\">\n\t\t\t\t\t\t\t\t\t<h4><strong>Panam\u00e1<\/strong><\/h4><p><a href=\"tel:+507 235 9822\">+507 235 9822<\/a><\/p>\t\t\t\t\t\t\t\t<\/div>\n\t\t\t\t<\/div>\n\t\t<div class=\"elementor-element elementor-element-8dee1ad e-con-full e-flex e-con e-child\" data-id=\"8dee1ad\" data-element_type=\"container\">\n\t\t\t\t<div class=\"elementor-element elementor-element-e697739 elementor-widget elementor-widget-text-editor\" data-id=\"e697739\" data-element_type=\"widget\" data-widget_type=\"text-editor.default\">\n\t\t\t\t\t\t\t\t\t<h4><strong>Email<\/strong><\/h4><p><a href=\"mailto:comercial@sym-naval.com\"><span class=\"s1\">comercial@sym-naval.com<\/span><\/a><\/p>\t\t\t\t\t\t\t\t<\/div>\n\t\t\t\t<\/div>\n\t\t\t\t<\/div>\n\t\t\t\t<\/div>\n\t\t\t\t<div class=\"elementor-element elementor-element-27b9ba9 elementor-widget elementor-widget-industrium_special_text\" data-id=\"27b9ba9\" data-element_type=\"widget\" data-widget_type=\"industrium_special_text.default\">\n\t\t\t\t<div class=\"elementor-widget-container\">\n\t\t\t\t\t<div class=\"special-text special-text-effect-stroke\">Respuesta<br \/>inmediata<\/div>\t\t\t\t<\/div>\n\t\t\t\t<\/div>\n\t\t\t\t<\/div>\n\t\t<div class=\"elementor-element elementor-element-77b9cd6 e-con-full e-flex e-con e-child\" data-id=\"77b9cd6\" data-element_type=\"container\" data-settings=\"{&quot;background_background&quot;:&quot;classic&quot;}\">\n\t\t\t\t<div class=\"elementor-element elementor-element-0fef1eb elementor-widget elementor-widget-heading\" data-id=\"0fef1eb\" data-element_type=\"widget\" data-widget_type=\"heading.default\">\n\t\t\t\t\t<h2 class=\"elementor-heading-title elementor-size-default\">Env\u00edanos tu solicitud\n<\/h2>\t\t\t\t<\/div>\n\t\t\t\t<div class=\"elementor-element elementor-element-0c82ec7 elementor-widget elementor-widget-shortcode\" data-id=\"0c82ec7\" data-element_type=\"widget\" data-widget_type=\"shortcode.default\">\n\t\t\t\t\t\t\t<div class=\"elementor-shortcode\"><div class='_form_17'><\/div><script type='text\/javascript' src='https:\/\/sym-naval.activehosted.com\/f\/embed.php?static=0&id=17&69EA2909541D8&nostyles=1&preview=0'><\/script><\/div>\n\t\t\t\t\t\t<\/div>\n\t\t\t\t<\/div>\n\t\t\t\t\t<\/div>\n\t\t\t\t<\/div>\n\t\t<div class=\"elementor-element elementor-element-094717e e-flex e-con-boxed e-con e-parent\" data-id=\"094717e\" data-element_type=\"container\">\n\t\t\t\t\t<div class=\"e-con-inner\">\n\t\t\t\t<div class=\"elementor-element elementor-element-7a74130 elementor-widget elementor-widget-heading\" data-id=\"7a74130\" data-element_type=\"widget\" data-widget_type=\"heading.default\">\n\t\t\t\t\t<h2 class=\"elementor-heading-title elementor-size-default\">Tenemos bases propias en el Mediterr\u00e1neo y el Caribe.\n<\/h2>\t\t\t\t<\/div>\n\t\t\t\t\t<\/div>\n\t\t\t\t<\/div>\n\t\t<div class=\"elementor-element elementor-element-14f2ba7 e-flex e-con-boxed e-con e-parent\" data-id=\"14f2ba7\" data-element_type=\"container\">\n\t\t\t\t\t<div class=\"e-con-inner\">\n\t\t<div class=\"elementor-element elementor-element-4d6e639 e-con-full e-flex e-con e-child\" data-id=\"4d6e639\" data-element_type=\"container\">\n\t\t\t\t<div class=\"elementor-element elementor-element-5f26cc0 elementor-widget elementor-widget-google_maps\" data-id=\"5f26cc0\" data-element_type=\"widget\" data-widget_type=\"google_maps.default\">\n\t\t\t\t\t\t\t<div class=\"elementor-custom-embed\">\n\t\t\t<iframe loading=\"lazy\"\n\t\t\t\t\tsrc=\"https:\/\/maps.google.com\/maps?q=Puerto%20vilanova%20i%20la%20geltr%C3%BA&#038;t=m&#038;z=10&#038;output=embed&#038;iwloc=near\"\n\t\t\t\t\ttitle=\"Puerto vilanova i la geltr\u00fa\"\n\t\t\t\t\taria-label=\"Puerto vilanova i la geltr\u00fa\"\n\t\t\t><\/iframe>\n\t\t<\/div>\n\t\t\t\t\t\t<\/div>\n\t\t\t\t<div class=\"elementor-element elementor-element-fc4b81d elementor-widget elementor-widget-text-editor\" data-id=\"fc4b81d\" data-element_type=\"widget\" data-widget_type=\"text-editor.default\">\n\t\t\t\t\t\t\t\t\t<p class=\"p1\"><b>Regi\u00f3n del Mediterr\u00e1neo \u2013 Barcelona<\/b><b><\/b><\/p><p class=\"p1\">Commercial Dock s\/n<br \/>Puerto de Vilanova i la Geltr\u00fa<br \/>08800 Barcelona, Espa\u00f1a<\/p>\t\t\t\t\t\t\t\t<\/div>\n\t\t\t\t<\/div>\n\t\t<div class=\"elementor-element elementor-element-ae25a41 e-con-full e-flex e-con e-child\" data-id=\"ae25a41\" data-element_type=\"container\">\n\t\t\t\t<div class=\"elementor-element elementor-element-a4d791e elementor-widget elementor-widget-google_maps\" data-id=\"a4d791e\" data-element_type=\"widget\" data-widget_type=\"google_maps.default\">\n\t\t\t\t\t\t\t<div class=\"elementor-custom-embed\">\n\t\t\t<iframe loading=\"lazy\"\n\t\t\t\t\tsrc=\"https:\/\/maps.google.com\/maps?q=Avenida%20Brisas%20de%20Caucedo%2C%20Zona%20Franca%20Industrial%20de%20Andr%C3%A9s%2C%20Boca%20Chica&#038;t=m&#038;z=10&#038;output=embed&#038;iwloc=near\"\n\t\t\t\t\ttitle=\"Avenida Brisas de Caucedo, Zona Franca Industrial de Andr\u00e9s, Boca Chica\"\n\t\t\t\t\taria-label=\"Avenida Brisas de Caucedo, Zona Franca Industrial de Andr\u00e9s, Boca Chica\"\n\t\t\t><\/iframe>\n\t\t<\/div>\n\t\t\t\t\t\t<\/div>\n\t\t\t\t<div class=\"elementor-element elementor-element-04b70e1 elementor-widget elementor-widget-text-editor\" data-id=\"04b70e1\" data-element_type=\"widget\" data-widget_type=\"text-editor.default\">\n\t\t\t\t\t\t\t\t\t<p class=\"p1\"><b>Regi\u00f3n del Caribe \u2013 Rep\u00fablica Dominicana<\/b><\/p><p class=\"p1\">Avenida Brisas de Caucedo<br \/>Zona Franca Industrial de Andr\u00e9s<br \/>Boca Chica, Rep\u00fablica Dominicana<\/p>\t\t\t\t\t\t\t\t<\/div>\n\t\t\t\t<\/div>\n\t\t\t\t\t<\/div>\n\t\t\t\t<\/div>\n\t\t\t\t<\/div>\n\t\t","protected":false},"excerpt":{"rendered":"<p>Contacta con SYM Naval en Barcelona, Rep\u00fablica Dominicana y Panam\u00e1.<br \/>Respuesta r\u00e1pida para reparaciones navales, servicios de astillero y operaciones en fondeo. <\/p>\n","protected":false},"author":1,"featured_media":5728,"parent":0,"menu_order":0,"comment_status":"closed","ping_status":"closed","template":"","meta":{"footnotes":""},"class_list":["post-7825","page","type-page","status-publish","has-post-thumbnail","hentry"],"_links":{"self":[{"href":"https:\/\/sym-naval.com\/es\/wp-json\/wp\/v2\/pages\/7825","targetHints":{"allow":["GET"]}}],"collection":[{"href":"https:\/\/sym-naval.com\/es\/wp-json\/wp\/v2\/pages"}],"about":[{"href":"https:\/\/sym-naval.com\/es\/wp-json\/wp\/v2\/types\/page"}],"author":[{"embeddable":true,"href":"https:\/\/sym-naval.com\/es\/wp-json\/wp\/v2\/users\/1"}],"replies":[{"embeddable":true,"href":"https:\/\/sym-naval.com\/es\/wp-json\/wp\/v2\/comments?post=7825"}],"version-history":[{"count":19,"href":"https:\/\/sym-naval.com\/es\/wp-json\/wp\/v2\/pages\/7825\/revisions"}],"predecessor-version":[{"id":17504,"href":"https:\/\/sym-naval.com\/es\/wp-json\/wp\/v2\/pages\/7825\/revisions\/17504"}],"wp:featuredmedia":[{"embeddable":true,"href":"https:\/\/sym-naval.com\/es\/wp-json\/wp\/v2\/media\/5728"}],"wp:attachment":[{"href":"https:\/\/sym-naval.com\/es\/wp-json\/wp\/v2\/media?parent=7825"}],"curies":[{"name":"wp","href":"https:\/\/api.w.org\/{rel}","templated":true}]}}