{"id":9099,"date":"2024-02-06T07:02:11","date_gmt":"2024-02-06T06:02:11","guid":{"rendered":"https:\/\/test.sym-naval.com\/buque-castalia-embarcacion-de-cero-emisiones\/"},"modified":"2025-12-20T16:39:36","modified_gmt":"2025-12-20T15:39:36","slug":"barco-electrico-castalia","status":"publish","type":"page","link":"https:\/\/sym-naval.com\/es\/construccion-naval\/barco-electrico-castalia\/","title":{"rendered":"Castalia | Construcci\u00f3n naval de cero emisiones"},"content":{"rendered":"\t\t<div data-elementor-type=\"wp-page\" data-elementor-id=\"9099\" class=\"elementor elementor-9099 elementor-7871\" data-elementor-post-type=\"page\">\n\t\t\t\t<div class=\"elementor-element elementor-element-e1d7bd6 e-flex e-con-boxed e-con e-parent\" data-id=\"e1d7bd6\" data-element_type=\"container\" data-settings=\"{&quot;background_background&quot;:&quot;classic&quot;}\">\n\t\t\t\t\t<div class=\"e-con-inner\">\n\t\t\t\t<div class=\"elementor-element elementor-element-d290a5f elementor-widget__width-initial elementor-widget-mobile__width-inherit elementor-widget elementor-widget-heading\" data-id=\"d290a5f\" data-element_type=\"widget\" data-widget_type=\"heading.default\">\n\t\t\t\t\t<h1 class=\"elementor-heading-title elementor-size-default\">Buque Castalia<\/h1>\t\t\t\t<\/div>\n\t\t\t\t<div class=\"elementor-element elementor-element-6d9254b elementor-absolute decoration-type-1 elementor-invisible elementor-widget elementor-widget-industrium_decoration\" data-id=\"6d9254b\" data-element_type=\"widget\" data-settings=\"{&quot;_position&quot;:&quot;absolute&quot;,&quot;_animation&quot;:&quot;industrium_decoration&quot;,&quot;_animation_delay&quot;:300}\" data-widget_type=\"industrium_decoration.default\">\n\t\t\t\t<div class=\"elementor-widget-container\">\n\t\t\t\t\t        <div class=\"decoration-widget\">\n            <div class=\"decoration-container\">\n                <div class=\"industrium-decoration\">\n                    <div><\/div><div><\/div><div><\/div>\n                <\/div>\n            <\/div>\n        <\/div>\n        \t\t\t\t<\/div>\n\t\t\t\t<\/div>\n\t\t\t\t\t<\/div>\n\t\t\t\t<\/div>\n\t\t<div class=\"elementor-element elementor-element-792b731 e-flex e-con-boxed e-con e-parent\" data-id=\"792b731\" data-element_type=\"container\">\n\t\t\t\t\t<div class=\"e-con-inner\">\n\t\t<div class=\"elementor-element elementor-element-4c22835 e-con-full e-flex e-con e-child\" data-id=\"4c22835\" data-element_type=\"container\">\n\t\t\t\t<div class=\"elementor-element elementor-element-3d48921 elementor-widget elementor-widget-industrium_heading\" data-id=\"3d48921\" data-element_type=\"widget\" data-widget_type=\"industrium_heading.default\">\n\t\t\t\t<div class=\"elementor-widget-container\">\n\t\t\t\t\t<div class=\"industrium-heading-widget\"><h2 class=\"industrium-heading\"><span class=\"industrium-subheading\">Propulsi\u00f3n cero emisiones <\/span><span class=\"industrium-heading-content\">Remolcador portuario 100 % el\u00e9ctrico<\/span><\/h2><\/div>\t\t\t\t<\/div>\n\t\t\t\t<\/div>\n\t\t\t\t<div class=\"elementor-element elementor-element-93b427c elementor-widget elementor-widget-industrium_button\" data-id=\"93b427c\" data-element_type=\"widget\" data-widget_type=\"industrium_button.default\">\n\t\t\t\t<div class=\"elementor-widget-container\">\n\t\t\t\t\t\n        <div class=\"button-widget\">\n            <div class=\"button-container\">\n                <a href=\"https:\/\/sym-naval.com\/assets\/datasheets\/ES\/FTD-Multiproposito-electrico-2025-ES.pdf\" target=\"_blank\" class=\"industrium-button button-type-1\">\n                    Ficha t\u00e9cnica<svg viewBox=\"0 0 13 20\"><polyline points=\"0.5 19.5 3 19.5 12.5 10 3 0.5\"><\/polyline><\/svg>                    \n                <\/a>\n            <\/div>\n        <\/div>\n        \t\t\t\t<\/div>\n\t\t\t\t<\/div>\n\t\t\t\t<\/div>\n\t\t<div class=\"elementor-element elementor-element-1c0a736 e-con-full e-flex e-con e-child\" data-id=\"1c0a736\" data-element_type=\"container\">\n\t\t\t\t<div class=\"elementor-element elementor-element-e48edcd elementor-widget elementor-widget-text-editor\" data-id=\"e48edcd\" data-element_type=\"widget\" data-widget_type=\"text-editor.default\">\n\t\t\t\t\t\t\t\t\t<p class=\"p1\"><strong>Castalia naci\u00f3 como una respuesta pr\u00e1ctica a la creciente demanda de operaciones portuarias sin emisiones. Dise\u00f1ado y construido por SYM Naval, es un buque portuario totalmente el\u00e9ctrico que demuestra que la propulsi\u00f3n de cero emisiones puede combinarse con eficiencia, versatilidad y fiabilidad en el servicio diario.<\/strong><\/p><p class=\"p1\">Con 12,5 metros de eslora, 485 kWh de capacidad de bater\u00edas y hasta 10 horas de autonom\u00eda operativa, Castalia integra ingenier\u00eda naval avanzada con capacidades multiprop\u00f3sito como asistencia al amarre, recogida de residuos, traslado de tripulaci\u00f3n y monitorizaci\u00f3n ambiental. El proyecto marca un nuevo referente en buques portuarios el\u00e9ctricos y confirma que la propulsi\u00f3n sostenible es una soluci\u00f3n real y operativa para los puertos modernos.<\/p>\t\t\t\t\t\t\t\t<\/div>\n\t\t\t\t<\/div>\n\t\t\t\t\t<\/div>\n\t\t\t\t<\/div>\n\t\t<div class=\"elementor-element elementor-element-16c7443 e-flex e-con-boxed e-con e-parent\" data-id=\"16c7443\" data-element_type=\"container\">\n\t\t\t\t\t<div class=\"e-con-inner\">\n\t\t<div class=\"elementor-element elementor-element-bf7cca8 e-grid e-con-full e-con e-child\" data-id=\"bf7cca8\" data-element_type=\"container\">\n\t\t\t\t<div class=\"elementor-element elementor-element-3df3fd2 elementor-view-default elementor-position-top elementor-mobile-position-top elementor-widget elementor-widget-icon-box\" data-id=\"3df3fd2\" data-element_type=\"widget\" data-widget_type=\"icon-box.default\">\n\t\t\t\t\t\t\t<div class=\"elementor-icon-box-wrapper\">\n\n\t\t\t\t\t\t<div class=\"elementor-icon-box-icon\">\n\t\t\t\t<span  class=\"elementor-icon\">\n\t\t\t\t<svg xmlns=\"http:\/\/www.w3.org\/2000\/svg\" viewBox=\"0 0 256 256\"><rect width=\"256\" height=\"256\" fill=\"none\"><\/rect><polygon points=\"160 16 144 96 208 120 96 240 112 160 48 136 160 16\" fill=\"none\" stroke=\"currentColor\" stroke-linecap=\"round\" stroke-linejoin=\"round\" stroke-width=\"12\"><\/polygon><\/svg>\t\t\t\t<\/span>\n\t\t\t<\/div>\n\t\t\t\n\t\t\t\t\t\t<div class=\"elementor-icon-box-content\">\n\n\t\t\t\t\t\t\t\t\t<h3 class=\"elementor-icon-box-title\">\n\t\t\t\t\t\t<span  >\n\t\t\t\t\t\t\tPropulsi\u00f3n el\u00e9ctrica\t\t\t\t\t\t<\/span>\n\t\t\t\t\t<\/h3>\n\t\t\t\t\n\t\t\t\t\t\t\t\t\t<p class=\"elementor-icon-box-description\">\n\t\t\t\t\t\tSistema de propulsi\u00f3n 100 % el\u00e9ctrico alimentado por bater\u00edas LiFePO\u2084 de alta capacidad, sin emisiones y con una reducci\u00f3n significativa del ruido para operaciones portuarias m\u00e1s limpias y silenciosas.\n\t\t\t\t\t<\/p>\n\t\t\t\t\n\t\t\t<\/div>\n\t\t\t\n\t\t<\/div>\n\t\t\t\t\t\t<\/div>\n\t\t\t\t<div class=\"elementor-element elementor-element-0b51831 elementor-view-default elementor-position-top elementor-mobile-position-top elementor-widget elementor-widget-icon-box\" data-id=\"0b51831\" data-element_type=\"widget\" data-widget_type=\"icon-box.default\">\n\t\t\t\t\t\t\t<div class=\"elementor-icon-box-wrapper\">\n\n\t\t\t\t\t\t<div class=\"elementor-icon-box-icon\">\n\t\t\t\t<span  class=\"elementor-icon\">\n\t\t\t\t<svg xmlns=\"http:\/\/www.w3.org\/2000\/svg\" viewBox=\"0 0 256 256\"><rect width=\"256\" height=\"256\" fill=\"none\"><\/rect><polyline points=\"88 96 40 96 40 48\" fill=\"none\" stroke=\"currentColor\" stroke-linecap=\"round\" stroke-linejoin=\"round\" stroke-width=\"12\"><\/polyline><path d=\"M40,96,68.28,67.72A88,88,0,0,1,192,67\" fill=\"none\" stroke=\"currentColor\" stroke-linecap=\"round\" stroke-linejoin=\"round\" stroke-width=\"12\"><\/path><polyline points=\"168 160 216 160 216 208\" fill=\"none\" stroke=\"currentColor\" stroke-linecap=\"round\" stroke-linejoin=\"round\" stroke-width=\"12\"><\/polyline><path d=\"M216,160l-28.28,28.28A88,88,0,0,1,64,189\" fill=\"none\" stroke=\"currentColor\" stroke-linecap=\"round\" stroke-linejoin=\"round\" stroke-width=\"12\"><\/path><\/svg>\t\t\t\t<\/span>\n\t\t\t<\/div>\n\t\t\t\n\t\t\t\t\t\t<div class=\"elementor-icon-box-content\">\n\n\t\t\t\t\t\t\t\t\t<h3 class=\"elementor-icon-box-title\">\n\t\t\t\t\t\t<span  >\n\t\t\t\t\t\t\tAutonom\u00eda\t\t\t\t\t\t<\/span>\n\t\t\t\t\t<\/h3>\n\t\t\t\t\n\t\t\t\t\t\t\t\t\t<p class=\"elementor-icon-box-description\">\n\t\t\t\t\t\tHasta 10 horas de operaci\u00f3n continua, con modos de navegaci\u00f3n flexibles \u2014eco, crucero y maniobra\u2014 que optimizan el consumo energ\u00e9tico en cada fase operativa.\n\t\t\t\t\t<\/p>\n\t\t\t\t\n\t\t\t<\/div>\n\t\t\t\n\t\t<\/div>\n\t\t\t\t\t\t<\/div>\n\t\t\t\t<div class=\"elementor-element elementor-element-e719dda elementor-view-default elementor-position-top elementor-mobile-position-top elementor-widget elementor-widget-icon-box\" data-id=\"e719dda\" data-element_type=\"widget\" data-widget_type=\"icon-box.default\">\n\t\t\t\t\t\t\t<div class=\"elementor-icon-box-wrapper\">\n\n\t\t\t\t\t\t<div class=\"elementor-icon-box-icon\">\n\t\t\t\t<span  class=\"elementor-icon\">\n\t\t\t\t<svg xmlns=\"http:\/\/www.w3.org\/2000\/svg\" viewBox=\"0 0 256 256\"><rect width=\"256\" height=\"256\" fill=\"none\"><\/rect><circle cx=\"128\" cy=\"64\" r=\"24\" fill=\"none\" stroke=\"currentColor\" stroke-linecap=\"round\" stroke-linejoin=\"round\" stroke-width=\"12\"><\/circle><line x1=\"128\" y1=\"216\" x2=\"128\" y2=\"88\" fill=\"none\" stroke=\"currentColor\" stroke-linecap=\"round\" stroke-linejoin=\"round\" stroke-width=\"12\"><\/line><path d=\"M56,120H32a96,96,0,0,0,192,0H200\" fill=\"none\" stroke=\"currentColor\" stroke-linecap=\"round\" stroke-linejoin=\"round\" stroke-width=\"12\"><\/path><\/svg>\t\t\t\t<\/span>\n\t\t\t<\/div>\n\t\t\t\n\t\t\t\t\t\t<div class=\"elementor-icon-box-content\">\n\n\t\t\t\t\t\t\t\t\t<h3 class=\"elementor-icon-box-title\">\n\t\t\t\t\t\t<span  >\n\t\t\t\t\t\t\tControl\t\t\t\t\t\t<\/span>\n\t\t\t\t\t<\/h3>\n\t\t\t\t\n\t\t\t\t\t\t\t\t\t<p class=\"elementor-icon-box-description\">\n\t\t\t\t\t\tSistema CAN BUS integrado con monitorizaci\u00f3n en tiempo real de la propulsi\u00f3n, las bater\u00edas y la navegaci\u00f3n, ofreciendo a los operadores una visi\u00f3n completa del estado del buque.\t\t\t\t\t<\/p>\n\t\t\t\t\n\t\t\t<\/div>\n\t\t\t\n\t\t<\/div>\n\t\t\t\t\t\t<\/div>\n\t\t\t\t<div class=\"elementor-element elementor-element-5d12f56 elementor-view-default elementor-position-top elementor-mobile-position-top elementor-widget elementor-widget-icon-box\" data-id=\"5d12f56\" data-element_type=\"widget\" data-widget_type=\"icon-box.default\">\n\t\t\t\t\t\t\t<div class=\"elementor-icon-box-wrapper\">\n\n\t\t\t\t\t\t<div class=\"elementor-icon-box-icon\">\n\t\t\t\t<span  class=\"elementor-icon\">\n\t\t\t\t<svg xmlns=\"http:\/\/www.w3.org\/2000\/svg\" viewBox=\"0 0 256 256\"><rect width=\"256\" height=\"256\" fill=\"none\"><\/rect><line x1=\"96\" y1=\"128\" x2=\"160\" y2=\"128\" fill=\"none\" stroke=\"currentColor\" stroke-linecap=\"round\" stroke-linejoin=\"round\" stroke-width=\"12\"><\/line><line x1=\"128\" y1=\"96\" x2=\"128\" y2=\"160\" fill=\"none\" stroke=\"currentColor\" stroke-linecap=\"round\" stroke-linejoin=\"round\" stroke-width=\"12\"><\/line><path d=\"M216,112V56a8,8,0,0,0-8-8H48a8,8,0,0,0-8,8v56c0,96,88,120,88,120S216,208,216,112Z\" fill=\"none\" stroke=\"currentColor\" stroke-linecap=\"round\" stroke-linejoin=\"round\" stroke-width=\"12\"><\/path><\/svg>\t\t\t\t<\/span>\n\t\t\t<\/div>\n\t\t\t\n\t\t\t\t\t\t<div class=\"elementor-icon-box-content\">\n\n\t\t\t\t\t\t\t\t\t<h3 class=\"elementor-icon-box-title\">\n\t\t\t\t\t\t<span  >\n\t\t\t\t\t\t\tSeguridad\t\t\t\t\t\t<\/span>\n\t\t\t\t\t<\/h3>\n\t\t\t\t\n\t\t\t\t\t\t\t\t\t<p class=\"elementor-icon-box-description\">\n\t\t\t\t\t\tArquitectura de seguridad integral que incluye monitorizaci\u00f3n de bater\u00edas, detecci\u00f3n de gases y protocolos autom\u00e1ticos de alarma, garantizando fiabilidad en entornos portuarios exigentes.\n\t\t\t\t\t<\/p>\n\t\t\t\t\n\t\t\t<\/div>\n\t\t\t\n\t\t<\/div>\n\t\t\t\t\t\t<\/div>\n\t\t\t\t<\/div>\n\t\t\t\t\t<\/div>\n\t\t\t\t<\/div>\n\t\t<div class=\"elementor-element elementor-element-5d9ab9c e-flex e-con-boxed e-con e-parent\" data-id=\"5d9ab9c\" data-element_type=\"container\" data-settings=\"{&quot;background_background&quot;:&quot;classic&quot;}\">\n\t\t\t\t\t<div class=\"e-con-inner\">\n\t\t<div class=\"elementor-element elementor-element-a733823 e-con-full e-flex e-con e-child\" data-id=\"a733823\" data-element_type=\"container\">\n\t\t\t\t<div class=\"elementor-element elementor-element-26b563b elementor-widget elementor-widget-industrium_heading\" data-id=\"26b563b\" data-element_type=\"widget\" data-widget_type=\"industrium_heading.default\">\n\t\t\t\t<div class=\"elementor-widget-container\">\n\t\t\t\t\t<div class=\"industrium-heading-widget\"><h2 class=\"industrium-heading\"><span class=\"industrium-subheading\">Servicios portuarios sostenibles<\/span><span class=\"industrium-heading-content\">Dise\u00f1ado para operaciones portuarias reales<\/span><\/h2><\/div>\t\t\t\t<\/div>\n\t\t\t\t<\/div>\n\t\t\t\t<div class=\"elementor-element elementor-element-481edf8 elementor-widget elementor-widget-text-editor\" data-id=\"481edf8\" data-element_type=\"widget\" data-widget_type=\"text-editor.default\">\n\t\t\t\t\t\t\t\t\t<p class=\"p1\">Castalia demuestra c\u00f3mo los buques portuarios totalmente el\u00e9ctricos pueden sustituir a las unidades di\u00e9sel tradicionales en las operaciones diarias de puerto. Al eliminar las emisiones y reducir de forma significativa el ruido, contribuye a puertos m\u00e1s limpios, entornos de trabajo m\u00e1s seguros y una actividad mar\u00edtima m\u00e1s sostenible, sin renunciar al rendimiento.<\/p><p class=\"p1\">Concebido como un buque portuario multiprop\u00f3sito, Castalia da soporte a tareas clave como la asistencia al amarre, la recogida de residuos, el traslado de tripulaci\u00f3n y suministros, as\u00ed como la monitorizaci\u00f3n ambiental y la respuesta ante emergencias. Todas las operaciones se realizan de forma silenciosa y sin emisiones, demostrando que la propulsi\u00f3n de cero emisiones no es un concepto de futuro, sino una soluci\u00f3n fiable ya en servicio.<\/p>\t\t\t\t\t\t\t\t<\/div>\n\t\t\t\t<\/div>\n\t\t<div class=\"elementor-element elementor-element-e7e4d86 e-con-full e-flex e-con e-child\" data-id=\"e7e4d86\" data-element_type=\"container\" data-settings=\"{&quot;background_background&quot;:&quot;classic&quot;}\">\n\t\t\t\t<\/div>\n\t\t\t\t<div class=\"elementor-element elementor-element-b4dfb23 elementor-absolute decoration-type-1 elementor-invisible elementor-widget elementor-widget-industrium_decoration\" data-id=\"b4dfb23\" data-element_type=\"widget\" data-settings=\"{&quot;_position&quot;:&quot;absolute&quot;,&quot;_animation&quot;:&quot;industrium_decoration&quot;,&quot;_animation_delay&quot;:300}\" data-widget_type=\"industrium_decoration.default\">\n\t\t\t\t<div class=\"elementor-widget-container\">\n\t\t\t\t\t        <div class=\"decoration-widget\">\n            <div class=\"decoration-container\">\n                <div class=\"industrium-decoration\">\n                    <div><\/div><div><\/div><div><\/div>\n                <\/div>\n            <\/div>\n        <\/div>\n        \t\t\t\t<\/div>\n\t\t\t\t<\/div>\n\t\t\t\t\t<\/div>\n\t\t\t\t<\/div>\n\t\t<div class=\"elementor-element elementor-element-e58314b e-flex e-con-boxed e-con e-parent\" data-id=\"e58314b\" data-element_type=\"container\">\n\t\t\t\t\t<div class=\"e-con-inner\">\n\t\t<div class=\"elementor-element elementor-element-f894822 e-con-full e-flex e-con e-child\" data-id=\"f894822\" data-element_type=\"container\" data-settings=\"{&quot;background_background&quot;:&quot;classic&quot;}\">\n\t\t\t\t<\/div>\n\t\t<div class=\"elementor-element elementor-element-c179dbb e-con-full e-flex e-con e-child\" data-id=\"c179dbb\" data-element_type=\"container\">\n\t\t\t\t<div class=\"elementor-element elementor-element-085d286 elementor-widget elementor-widget-industrium_heading\" data-id=\"085d286\" data-element_type=\"widget\" data-widget_type=\"industrium_heading.default\">\n\t\t\t\t<div class=\"elementor-widget-container\">\n\t\t\t\t\t<div class=\"industrium-heading-widget\"><h2 class=\"industrium-heading\"><span class=\"industrium-subheading\">Dise\u00f1o e ingenier\u00eda<\/span><span class=\"industrium-heading-content\">Innovaci\u00f3n que impulsa el rendimiento de cero emisiones<\/span><\/h2><\/div>\t\t\t\t<\/div>\n\t\t\t\t<\/div>\n\t\t\t\t<div class=\"elementor-element elementor-element-c4a0ce1 elementor-widget elementor-widget-text-editor\" data-id=\"c4a0ce1\" data-element_type=\"widget\" data-widget_type=\"text-editor.default\">\n\t\t\t\t\t\t\t\t\t<p class=\"p1\">Castalia ha sido concebido como una plataforma de trabajo de cero emisiones, combinando propulsi\u00f3n totalmente el\u00e9ctrica con sistemas de control inteligentes dise\u00f1ados para operaciones portuarias reales. Su arquitectura prioriza la eficiencia energ\u00e9tica, la flexibilidad operativa y la seguridad, permitiendo al buque realizar m\u00faltiples tareas portuarias con un impacto ambiental m\u00ednimo.<\/p><p class=\"p1\">Un sistema central CAN BUS gestiona la propulsi\u00f3n, las bater\u00edas y la navegaci\u00f3n, ofreciendo visibilidad completa del sistema y diagn\u00f3sticos en tiempo real. Los modos de navegaci\u00f3n \u2014eco, crucero y maniobra\u2014 optimizan el consumo energ\u00e9tico y ajustan la autonom\u00eda a cada escenario operativo, mientras que la monitorizaci\u00f3n continua y los protocolos de alarma garantizan un funcionamiento fiable incluso en entornos portuarios exigentes.<\/p>\t\t\t\t\t\t\t\t<\/div>\n\t\t\t\t<\/div>\n\t\t\t\t\t<\/div>\n\t\t\t\t<\/div>\n\t\t<div class=\"elementor-element elementor-element-b184e8a e-flex e-con-boxed e-con e-parent\" data-id=\"b184e8a\" data-element_type=\"container\">\n\t\t\t\t\t<div class=\"e-con-inner\">\n\t\t\t\t<div class=\"elementor-element elementor-element-2018010 elementor-widget elementor-widget-video\" data-id=\"2018010\" data-element_type=\"widget\" data-settings=\"{&quot;youtube_url&quot;:&quot;https:\\\/\\\/www.youtube.com\\\/watch?v=j2N5CMbhqb8&quot;,&quot;video_type&quot;:&quot;youtube&quot;,&quot;controls&quot;:&quot;yes&quot;}\" data-widget_type=\"video.default\">\n\t\t\t\t\t\t\t<div class=\"elementor-wrapper elementor-open-inline\">\n\t\t\t<div class=\"elementor-video\"><\/div>\t\t<\/div>\n\t\t\t\t\t\t<\/div>\n\t\t\t\t\t<\/div>\n\t\t\t\t<\/div>\n\t\t<div class=\"elementor-element elementor-element-50cb0f7 e-flex e-con-boxed e-con e-parent\" data-id=\"50cb0f7\" data-element_type=\"container\">\n\t\t\t\t\t<div class=\"e-con-inner\">\n\t\t\t\t<div class=\"elementor-element elementor-element-79455c6 elementor-widget__width-initial elementor-widget elementor-widget-industrium_heading\" data-id=\"79455c6\" data-element_type=\"widget\" data-widget_type=\"industrium_heading.default\">\n\t\t\t\t<div class=\"elementor-widget-container\">\n\t\t\t\t\t<div class=\"industrium-heading-widget\"><h2 class=\"industrium-heading\"><span class=\"industrium-subheading\">Descubre nuestras capacidades de construcci\u00f3n naval<\/span><span class=\"industrium-heading-content\">Descarga el cat\u00e1logo corporativo de construcci\u00f3n para conocer en detalle nuestras soluciones.<\/span><\/h2><\/div>\t\t\t\t<\/div>\n\t\t\t\t<\/div>\n\t\t\t\t<div class=\"elementor-element elementor-element-d5417df elementor-widget elementor-widget-industrium_button\" data-id=\"d5417df\" data-element_type=\"widget\" data-widget_type=\"industrium_button.default\">\n\t\t\t\t<div class=\"elementor-widget-container\">\n\t\t\t\t\t\n        <div class=\"button-widget\">\n            <div class=\"button-container\">\n                <a href=\"https:\/\/sym-naval.com\/assets\/DGTL-CONSTRUCCION-ES.pdf\" target=\"_blank\" class=\"industrium-button button-type-2\">\n                    <span class=\"industrium-button-text\">Descargar<\/span>                    \n                <\/a>\n            <\/div>\n        <\/div>\n        \t\t\t\t<\/div>\n\t\t\t\t<\/div>\n\t\t\t\t\t<\/div>\n\t\t\t\t<\/div>\n\t\t\t\t<\/div>\n\t\t","protected":false},"excerpt":{"rendered":"<p>SYM Naval dise\u00f1a y construye buques portuarios 100 % el\u00e9ctricos para operaciones portuarias sostenibles. Castalia, el primer buque multiprop\u00f3sito de cero emisiones de Europa, ya est\u00e1 en servicio.<\/p>\n","protected":false},"author":1,"featured_media":17808,"parent":7366,"menu_order":0,"comment_status":"closed","ping_status":"closed","template":"","meta":{"footnotes":""},"class_list":["post-9099","page","type-page","status-publish","has-post-thumbnail","hentry"],"_links":{"self":[{"href":"https:\/\/sym-naval.com\/es\/wp-json\/wp\/v2\/pages\/9099","targetHints":{"allow":["GET"]}}],"collection":[{"href":"https:\/\/sym-naval.com\/es\/wp-json\/wp\/v2\/pages"}],"about":[{"href":"https:\/\/sym-naval.com\/es\/wp-json\/wp\/v2\/types\/page"}],"author":[{"embeddable":true,"href":"https:\/\/sym-naval.com\/es\/wp-json\/wp\/v2\/users\/1"}],"replies":[{"embeddable":true,"href":"https:\/\/sym-naval.com\/es\/wp-json\/wp\/v2\/comments?post=9099"}],"version-history":[{"count":9,"href":"https:\/\/sym-naval.com\/es\/wp-json\/wp\/v2\/pages\/9099\/revisions"}],"predecessor-version":[{"id":17819,"href":"https:\/\/sym-naval.com\/es\/wp-json\/wp\/v2\/pages\/9099\/revisions\/17819"}],"up":[{"embeddable":true,"href":"https:\/\/sym-naval.com\/es\/wp-json\/wp\/v2\/pages\/7366"}],"wp:featuredmedia":[{"embeddable":true,"href":"https:\/\/sym-naval.com\/es\/wp-json\/wp\/v2\/media\/17808"}],"wp:attachment":[{"href":"https:\/\/sym-naval.com\/es\/wp-json\/wp\/v2\/media?parent=9099"}],"curies":[{"name":"wp","href":"https:\/\/api.w.org\/{rel}","templated":true}]}}