{"id":9136,"date":"2024-06-03T08:17:19","date_gmt":"2024-06-03T06:17:19","guid":{"rendered":"https:\/\/test.sym-naval.com\/politica-de-cookies\/"},"modified":"2025-11-28T09:47:18","modified_gmt":"2025-11-28T08:47:18","slug":"politica-de-cookies","status":"publish","type":"page","link":"https:\/\/sym-naval.com\/es\/politica-de-cookies\/","title":{"rendered":"Pol\u00edtica de Cookies"},"content":{"rendered":"\n<p>Bienvenido a la POL\u00cdTICA DE COOKIES del sitio web de la entidad <strong>SHIP &amp; YARD TECHNICAL MANAGEMENT, S.L.<\/strong>, con NIF\/CIF <strong>B65520553<\/strong>, donde explicaremos de manera clara y sencilla todas las cuestiones necesarias para que puedas tener control sobre ellas en funci\u00f3n de tus decisiones personales. <\/p>\n\n<p><strong>\u00bfQu\u00e9 son las cookies y para qu\u00e9 las utilizamos?<\/strong><\/p>\n\n<p>Una cookie es un peque\u00f1o archivo de informaci\u00f3n que se almacena en tu ordenador, smartphone o tableta cada vez que visitas nuestro sitio web.<\/p>\n\n<p>En principio, una cookie es inofensiva: no contiene virus, troyanos, gusanos, etc., que puedan da\u00f1ar tu dispositivo, pero s\u00ed tiene cierto impacto en tu derecho a la protecci\u00f3n de tus datos personales, ya que recopila cierta informaci\u00f3n sobre ti (h\u00e1bitos de navegaci\u00f3n, identidad, preferencias, etc.). Por eso, seg\u00fan lo establecido en la normativa aplicable (LSSI y normativas vigentes de protecci\u00f3n de datos personales), la activaci\u00f3n de ciertos tipos de cookies requerir\u00e1 tu autorizaci\u00f3n previa.<\/p>\n\n<p>A trav\u00e9s <strong>de un paso tan simple y r\u00e1pido como marcar una casilla<\/strong> en nuestra secci\u00f3n de <strong>CONFIGURACI\u00d3N DE COOKIES<\/strong>, you can give your authorization for the activation of the cookies you want: <strong>toma el control<\/strong> <strong>y disfruta de una navegaci\u00f3n personalizada en nuestra p\u00e1gina.<\/strong>. Antes de eso, te proporcionaremos informaci\u00f3n adicional que te ayudar\u00e1 a tomar decisiones m\u00e1s informadas al respecto. Las cookies pueden ser de varios tipos seg\u00fan su prop\u00f3sito:<\/p>\n\n<p>Las cookies t\u00e9cnicas son necesarias para que nuestro sitio web funcione, no requieren tu autorizaci\u00f3n y son las \u00fanicas que tenemos activadas por defecto.<\/p>\n\n<p>El resto de cookies pueden usarse para mejorar nuestra p\u00e1gina, personalizarla seg\u00fan tus preferencias o mostrarte publicidad ajustada a tus b\u00fasquedas, gustos e intereses personales. Todos est\u00e1n desactivados por defecto, siendo necesaria tu autorizaci\u00f3n previa para su activaci\u00f3n, la cual puedes realizar mediante un paso tan simple y r\u00e1pido como marcar una casilla en nuestra secci\u00f3n de CONFIGURACI\u00d3N DE COOKIES.<\/p>\n\n<p>Algunas cookies son nuestras y otras pertenecen a empresas externas que proporcionan servicios para nuestro sitio web (las llamaremos cookies de terceros; un ejemplo podr\u00eda ser cookies de proveedores externos como Google). En este sentido, es importante que sepas que algunos de estos proveedores externos pueden estar ubicados fuera de Espa\u00f1a.<\/p>\n\n<p>Globalmente, no todos los pa\u00edses tienen el mismo nivel de protecci\u00f3n de datos, siendo algunos pa\u00edses m\u00e1s seguros que otros (por ejemplo, la Uni\u00f3n Europea es un entorno seguro para tus datos). Nuestra pol\u00edtica es confiar en proveedores confiables que, est\u00e9n o no ubicados en la Uni\u00f3n Europea, hayan adoptado las garant\u00edas adecuadas para la protecci\u00f3n de tu informaci\u00f3n personal. Sin embargo, en la secci\u00f3n titulada <strong>\u00bfQu\u00e9 tipo de cookies se utilizan actualmente en nuestro sitio web?<\/strong>, puedes consultar las diferentes pol\u00edticas de privacidad y protecci\u00f3n de datos de cada uno de los proveedores externos mencionados, con el fin de tomar una decisi\u00f3n consciente sobre la activaci\u00f3n o no de las <strong>cookies de terceros<\/strong> utilizadas por nuestro sitio web. Finalmente, queremos informarte que, seg\u00fan el per\u00edodo de tiempo que permanecen activas, las cookies pueden ser de dos tipos diferentes:<\/p>\n\n<p><strong>Cookies de sesi\u00f3n<\/strong>: expiran autom\u00e1ticamente cuando finalizas la sesi\u00f3n en tu ordenador, smartphone o tableta. Suelen utilizarse para mantener la informaci\u00f3n necesaria mientras se proporciona un servicio una sola vez. <\/p>\n\n<p><strong>Cookies persistentes<\/strong>: permanecen almacenadas en tu ordenador, smartphone o tableta durante un per\u00edodo determinado, que puede variar desde unos pocos minutos hasta varios a\u00f1os. <\/p>\n\n<p>\u00bfQu\u00e9 tipo de cookies podemos utilizar en nuestro sitio web?<\/p>\n\n<p><strong>Cookies t\u00e9cnicas (necesarias)<\/strong>: Las cookies t\u00e9cnicas son estrictamente necesarias para que nuestro sitio web funcione y puedas navegar a trav\u00e9s de \u00e9l. Este tipo de cookies son aquellas que, por ejemplo, nos permiten identificarte, darte acceso a ciertas partes restringidas de la p\u00e1gina si es necesario, o recordar diferentes opciones o servicios ya seleccionados por ti, como tus preferencias de privacidad. Por lo tanto, est\u00e1n activadas por defecto y no se requiere tu autorizaci\u00f3n en este sentido. A trav\u00e9s de la configuraci\u00f3n de tu navegador, puedes bloquear o recibir alertas sobre la presencia de este tipo de cookies, aunque dicho bloqueo afectar\u00e1 al correcto funcionamiento de las diferentes funcionalidades de nuestro sitio web.<\/p>\n\n<p><strong>Cookies de an\u00e1lisis<\/strong>: Las cookies de an\u00e1lisis nos permiten estudiar la navegaci\u00f3n de los usuarios en nuestro sitio web en general (por ejemplo, qu\u00e9 secciones de la p\u00e1gina son las m\u00e1s visitadas, qu\u00e9 servicios se utilizan m\u00e1s y si funcionan correctamente, etc.). A partir de la informaci\u00f3n estad\u00edstica sobre la navegaci\u00f3n en nuestro sitio web, podemos mejorar tanto el funcionamiento de la p\u00e1gina en s\u00ed como los diferentes servicios que ofrece. Por lo tanto, estas cookies no tienen un prop\u00f3sito publicitario, sino que sirven \u00fanicamente para mejorar el funcionamiento de nuestro sitio web, adapt\u00e1ndose a nuestros usuarios en general. Al activarlas, contribuir\u00e1s a esta mejora continua. Puedes activar o desactivar estas cookies marcando la casilla correspondiente, estando desactivadas de forma predeterminada. <\/p>\n\n<p><strong>Cookies de funcionalidad y personalizaci\u00f3n<\/strong>: Las cookies de funcionalidad nos permiten recordar tus preferencias, personalizar ciertas caracter\u00edsticas y opciones generales de nuestro sitio web cada vez que lo visitas (por ejemplo, el idioma en el que se te presenta la informaci\u00f3n, las secciones marcadas como favoritas, tu navegador, etc.). Por lo tanto, este tipo de cookies no tienen un prop\u00f3sito publicitario, pero al activarlas mejorar\u00e1s la funcionalidad del sitio web (por ejemplo, adapt\u00e1ndolo a tu navegador) y su personalizaci\u00f3n basada en tus preferencias (por ejemplo, presentando la informaci\u00f3n en el idioma que has elegido en ocasiones anteriores), lo cual contribuir\u00e1 a la facilidad, usabilidad y comodidad de nuestra p\u00e1gina durante tu navegaci\u00f3n. Puedes activar o desactivar estas cookies marcando la casilla correspondiente, estando desactivadas de forma predeterminada.<\/p>\n\n<p><strong>Cookies publicitarias<\/strong>: Las cookies publicitarias nos permiten gestionar los espacios publicitarios incluidos en nuestro sitio web en funci\u00f3n de criterios como el contenido mostrado o la frecuencia con la que se muestran los anuncios. Por ejemplo, si se te ha mostrado el mismo anuncio varias veces en nuestro sitio web y no has mostrado inter\u00e9s personal haciendo clic en \u00e9l, no volver\u00e1 a aparecer. En resumen, al activar este tipo de cookies, la publicidad mostrada en nuestro sitio web ser\u00e1 m\u00e1s \u00fatil y variada, y menos repetitiva. Puedes activar o desactivar estas cookies marcando la casilla correspondiente, estando desactivadas por defecto. <\/p>\n\n<p><strong>Cookies de publicidad comportamental<\/strong>: Las cookies de publicidad comportamental nos permiten obtener informaci\u00f3n basada en la observaci\u00f3n de tus h\u00e1bitos de navegaci\u00f3n y comportamientos en la web, con el fin de mostrarte contenido publicitario que mejor se adapte a tus gustos e intereses personales. Para entenderlo de manera muy sencilla, te daremos un ejemplo ficticio: si tus \u00faltimas b\u00fasquedas en la web estuvieron relacionadas con literatura de suspenso, te mostrar\u00edamos publicidad sobre libros de suspenso. Por lo tanto, al activar este tipo de cookies, la publicidad que te mostramos en nuestro sitio web no ser\u00e1 gen\u00e9rica, sino que estar\u00e1 orientada a tus b\u00fasquedas, gustos e intereses, ajust\u00e1ndose exclusivamente a ti. Puedes activar o desactivar estas cookies marcando la casilla correspondiente, estando desactivadas por defecto. <\/p>\n\n<p>\u00bfQu\u00e9 tipos de cookies se utilizan actualmente en nuestro sitio web? <\/p>\n\n<p>A continuaci\u00f3n, procedemos a informarte sobre todos los tipos de cookies que actualmente se utilizan en nuestro sitio web y el prop\u00f3sito de cada uno de ellos: <\/p>\n\n<figure class=\"wp-block-table\"><table><tbody><tr><td>Nombre<\/td><td>Titular de la cuenta<\/td><td>Duraci\u00f3n<\/td><\/tr><tr><td>__utm.gif<\/td><td>Google Analytics<\/td><td>Sesi\u00f3n<\/td><\/tr><tr><td>_dc_gtm_UA-#<\/td><td>Google Analytics<\/td><td>1 d\u00eda<\/td><\/tr><tr><td>_gat [x15]<\/td><td>Google Analytics<\/td><td>1 d\u00eda<\/td><\/tr><tr><td>collect<\/td><td>Google Analytics<\/td><td>Sesi\u00f3n<\/td><\/tr><tr><td>UserMatchHistory<\/td><td>LinkedIn<\/td><td>PersistentAdvertising<\/td><\/tr><tr><td>_ga<\/td><td>LinkedIn<\/td><td>PersistentAdvertising<\/td><\/tr><tr><td>_guid<\/td><td>LinkedIn<\/td><td>PersistentAdvertising<\/td><\/tr><tr><td>_lipt<\/td><td>LinkedIn<\/td><td>PersistentAdvertising<\/td><\/tr><tr><td>bcookie<\/td><td>LinkedIn<\/td><td>PersistentAdvertising<\/td><\/tr><tr><td>lang<\/td><td>LinkedIn<\/td><td>PersistentAdvertising<\/td><\/tr><tr><td>li_oatml<\/td><td>LinkedIn<\/td><td>PersistentAdvertising<\/td><\/tr><tr><td>liap<\/td><td>LinkedIn<\/td><td>PersistentAdvertising<\/td><\/tr><tr><td>c_user<\/td><td>Facebook<\/td><td>PersistentAdvertising<\/td><\/tr><tr><td>dtr<\/td><td>Facebook<\/td><td>PersistentAdvertising<\/td><\/tr><tr><td>pl<\/td><td>Facebook<\/td><td>PersistentAdvertising<\/td><\/tr><tr><td>sb<\/td><td>Facebook<\/td><td>PersistentAdvertising<\/td><\/tr><tr><td>XSRF-TOKEN<\/td><td>Facebook<\/td><td>PersistentAdvertising<\/td><\/tr><tr><td>1P_JAR<\/td><td>Google Ads<\/td><td>PersistentAdvertising<\/td><\/tr><tr><td>AID<\/td><td>Google Ads<\/td><td>PersistentAdvertising<\/td><\/tr><tr><td>APISID<\/td><td>Google Ads<\/td><td>PersistentAdvertising<\/td><\/tr><tr><td>ANID<\/td><td>Google Ads<\/td><td>PersistentAdvertising<\/td><\/tr><tr><td>CONSENT<\/td><td>Google Ads<\/td><td>PersistentAdvertising<\/td><\/tr><tr><td>HSID<\/td><td>Google Ads<\/td><td>PersistentAdvertising<\/td><\/tr><tr><td>NID<\/td><td>Google Ads<\/td><td>PersistentAdvertising<\/td><\/tr><tr><td>S<\/td><td>Google Ads<\/td><td>PersistentAdvertising<\/td><\/tr><tr><td>SAPISID<\/td><td>Google Ads<\/td><td>PersistentAdvertising<\/td><\/tr><tr><td>SID<\/td><td>Google Ads<\/td><td>PersistentAdvertising<\/td><\/tr><tr><td>OGPC<\/td><td>Google Ads<\/td><td>PersistentAdvertising<\/td><\/tr><tr><td>SIDCC<\/td><td>Google Ads<\/td><td>PersistentAdvertising<\/td><\/tr><tr><td>SSID<\/td><td>Google Ads<\/td><td>PersistentAdvertising<\/td><\/tr><tr><td>DSIS<\/td><td>Google Ads<\/td><td>PersistentAdvertising<\/td><\/tr><tr><td>IDE<\/td><td>Google Ads<\/td><td>PersistentAdvertising<\/td><\/tr><tr><td>_gads<\/td><td>Google Ads<\/td><td>PersistentAdvertising<\/td><\/tr><tr><td>_ncuid<\/td><td>Google Ads<\/td><td>PersistentAdvertising<\/td><\/tr><tr><td>_sonar<\/td><td>Google Ads<\/td><td>PersistentAdvertising<\/td><\/tr><tr><td>DV<\/td><td>Google Ads<\/td><td>PersistentAdvertising<\/td><\/tr><\/tbody><\/table><\/figure>\n\n<p>\u00bfQu\u00e9 se puede hacer con las cookies?<\/p>\n\n<p>Cuando accedes a nuestro sitio web por primera vez, se muestra una ventana en la que te informamos que las cookies pueden ser de varios tipos:<\/p>\n\n<p>Las cookies t\u00e9cnicas son necesarias para que nuestro sitio web funcione, no requieren tu autorizaci\u00f3n y son las \u00fanicas que tenemos activadas por defecto.<\/p>\n\n<p>El resto de cookies sirven para mejorar nuestra p\u00e1gina, personalizarla seg\u00fan tus preferencias, o para mostrarte publicidad ajustada a tus b\u00fasquedas, gustos e intereses personales. Todos est\u00e1n desactivados por defecto, pero puedes activarlos al presionar el bot\u00f3n ACEPTAR o en nuestra secci\u00f3n de CONFIGURACI\u00d3N DE COOKIES: toma el control y disfruta de una navegaci\u00f3n personalizada en nuestra p\u00e1gina, con un paso tan simple y r\u00e1pido como marcar las casillas de las opciones que desees. <\/p>\n\n<p>Tambi\u00e9n te informamos que, una vez hayas activado cualquier tipo de cookies, tienes la posibilidad de desactivarlas en cualquier momento, simplemente desmarcando la casilla correspondiente en la secci\u00f3n de CONFIGURACI\u00d3N DE COOKIES de nuestro sitio web. Siempre ser\u00e1 igual de sencillo para ti activar nuestras propias cookies como desactivarlas.<\/p>\n\n<p>Recuerda tambi\u00e9n que, a trav\u00e9s de la configuraci\u00f3n de tu navegador, puedes bloquear o recibir alertas sobre la presencia de cookies, aunque dicho bloqueo puede afectar al correcto funcionamiento de las diferentes funcionalidades de nuestro sitio web en el caso de las cookies t\u00e9cnicas necesarias.<\/p>\n\n<p>Finalmente, indicamos que si activas cookies de terceros (empresas externas que proporcionan servicios para nuestro sitio web) y posteriormente deseas desactivarlas, puedes hacerlo de dos maneras: utilizando las herramientas de desactivaci\u00f3n de cookies de tu navegador o a trav\u00e9s de los sistemas habilitados por dichos proveedores externos. Para facilitarte las cosas, aqu\u00ed tienes una serie de enlaces a las gu\u00edas de desactivaci\u00f3n de cookies de los navegadores m\u00e1s com\u00fanmente utilizados:<\/p>\n\n<p>Google Chrome<\/p>\n\n<p>Mozilla Firefox <\/p>\n\n<p>Internet Explorer<\/p>\n\n<p>Safari<\/p>\n\n<p>Safari for iOS (iPhone and iPad)<\/p>\n\n<p>Google Chrome for Android <\/p>\n\n<p>Google Chrome for iPhone and iPad<\/p>\n","protected":false},"excerpt":{"rendered":"<p>Bienvenido a la POL\u00cdTICA DE COOKIES del sitio web de la entidad SHIP &amp; YARD TECHNICAL MANAGEMENT, S.L., con NIF\/CIF B65520553, donde explicaremos de manera clara y sencilla todas las cuestiones necesarias para que puedas tener control sobre ellas en funci\u00f3n de tus decisiones personales. \u00bfQu\u00e9 son las cookies y para qu\u00e9 las utilizamos? Una [&hellip;]<\/p>\n","protected":false},"author":1,"featured_media":0,"parent":0,"menu_order":0,"comment_status":"closed","ping_status":"closed","template":"","meta":{"footnotes":""},"class_list":["post-9136","page","type-page","status-publish","hentry"],"_links":{"self":[{"href":"https:\/\/sym-naval.com\/es\/wp-json\/wp\/v2\/pages\/9136","targetHints":{"allow":["GET"]}}],"collection":[{"href":"https:\/\/sym-naval.com\/es\/wp-json\/wp\/v2\/pages"}],"about":[{"href":"https:\/\/sym-naval.com\/es\/wp-json\/wp\/v2\/types\/page"}],"author":[{"embeddable":true,"href":"https:\/\/sym-naval.com\/es\/wp-json\/wp\/v2\/users\/1"}],"replies":[{"embeddable":true,"href":"https:\/\/sym-naval.com\/es\/wp-json\/wp\/v2\/comments?post=9136"}],"version-history":[{"count":1,"href":"https:\/\/sym-naval.com\/es\/wp-json\/wp\/v2\/pages\/9136\/revisions"}],"predecessor-version":[{"id":15711,"href":"https:\/\/sym-naval.com\/es\/wp-json\/wp\/v2\/pages\/9136\/revisions\/15711"}],"wp:attachment":[{"href":"https:\/\/sym-naval.com\/es\/wp-json\/wp\/v2\/media?parent=9136"}],"curies":[{"name":"wp","href":"https:\/\/api.w.org\/{rel}","templated":true}]}}