{"id":9138,"date":"2024-06-03T07:52:48","date_gmt":"2024-06-03T05:52:48","guid":{"rendered":"https:\/\/test.sym-naval.com\/aviso-legal\/"},"modified":"2025-12-02T10:05:46","modified_gmt":"2025-12-02T09:05:46","slug":"aviso-legal","status":"publish","type":"page","link":"https:\/\/sym-naval.com\/es\/aviso-legal\/","title":{"rendered":"Aviso Legal"},"content":{"rendered":"\n<p><strong>Asesor\u00eda Legal Web<\/strong><\/p>\n\n<p>Esta secci\u00f3n incluye informaci\u00f3n sobre los t\u00e9rminos generales de acceso y uso del sitio web www.sym-naval.com, de los cuales el usuario debe estar informado, conforme a lo establecido por la Ley espa\u00f1ola 34\/2002, de 11 de julio, de Servicios de la Sociedad de la Informaci\u00f3n y Comercio Electr\u00f3nico.<\/p>\n\n<p>1.- Informaci\u00f3n del titular del sitio web www.sym-naval.com<\/p>\n\n<p>Propietario: SHIP &amp; YARD TECHINICAL MANAGEMENT, S.L. (en adelante, SYM)<\/p>\n\n<p>TIN: B65520553<\/p>\n\n<p>Direcci\u00f3n: Paseo Mar\u00edtimo, s\/n &#8211; Muelle comercial &#8211; CP 08800, Vilanova i la Geltr\u00fa<\/p>\n\n<p>Tel\u00e9fono de contacto: (+34) 934 910 450<\/p>\n\n<p>Email: legal@sym-naval.com<\/p>\n\n<p>Inscrito en el Registro Mercantil de Barcelona en el Tomo 4.246, Folio 62, Hoja n\u00famero B-409.147.<\/p>\n\n<p>2.- Condiciones de acceso a www.sym-naval.com<\/p>\n\n<p>El acceso a este sitio web es responsabilidad exclusiva de los usuarios, y se presume que est\u00e1n al tanto y aceptan las advertencias legales, condiciones y t\u00e9rminos de uso que dicho sitio web contiene.<\/p>\n\n<p>El acceso a los servicios ofrecidos a trav\u00e9s del sitio web www.sym-naval.com es gratuito y generalmente no requiere que los usuarios se registren o se suscriban previamente.<\/p>\n\n<p>Si el usuario no est\u00e1 de acuerdo con el contenido de estos t\u00e9rminos generales de navegaci\u00f3n, debe abandonar el sitio web y no podr\u00e1 acceder ni utilizar los servicios ofrecidos. <\/p>\n\n<p>El usuario garantiza que tiene m\u00e1s de 14 a\u00f1os de edad. Tambi\u00e9n garantizan la veracidad y autenticidad de cualquier informaci\u00f3n que se comunique, y se comprometen adem\u00e1s a mantener esta informaci\u00f3n actualizada.<\/p>\n\n<p>En cualquier momento que SYM considere apropiado, puede modificar la configuraci\u00f3n de este sitio web, los t\u00e9rminos de servicio y su contenido, adem\u00e1s de eliminar, limitar y suspender temporal o permanentemente su acceso, siempre procurando informar al usuario de estos cambios mediante una publicaci\u00f3n en el sitio web, cuando las circunstancias lo permitan. <\/p>\n\n<p>3.- Condiciones de uso para www.sym-naval.com<\/p>\n\n<p>El usuario se compromete a hacer uso adecuado de los servicios y\/o contenidos del sitio web, y a no utilizarlos para actividades il\u00edcitas o acciones criminales posibles y\/o que infrinjan las disposiciones de este Aviso Legal, la normativa sobre propiedad intelectual o industrial, o cualquier otra disposici\u00f3n legal. El uso de la informaci\u00f3n contenida en este sitio web es responsabilidad exclusiva del usuario. <\/p>\n\n<p>El usuario garantiza la autenticidad y veracidad de todos los datos comunicados a SYM a trav\u00e9s de los diferentes formularios en l\u00ednea, y es responsable de la inexactitud o falta de veracidad de la informaci\u00f3n proporcionada.<\/p>\n\n<p>Asimismo, el usuario se compromete a no introducir, transmitir o difundir lo siguiente, lo cual incluye, pero no se limita a:<\/p>\n\n<p>Contenido de naturaleza racista, xen\u00f3foba o pornogr\u00e1fica, en defensa del terrorismo o que viole los derechos humanos.<\/p>\n\n<p>Contenido que promueve acciones que son criminales, denigrantes, difamatorias, violentas o, en general, contrarias a la ley, la moral, las buenas costumbres y el orden p\u00fablico. <\/p>\n\n<p>Informaci\u00f3n o contenido que viola los derechos fundamentales y las libertades p\u00fablicas reconocidos tanto constitucionalmente como en tratados internacionales. <\/p>\n\n<p>Informaci\u00f3n o contenido que constituya una infracci\u00f3n de los derechos de propiedad intelectual o industrial (incluyendo, pero no limitado a, patentes, marcas comerciales y derechos de autor) de SYM o de terceros. <\/p>\n\n<p>Publicidad no autorizada o no solicitada, spam, correos electr\u00f3nicos en cadena, esquemas piramidales, etc. <\/p>\n\n<p>Programas de datos (virus y malware) que puedan causar da\u00f1os a los sistemas inform\u00e1ticos del proveedor de servicios, sus proveedores o usuarios de Internet de terceros.<\/p>\n\n<p>4.- Exenci\u00f3n de Responsabilidad<\/p>\n\n<p>SYM no puede controlar la forma en que los usuarios utilizan el sitio web www.sym-naval.com y sus contenidos, y por esta raz\u00f3n no se hace responsable de los da\u00f1os de cualquier tipo que puedan surgir de un uso ilegal, incorrecto, inadecuado o parcial, o del incumplimiento por parte del usuario de estos t\u00e9rminos de acceso y uso, as\u00ed como de cualquier otro t\u00e9rmino que pueda encontrarse en este sitio web con respecto a cualquiera de sus servicios, sin perjuicio, en cualquier caso, de las acciones legales a las que SYM o terceros puedan tener derecho.<\/p>\n\n<p>SYM no puede garantizar la disponibilidad permanente y la continuidad del funcionamiento del sitio web, ni de la informaci\u00f3n, contenidos, software, materiales o productos que incluye.<\/p>\n\n<p>Por lo tanto, no se hace responsable de los da\u00f1os de cualquier tipo que puedan surgir de la falta de disponibilidad o continuidad del funcionamiento del sitio web, de sus servicios o del uso que los usuarios hagan del sitio web.<\/p>\n\n<p>En cualquier caso, SYM har\u00e1 todo lo posible por mantener la disponibilidad continua de este sitio web.<\/p>\n\n<p>Asimismo, SYM no se hace responsable de posibles errores o deficiencias de seguridad que puedan surgir del uso por parte del usuario de un navegador desactualizado o inseguro, ni de la activaci\u00f3n de dispositivos para almacenar claves o c\u00f3digos de identificaci\u00f3n pertenecientes al usuario registrado en el navegador, ni de los da\u00f1os, errores o inexactitudes que puedan derivarse de un uso indebido o de fallos de funcionamiento.<\/p>\n\n<p>Por esta raz\u00f3n, el usuario exonera a SYM de cualquier responsabilidad en relaci\u00f3n con la fiabilidad, utilidad o expectativas falsas que el sitio web pueda causar durante la navegaci\u00f3n.<\/p>\n\n<p>En caso de que el usuario cause alg\u00fan tipo de da\u00f1o o lesi\u00f3n a terceros, ser\u00e1 el \u00fanico responsable. El usuario tambi\u00e9n ser\u00e1 responsable de los gastos, costos y, en su caso, compensaciones que puedan surgir de cualquier procedimiento legal por el incumplimiento de las disposiciones de estos t\u00e9rminos y las normativas aplicables.<\/p>\n\n<p>5.- Propiedad Intelectual e Industrial<\/p>\n\n<p>Todos los contenidos de este sitio web (incluyendo, pero no limit\u00e1ndose a, bases de datos, im\u00e1genes, dibujos, gr\u00e1ficos, archivos de texto, mapas, marcos, banners, software y sus diversos c\u00f3digos fuente, audio y video), as\u00ed como el propio sitio web en su presentaci\u00f3n visual, son propiedad de SYM o de sus proveedores de contenido, quienes han sido licenciados o cedidos por ellos, y est\u00e1n protegidos por las regulaciones nacionales e internacionales sobre propiedad intelectual e industrial. La compilaci\u00f3n (entendida como la recopilaci\u00f3n, disposici\u00f3n y montaje) de todo el contenido del sitio web es propiedad exclusiva de SYM.<\/p>\n\n<p>Todo el software utilizado en el uso y desarrollo del sitio web es propiedad de SYM o de sus proveedores de software, y est\u00e1 protegido por las leyes nacionales e internacionales de propiedad industrial e intelectual.<\/p>\n\n<p>A todos los usuarios se les proh\u00edbe realizar los siguientes actos, tanto respecto al sitio web como a su contenido, sin haber recibido previamente autorizaci\u00f3n escrita por parte de SYM o de los titulares de los derechos de propiedad intelectual sobre el contenido, que incluyen, entre otros:<\/p>\n\n<p>a. Cualquier forma de comunicaci\u00f3n p\u00fablica, por cualquier medio, incluyendo ponerlo a disposici\u00f3n del p\u00fablico para que cualquier persona pueda acceder desde el lugar y en el momento que elijan.<br\/>b. Cualquier forma de distribuci\u00f3n, incluyendo pero no limit\u00e1ndose a la venta, alquiler o pr\u00e9stamo.<br\/>Cualquier forma de reproducci\u00f3n directa o indirecta, temporal o permanente, por cualquier medio y en cualquier forma, de parte o de todo el sitio web o de su contenido. d. Cualquier forma de transformaci\u00f3n total o parcial, incluyendo la creaci\u00f3n de productos y servicios derivados.<br\/>e. Cualquier otro m\u00e9todo de acceso que incluya los m\u00e9todos mencionados anteriormente o m\u00e9todos diferentes.<br\/>f. Cualquier forma directa o indirecta de extracci\u00f3n y reutilizaci\u00f3n de todo o una parte sustancial del contenido de cualquier base de datos, as\u00ed como la extracci\u00f3n o reutilizaci\u00f3n repetida o sistem\u00e1tica de sus partes no sustanciales.<\/p>\n\n<p>No obstante lo anterior, el usuario puede ver libremente el sitio web y su contenido, y descargarlos para uso personal y no comercial, sin poder extenderlos a terceros o entidades, ya sea de forma gratuita o de pago.<\/p>\n\n<p>Por consiguiente, en ning\u00fan caso la disponibilidad y el uso de las bases de datos, im\u00e1genes, dibujos, gr\u00e1ficos, textos, archivos de audio y video, y software propiedad de SYM o de sus proveedores que se encuentren en su sitio web, as\u00ed como cualquier otro contenido, implican la transferencia de propiedad o la concesi\u00f3n de un derecho de uso a favor del usuario.<\/p>\n\n<p>Las marcas comerciales, se\u00f1al\u00e9tica, signos distintivos o logotipos que aparecen en el sitio web son propiedad de SYM, o han sido licenciados o cedidos por el propietario y est\u00e1n debidamente registrados o en proceso de registro. El uso no autorizado o indebido de estos elementos constituye una infracci\u00f3n de los derechos de propiedad industrial de SYM u otros propietarios de terceros.<\/p>\n\n<p>6.- Procedimiento en caso de acciones ilegales<\/p>\n\n<p>SYM garantiza que los contenidos de este sitio web no tienen naturaleza pornogr\u00e1fica, xen\u00f3foba, discriminatoria, racista o difamatoria, ni fomentan la violencia. Asimismo, SYM intenta evitar cualquier circunstancia que pueda ser perjudicial para los usuarios.<\/p>\n\n<p>En caso de que alg\u00fan usuario o tercero considere que existen hechos o circunstancias que revelan la ilegalidad del uso de cualquier contenido, o de cualquier actividad realizada en las p\u00e1ginas web incluidas o accesibles a trav\u00e9s de este sitio web, y en particular que violen derechos de propiedad industrial o intelectual, u otros derechos, debe enviar una notificaci\u00f3n a SYM que contenga la siguiente informaci\u00f3n:<\/p>\n\n<p>Informaci\u00f3n personal de la persona que presenta la reclamaci\u00f3n: nombre, direcci\u00f3n, n\u00famero de tel\u00e9fono y direcci\u00f3n de correo electr\u00f3nico.<br\/>Especificaci\u00f3n de la actividad il\u00edcita alegada e indicaci\u00f3n precisa y concreta de los contenidos protegidos, as\u00ed como su ubicaci\u00f3n exacta en las p\u00e1ginas web.<br\/>En caso de existir una violaci\u00f3n de derechos: informaci\u00f3n personal del titular de los derechos supuestamente infringidos, o de la persona autorizada para representarlos, as\u00ed como su firma.<br\/>Una declaraci\u00f3n expresa y clara, por la cual el reclamante es responsable, de que la informaci\u00f3n proporcionada en la notificaci\u00f3n es precisa y que el uso de los contenidos o las actividades descritas son de naturaleza il\u00edcita.<\/p>\n\n<p>7.- Enlaces a www.sym-naval.com<\/p>\n\n<p>Se proh\u00edbe estrictamente al usuario realizar alteraciones en este sitio web que puedan afectar sus contenidos, como enlaces y similares.<\/p>\n\n<p>Tambi\u00e9n est\u00e1 prohibido establecer enlaces a este sitio web desde sitios web u otros medios que sean contrarios a la ley, la moral, el orden p\u00fablico, o que amenacen el buen nombre o la imagen de SYM y cualquiera de sus signos distintivos.<\/p>\n\n<p>Los enlaces a cualquiera de las p\u00e1ginas de este sitio web que no infrinjan las prohibiciones mencionadas deben cumplir con lo siguiente:<\/p>\n\n<p>El usuario debe ser consciente de que est\u00e1 accediendo a este sitio web y, adem\u00e1s, la URL correspondiente a la p\u00e1gina vinculada debe aparecer en su navegador.<\/p>\n\n<p>8.- Protecci\u00f3n de Datos Personales y Privacidad<\/p>\n\n<p>SYM mantiene una pol\u00edtica de confidencialidad para los datos proporcionados por sus usuarios y se compromete a protegerlos. Esta protecci\u00f3n se extiende a todo lo que se refiere a la recopilaci\u00f3n y uso de la informaci\u00f3n proporcionada a trav\u00e9s de internet.<\/p>\n\n<p>En este sentido, SYM garantiza, en los t\u00e9rminos establecidos en el Reglamento General de Protecci\u00f3n de Datos (en adelante, GDPR), que utilizar\u00e1 de manera confidencial los datos personales de los usuarios, y que ha adoptado las medidas de seguridad t\u00e9cnicas y organizativas adecuadas en sus instalaciones y sistemas. <\/p>\n\n<p>SYM puede divulgar datos personales y cualquier otra informaci\u00f3n registrada en sus archivos a trav\u00e9s de sus sistemas inform\u00e1ticos a las autoridades p\u00fablicas competentes cuando as\u00ed se le solicite de acuerdo con las disposiciones legales y regulatorias aplicables.<\/p>\n\n<p>En cumplimiento de lo establecido en el Art\u00edculo 13 del GDPR, siempre que se solicite a un usuario del sitio web datos personales que ser\u00e1n procesados, al menos se le informar\u00e1 debidamente sobre la identidad del responsable del tratamiento de datos (SYM), el prop\u00f3sito para el cual se obtienen los datos, la base legal, el derecho de supresi\u00f3n y los derechos que tienen los interesados sobre sus datos, as\u00ed como cualquier otro requisito de la legislaci\u00f3n vigente.<\/p>\n\n<p>SYM utilizar\u00e1 los datos del usuario con el prop\u00f3sito para el cual sean requeridos y solo enviar\u00e1 informaci\u00f3n sobre sus productos cuando esto haya sido expresamente autorizado.<\/p>\n\n<p>El interesado puede ejercer sus derechos de acceso, rectificaci\u00f3n, supresi\u00f3n, portabilidad, limitaci\u00f3n y oposici\u00f3n enviando un correo electr\u00f3nico a la direcci\u00f3n legal@sym-naval.com, o por correo postal a Paseo Mar\u00edtimo S\/N, Muelle Comercial, 08800 Vilanova I la Geltr\u00fa (Barcelona), indicando \u00abDerechos GDPR\u00bb como referencia. Si sus derechos no son atendidos, puede recurrir a la AEPD (Agencia Espa\u00f1ola de Protecci\u00f3n de Datos).<\/p>\n\n<p>9.- Legislaci\u00f3n y Jurisdicci\u00f3n<\/p>\n\n<p>Los t\u00e9rminos generales de este Aviso Legal y cualquier otro texto de naturaleza contractual relacionado con este sitio web est\u00e1n regulados por la legislaci\u00f3n espa\u00f1ola.<\/p>\n\n<p>Para cualquier disputa derivada del acceso y uso de este sitio web y sus contenidos y servicios, as\u00ed como la interpretaci\u00f3n y cumplimiento de estos t\u00e9rminos generales y cualquier otro texto de naturaleza contractual relacionado con este sitio web, las partes renuncian expresamente a cualquier otra jurisdicci\u00f3n a la que puedan tener derecho y se someten expresamente a los juzgados y tribunales de la ciudad de Vilanova I la Geltr\u00fa (Barcelona).<\/p>\n","protected":false},"excerpt":{"rendered":"<p>Asesor\u00eda Legal Web Esta secci\u00f3n incluye informaci\u00f3n sobre los t\u00e9rminos generales de acceso y uso del sitio web www.sym-naval.com, de los cuales el usuario debe estar informado, conforme a lo establecido por la Ley espa\u00f1ola 34\/2002, de 11 de julio, de Servicios de la Sociedad de la Informaci\u00f3n y Comercio Electr\u00f3nico. 1.- Informaci\u00f3n del titular [&hellip;]<\/p>\n","protected":false},"author":1,"featured_media":0,"parent":0,"menu_order":0,"comment_status":"closed","ping_status":"closed","template":"","meta":{"footnotes":""},"class_list":["post-9138","page","type-page","status-publish","hentry"],"_links":{"self":[{"href":"https:\/\/sym-naval.com\/es\/wp-json\/wp\/v2\/pages\/9138","targetHints":{"allow":["GET"]}}],"collection":[{"href":"https:\/\/sym-naval.com\/es\/wp-json\/wp\/v2\/pages"}],"about":[{"href":"https:\/\/sym-naval.com\/es\/wp-json\/wp\/v2\/types\/page"}],"author":[{"embeddable":true,"href":"https:\/\/sym-naval.com\/es\/wp-json\/wp\/v2\/users\/1"}],"replies":[{"embeddable":true,"href":"https:\/\/sym-naval.com\/es\/wp-json\/wp\/v2\/comments?post=9138"}],"version-history":[{"count":2,"href":"https:\/\/sym-naval.com\/es\/wp-json\/wp\/v2\/pages\/9138\/revisions"}],"predecessor-version":[{"id":17190,"href":"https:\/\/sym-naval.com\/es\/wp-json\/wp\/v2\/pages\/9138\/revisions\/17190"}],"wp:attachment":[{"href":"https:\/\/sym-naval.com\/es\/wp-json\/wp\/v2\/media?parent=9138"}],"curies":[{"name":"wp","href":"https:\/\/api.w.org\/{rel}","templated":true}]}}