{"id":9144,"date":"2025-11-26T15:51:44","date_gmt":"2025-11-26T14:51:44","guid":{"rendered":"https:\/\/test.sym-naval.com\/politica-de-privacidad-2\/"},"modified":"2025-12-20T16:47:56","modified_gmt":"2025-12-20T15:47:56","slug":"politica-de-privacidad","status":"publish","type":"page","link":"https:\/\/sym-naval.com\/es\/politica-de-privacidad\/","title":{"rendered":"Pol\u00edtica de Privacidad"},"content":{"rendered":"\n<p>De acuerdo con el Art\u00edculo 13 del RGPD, le informamos que los datos personales que usted proporcione en el formulario ser\u00e1n procesados para gestionar su solicitud o consulta en el sentido m\u00e1s amplio.<\/p>\n\n<p>Los datos personales a procesar ser\u00e1n aquellos incluidos en la categor\u00eda de datos identificativos, como nombre, n\u00famero de contacto, correo electr\u00f3nico, etc.<\/p>\n\n<p>La base legal para este tratamiento es la correcta ejecuci\u00f3n de su solicitud o consulta. Los datos personales se conservar\u00e1n hasta que hayamos concluido la gesti\u00f3n de su solicitud, a menos que usted consienta en recibir informaci\u00f3n comercial al aceptar expresamente la Pol\u00edtica de Publicidad.<\/p>\n\n<p>La persona titular de los datos puede ejercer sus derechos de acceso, rectificaci\u00f3n, cancelaci\u00f3n, portabilidad, limitaci\u00f3n y oposici\u00f3n comunic\u00e1ndose a legal@sym-naval.com, o escribiendo a Paseo Mar\u00edtimo S\/N, Muelle Comercial, 08800 Vilanova i La Geltr\u00fa (Barcelona), haciendo referencia a \u00abDerechos GDPR\u00bb. Si sus derechos no son atendidos, puede recurrir a la AEPD (Agencia Espa\u00f1ola de Protecci\u00f3n de Datos).<\/p>\n","protected":false},"excerpt":{"rendered":"<p>De acuerdo con el Art\u00edculo 13 del RGPD, le informamos que los datos personales que usted proporcione en el formulario ser\u00e1n procesados para gestionar su solicitud o consulta en el sentido m\u00e1s amplio. Los datos personales a procesar ser\u00e1n aquellos incluidos en la categor\u00eda de datos identificativos, como nombre, n\u00famero de contacto, correo electr\u00f3nico, etc. [&hellip;]<\/p>\n","protected":false},"author":1,"featured_media":0,"parent":0,"menu_order":0,"comment_status":"closed","ping_status":"open","template":"","meta":{"footnotes":""},"class_list":["post-9144","page","type-page","status-publish","hentry"],"_links":{"self":[{"href":"https:\/\/sym-naval.com\/es\/wp-json\/wp\/v2\/pages\/9144","targetHints":{"allow":["GET"]}}],"collection":[{"href":"https:\/\/sym-naval.com\/es\/wp-json\/wp\/v2\/pages"}],"about":[{"href":"https:\/\/sym-naval.com\/es\/wp-json\/wp\/v2\/types\/page"}],"author":[{"embeddable":true,"href":"https:\/\/sym-naval.com\/es\/wp-json\/wp\/v2\/users\/1"}],"replies":[{"embeddable":true,"href":"https:\/\/sym-naval.com\/es\/wp-json\/wp\/v2\/comments?post=9144"}],"version-history":[{"count":1,"href":"https:\/\/sym-naval.com\/es\/wp-json\/wp\/v2\/pages\/9144\/revisions"}],"predecessor-version":[{"id":15712,"href":"https:\/\/sym-naval.com\/es\/wp-json\/wp\/v2\/pages\/9144\/revisions\/15712"}],"wp:attachment":[{"href":"https:\/\/sym-naval.com\/es\/wp-json\/wp\/v2\/media?parent=9144"}],"curies":[{"name":"wp","href":"https:\/\/api.w.org\/{rel}","templated":true}]}}